{"id":6824,"date":"2023-04-28T19:48:00","date_gmt":"2023-04-28T19:48:00","guid":{"rendered":"https:\/\/analisis.dtic.myscriptcase.com.cl\/?page_id=6824"},"modified":"2024-11-08T15:15:40","modified_gmt":"2024-11-08T15:15:40","slug":"dr-teodoro-luque-la-capacidad-de-gestion-la-promovemos-con-formacion-y-evidencia-para-la-toma-de-decisiones","status":"publish","type":"page","link":"https:\/\/analisis.dtic.myscriptcase.com\/?page_id=6824","title":{"rendered":"Dr. Teodoro Luque: \u201cLa capacidad de gesti\u00f3n la promovemos con formaci\u00f3n y evidencia para la toma de decisiones\u201d"},"content":{"rendered":"\t\t<div data-elementor-type=\"wp-page\" data-elementor-id=\"6824\" class=\"elementor elementor-6824\">\n\t\t\t\t\t\t\t\t\t<section class=\"elementor-section elementor-top-section elementor-element elementor-element-03145fa elementor-section-boxed elementor-section-height-default elementor-section-height-default\" data-id=\"03145fa\" data-element_type=\"section\">\n\t\t\t\t\t\t<div class=\"elementor-container elementor-column-gap-default\">\n\t\t\t\t\t<div class=\"elementor-column elementor-col-66 elementor-top-column elementor-element elementor-element-a2941d8\" data-id=\"a2941d8\" data-element_type=\"column\">\n\t\t\t<div class=\"elementor-widget-wrap elementor-element-populated\">\n\t\t\t\t\t\t\t\t<div class=\"elementor-element elementor-element-6fba179 elementor-widget elementor-widget-spacer\" data-id=\"6fba179\" data-element_type=\"widget\" data-widget_type=\"spacer.default\">\n\t\t\t\t<div class=\"elementor-widget-container\">\n\t\t\t<style>\/*! elementor - v3.6.7 - 03-07-2022 *\/\n.e-container.e-container--row .elementor-spacer-inner{width:var(--spacer-size)}.e-container.e-container--column .elementor-spacer-inner,.elementor-column .elementor-spacer-inner{height:var(--spacer-size)}<\/style>\t\t<div class=\"elementor-spacer\">\n\t\t\t<div class=\"elementor-spacer-inner\"><\/div>\n\t\t<\/div>\n\t\t\t\t<\/div>\n\t\t\t\t<\/div>\n\t\t\t\t<div class=\"elementor-element elementor-element-5782733 elementor-widget elementor-widget-heading\" data-id=\"5782733\" data-element_type=\"widget\" data-widget_type=\"heading.default\">\n\t\t\t\t<div class=\"elementor-widget-container\">\n\t\t\t<style>\/*! elementor - v3.6.7 - 03-07-2022 *\/\n.elementor-heading-title{padding:0;margin:0;line-height:1}.elementor-widget-heading .elementor-heading-title[class*=elementor-size-]>a{color:inherit;font-size:inherit;line-height:inherit}.elementor-widget-heading .elementor-heading-title.elementor-size-small{font-size:15px}.elementor-widget-heading .elementor-heading-title.elementor-size-medium{font-size:19px}.elementor-widget-heading .elementor-heading-title.elementor-size-large{font-size:29px}.elementor-widget-heading .elementor-heading-title.elementor-size-xl{font-size:39px}.elementor-widget-heading .elementor-heading-title.elementor-size-xxl{font-size:59px}<\/style><h2 class=\"elementor-heading-title elementor-size-default\">Dr. Teodoro Luque: \u201cLa capacidad de gesti\u00f3n la promovemos con formaci\u00f3n y evidencia para la toma de decisiones\u201d <\/h2>\t\t<\/div>\n\t\t\t\t<\/div>\n\t\t\t\t<div class=\"elementor-element elementor-element-3c26440 elementor-widget elementor-widget-image\" data-id=\"3c26440\" data-element_type=\"widget\" data-widget_type=\"image.default\">\n\t\t\t\t<div class=\"elementor-widget-container\">\n\t\t\t<style>\/*! elementor - v3.6.7 - 03-07-2022 *\/\n.elementor-widget-image{text-align:center}.elementor-widget-image a{display:inline-block}.elementor-widget-image a img[src$=\".svg\"]{width:48px}.elementor-widget-image img{vertical-align:middle;display:inline-block}<\/style>\t\t\t\t\t\t\t\t\t<figure class=\"wp-caption\">\n\t\t\t\t\t\t\t\t\t\t<img loading=\"lazy\" decoding=\"async\" width=\"800\" height=\"589\" src=\"https:\/\/analisis.dtic.myscriptcase.com\/wp-content\/uploads\/2022\/09\/Clase-Magistral-20-04-5-scaled-1-1024x754.jpg\" class=\"attachment-large size-large\" alt=\"\" srcset=\"https:\/\/analisis.dtic.myscriptcase.com\/wp-content\/uploads\/2022\/09\/Clase-Magistral-20-04-5-scaled-1-1024x754.jpg 1024w, https:\/\/analisis.dtic.myscriptcase.com\/wp-content\/uploads\/2022\/09\/Clase-Magistral-20-04-5-scaled-1-300x221.jpg 300w, https:\/\/analisis.dtic.myscriptcase.com\/wp-content\/uploads\/2022\/09\/Clase-Magistral-20-04-5-scaled-1-768x566.jpg 768w, https:\/\/analisis.dtic.myscriptcase.com\/wp-content\/uploads\/2022\/09\/Clase-Magistral-20-04-5-scaled-1-1536x1132.jpg 1536w, https:\/\/analisis.dtic.myscriptcase.com\/wp-content\/uploads\/2022\/09\/Clase-Magistral-20-04-5-scaled-1-2048x1509.jpg 2048w\" sizes=\"auto, (max-width: 800px) 100vw, 800px\" \/>\t\t\t\t\t\t\t\t\t\t\t<figcaption class=\"widget-image-caption wp-caption-text\">El profesor catedr\u00e1tico y ex Vicerrector de Relaciones con la Empresa y Plan Estrat\u00e9gico de la U. de Granada dict\u00f3 una clase magistral en la que recalc\u00f3 la importancia de trabajar con datos para fortalecer la gesti\u00f3n universitaria.<\/figcaption>\n\t\t\t\t\t\t\t\t\t\t<\/figure>\n\t\t\t\t\t\t\t\t\t<\/div>\n\t\t\t\t<\/div>\n\t\t\t\t<div class=\"elementor-element elementor-element-d0fd917 elementor-widget elementor-widget-text-editor\" data-id=\"d0fd917\" data-element_type=\"widget\" data-widget_type=\"text-editor.default\">\n\t\t\t\t<div class=\"elementor-widget-container\">\n\t\t\t<style>\/*! elementor - v3.6.7 - 03-07-2022 *\/\n.elementor-widget-text-editor.elementor-drop-cap-view-stacked .elementor-drop-cap{background-color:#818a91;color:#fff}.elementor-widget-text-editor.elementor-drop-cap-view-framed .elementor-drop-cap{color:#818a91;border:3px solid;background-color:transparent}.elementor-widget-text-editor:not(.elementor-drop-cap-view-default) .elementor-drop-cap{margin-top:8px}.elementor-widget-text-editor:not(.elementor-drop-cap-view-default) .elementor-drop-cap-letter{width:1em;height:1em}.elementor-widget-text-editor .elementor-drop-cap{float:left;text-align:center;line-height:1;font-size:50px}.elementor-widget-text-editor .elementor-drop-cap-letter{display:inline-block}<\/style>\t\t\t\t<p>Invitado por la Direcci\u00f3n de Desarrollo Estrat\u00e9gico de la Universidad Austral de Chile, en el marco del dise\u00f1o del nuevo Plan Estrat\u00e9gico Institucional, el pasado 20 de abril el ex Vicerrector de Relaciones con la Empresa y Plan Estrat\u00e9gico de la U. de Granada, Dr. Teodoro Luque, dict\u00f3 la clase magistral \u201cPlanificaci\u00f3n estrat\u00e9gica basada en evidencia: Proyectando la universidad hacia el futuro\u201d. La actividad se desarroll\u00f3 en la Sala Deloitte de FACEA con convocatoria abierta a la comunidad universitaria.<\/p><p>Con amplia experiencia en gesti\u00f3n universitaria como directivo e investigador, present\u00f3 los principales elementos te\u00f3rico-pr\u00e1cticos y de discusi\u00f3n sobre la direcci\u00f3n y planificaci\u00f3n estrat\u00e9gica en instituciones de educaci\u00f3n superior, y su experiencia liderando estos procesos en la U. de Granada y en la iniciativa Campus de Excelencia Internacional \u2013 CEI BioTic Granada.<\/p><p>Para el catedr\u00e1tico espa\u00f1ol, la cultura de evidencia basada en datos es un elemento central en la gesti\u00f3n estrat\u00e9gica. \u201cUno tiene percepciones, recuerdos. Nuestra memoria es selectiva y nuestra percepci\u00f3n parcial, porque no conocemos perfectamente todo y tenemos sensibilidades distintas. Entonces debemos objetivar eso y es ah\u00ed donde los sistemas y fuentes de informaci\u00f3n son fundamentales, una ayuda inestimable para la toma de decisiones y la gesti\u00f3n universitaria. Adem\u00e1s, son necesarios para operativizar aquellos conceptos te\u00f3ricos de los que podemos hablar mucho, como es el caso de \u2018calidad\u2019. Para que todos entendamos lo mismo, debemos aterrizarla con indicadores que mejor la definan\u201d.<\/p><p>Otro aspecto relevante apunta al fortalecimiento de la capacidad organizativa y de adaptaci\u00f3n, se\u00f1al\u00f3 el Dr. Luque, quien hoy dirige el grupo de investigaci\u00f3n ADEMAR: Administraci\u00f3n de Empresas y Marketing de la U. de Granada.<\/p><p>\u201cUna de las misiones de las universidades es transformar la sociedad y liderar esos cambios, lo que siempre se desarrolla en un contexto, con ciertos recursos y restricciones, entonces no podemos perder de vista la capacidad de adaptaci\u00f3n. Hay un binomio entre transformaci\u00f3n y adaptaci\u00f3n interesante y complejo. \u00bfC\u00f3mo podemos promoverla? Con formaci\u00f3n en gesti\u00f3n, de lo cual en general adolecen las universidades. Ponemos mucha atenci\u00f3n en la captaci\u00f3n de estudiantes, profesorado e investigadores talentosos, pero no en la capacidad de talento para la gesti\u00f3n. Me refiero a personas formadas con visi\u00f3n estrat\u00e9gica y con conocimiento de los procesos internos. Para m\u00ed la capacidad de gesti\u00f3n es la primera, porque fortalece la capacidad organizativa para definir bien la misi\u00f3n y la visi\u00f3n, as\u00ed como la colaboraci\u00f3n entre los distintos estamentos y con los actores externos\u201d, explic\u00f3.<\/p><p><strong>Proyecto AUS20101<\/strong><\/p><p>La jornada fue financiada por el proyecto AUS20101 \u201cHacia una cultura del aseguramiento de la calidad basada en la evidencia\u201d, ejecutado por la Direcci\u00f3n de Desarrollo Estrat\u00e9gico (DDE) de la UACh y que apunta a lo planteado por el Dr. Luque.<\/p><p>\u201cEl fortalecimiento de la Unidad de An\u00e1lisis Institucional es un factor clave y hemos dado pasos importantes en esa direcci\u00f3n. Por un lado, estamos avanzando en la implementaci\u00f3n de un sistema de informaci\u00f3n y datos centralizado, con los principales indicadores de resultados del quehacer universitario para la toma de decisiones basada en evidencia. Por otro, el fortalecimiento de la capacidad de gesti\u00f3n con el dise\u00f1o de un programa formativo para actores claves en el \u00e1mbito estrat\u00e9gico. A fines de marzo dimos el inicio a la segunda versi\u00f3n del programa y esperamos mantenerlo en el tiempo\u201d, manifest\u00f3 el Director de Desarrollo Estrat\u00e9gico, Dr. Guy Boisier.<\/p><p><strong>Plan Estrat\u00e9gico Institucional<\/strong><\/p><p>Respecto al dise\u00f1o del nuevo Plan Estrat\u00e9gico Institucional que comenzar\u00e1 a ejecutarse en 2024, el Prorrector de la UACh, Dr. Juan Andr\u00e9s Varas, se\u00f1al\u00f3 que \u201cdesde el punto de vista cronol\u00f3gico pensamos que lo cortoplacista tiende a oponerse a lo estrat\u00e9gico. Puede devenir en una especie de lista de supermercado y ser un terreno f\u00e9rtil para el trabajo individual y no colectivo, como debiera promoverlo un plan estrat\u00e9gico. Nos parece que eso genera un efecto nocivo que es la falta de compromiso y afecci\u00f3n con el conjunto del desarrollo estrat\u00e9gico de la instituci\u00f3n. Estamos proponiendo dise\u00f1ar un plan de m\u00e1s largo plazo, basado en datos duros, comprobables, con el cual podamos sentirnos igualmente identificados y comprometidos a la acci\u00f3n\u201d.<br \/>Fuente: <a href=\"https:\/\/diario.uach.cl\/dr-teodoro-luque-la-capacidad-de-gestion-la-promovemos-con-formacion-y-evidencia-para-la-toma-de-decisiones\/\">https:\/\/diario.uach.cl\/dr-teodoro-luque-la-capacidad-de-gestion-la-promovemos-con-formacion-y-evidencia-para-la-toma-de-decisiones\/<\/a><\/p>\t\t\t\t\t\t<\/div>\n\t\t\t\t<\/div>\n\t\t\t\t\t<\/div>\n\t\t<\/div>\n\t\t\t\t<div class=\"elementor-column elementor-col-33 elementor-top-column elementor-element elementor-element-1b3cf7e\" data-id=\"1b3cf7e\" data-element_type=\"column\">\n\t\t\t<div class=\"elementor-widget-wrap elementor-element-populated\">\n\t\t\t\t\t\t\t\t<div class=\"elementor-element elementor-element-43fd851 elementor-widget elementor-widget-heading\" data-id=\"43fd851\" data-element_type=\"widget\" data-widget_type=\"heading.default\">\n\t\t\t\t<div class=\"elementor-widget-container\">\n\t\t\t<h2 class=\"elementor-heading-title elementor-size-default\">Noticias<\/h2>\t\t<\/div>\n\t\t\t\t<\/div>\n\t\t\t\t<div class=\"elementor-element elementor-element-197db64 elementor-grid-1 elementor-posts--thumbnail-none elementor-grid-tablet-2 elementor-grid-mobile-1 elementor-widget elementor-widget-posts\" data-id=\"197db64\" data-element_type=\"widget\" data-settings=\"{&quot;classic_columns&quot;:&quot;1&quot;,&quot;classic_columns_tablet&quot;:&quot;2&quot;,&quot;classic_columns_mobile&quot;:&quot;1&quot;,&quot;classic_row_gap&quot;:{&quot;unit&quot;:&quot;px&quot;,&quot;size&quot;:35,&quot;sizes&quot;:[]},&quot;classic_row_gap_tablet&quot;:{&quot;unit&quot;:&quot;px&quot;,&quot;size&quot;:&quot;&quot;,&quot;sizes&quot;:[]},&quot;classic_row_gap_mobile&quot;:{&quot;unit&quot;:&quot;px&quot;,&quot;size&quot;:&quot;&quot;,&quot;sizes&quot;:[]}}\" data-widget_type=\"posts.classic\">\n\t\t\t\t<div class=\"elementor-widget-container\">\n\t\t\t<link rel=\"stylesheet\" href=\"https:\/\/analisis.dtic.myscriptcase.com\/wp-content\/plugins\/elementor-pro\/assets\/css\/widget-posts.min.css\">\t\t<div class=\"elementor-posts-container elementor-posts elementor-posts--skin-classic elementor-grid\">\n\t\t\t\t<article class=\"elementor-post elementor-grid-item post-7111 page type-page status-publish hentry\">\n\t\t\t\t<div class=\"elementor-post__text\">\n\t\t\t\t<h3 class=\"elementor-post__title\">\n\t\t\t<a href=\"https:\/\/analisis.dtic.myscriptcase.com\/?page_id=7111\" >\n\t\t\t\tPlan Estrat\u00e9gico UACh: Un compromiso colectivo\t\t\t<\/a>\n\t\t<\/h3>\n\t\t\t\t<div class=\"elementor-post__meta-data\">\n\t\t\t\t\t<span class=\"elementor-post-date\">\n\t\t\t8 de noviembre de 2024\t\t<\/span>\n\t\t\t\t<\/div>\n\t\t\t\t<\/div>\n\t\t\t\t<\/article>\n\t\t\t\t<article class=\"elementor-post elementor-grid-item post-7067 page type-page status-publish hentry\">\n\t\t\t\t<div class=\"elementor-post__text\">\n\t\t\t\t<h3 class=\"elementor-post__title\">\n\t\t\t<a href=\"https:\/\/analisis.dtic.myscriptcase.com\/?page_id=7067\" >\n\t\t\t\tComit\u00e9 defini\u00f3 marco para la elaboraci\u00f3n de nuevo Plan Estrat\u00e9gico UACh\t\t\t<\/a>\n\t\t<\/h3>\n\t\t\t\t<div class=\"elementor-post__meta-data\">\n\t\t\t\t\t<span class=\"elementor-post-date\">\n\t\t\t30 de octubre de 2024\t\t<\/span>\n\t\t\t\t<\/div>\n\t\t\t\t<\/div>\n\t\t\t\t<\/article>\n\t\t\t\t<article class=\"elementor-post elementor-grid-item post-6836 page type-page status-publish hentry\">\n\t\t\t\t<div class=\"elementor-post__text\">\n\t\t\t\t<h3 class=\"elementor-post__title\">\n\t\t\t<a href=\"https:\/\/analisis.dtic.myscriptcase.com\/?page_id=6836\" >\n\t\t\t\tSesion\u00f3 comit\u00e9 que acompa\u00f1ar\u00e1 elaboraci\u00f3n de nuevo Plan Estrat\u00e9gico UACh\t\t\t<\/a>\n\t\t<\/h3>\n\t\t\t\t<div class=\"elementor-post__meta-data\">\n\t\t\t\t\t<span class=\"elementor-post-date\">\n\t\t\t6 de agosto de 2024\t\t<\/span>\n\t\t\t\t<\/div>\n\t\t\t\t<\/div>\n\t\t\t\t<\/article>\n\t\t\t\t<article class=\"elementor-post elementor-grid-item post-6801 page type-page status-publish hentry\">\n\t\t\t\t<div class=\"elementor-post__text\">\n\t\t\t\t<h3 class=\"elementor-post__title\">\n\t\t\t<a href=\"https:\/\/analisis.dtic.myscriptcase.com\/?page_id=6801\" >\n\t\t\t\tNuevo Director de Desarrollo Estrat\u00e9gico: \u201cLa invitaci\u00f3n es a mirar el futuro de la instituci\u00f3n entre todas y todos\u201d\t\t\t<\/a>\n\t\t<\/h3>\n\t\t\t\t<div class=\"elementor-post__meta-data\">\n\t\t\t\t\t<span class=\"elementor-post-date\">\n\t\t\t28 de junio de 2024\t\t<\/span>\n\t\t\t\t<\/div>\n\t\t\t\t<\/div>\n\t\t\t\t<\/article>\n\t\t\t\t<article class=\"elementor-post elementor-grid-item post-6824 page type-page status-publish hentry\">\n\t\t\t\t<div class=\"elementor-post__text\">\n\t\t\t\t<h3 class=\"elementor-post__title\">\n\t\t\t<a href=\"https:\/\/analisis.dtic.myscriptcase.com\/?page_id=6824\" >\n\t\t\t\tDr. Teodoro Luque: \u201cLa capacidad de gesti\u00f3n la promovemos con formaci\u00f3n y evidencia para la toma de decisiones\u201d\t\t\t<\/a>\n\t\t<\/h3>\n\t\t\t\t<div class=\"elementor-post__meta-data\">\n\t\t\t\t\t<span class=\"elementor-post-date\">\n\t\t\t28 de abril de 2023\t\t<\/span>\n\t\t\t\t<\/div>\n\t\t\t\t<\/div>\n\t\t\t\t<\/article>\n\t\t\t\t<article class=\"elementor-post elementor-grid-item post-6810 page type-page status-publish hentry\">\n\t\t\t\t<div class=\"elementor-post__text\">\n\t\t\t\t<h3 class=\"elementor-post__title\">\n\t\t\t<a href=\"https:\/\/analisis.dtic.myscriptcase.com\/?page_id=6810\" >\n\t\t\t\tPlanificaci\u00f3n Estrat\u00e9gica basada en evidencias expondr\u00e1 Ex Vicerrector de la Universidad de Granada\t\t\t<\/a>\n\t\t<\/h3>\n\t\t\t\t<div class=\"elementor-post__meta-data\">\n\t\t\t\t\t<span class=\"elementor-post-date\">\n\t\t\t19 de abril de 2023\t\t<\/span>\n\t\t\t\t<\/div>\n\t\t\t\t<\/div>\n\t\t\t\t<\/article>\n\t\t\t\t<\/div>\n\n\n\t\t\n\t\t\t\t<\/div>\n\t\t\t\t<\/div>\n\t\t\t\t\t<\/div>\n\t\t<\/div>\n\t\t\t\t\t\t\t<\/div>\n\t\t<\/section>\n\t\t\t\t\t\t\t<\/div>\n\t\t","protected":false},"excerpt":{"rendered":"<p>Dr. Teodoro Luque: \u201cLa capacidad de gesti\u00f3n la promovemos con formaci\u00f3n y evidencia para la toma de decisiones\u201d El profesor catedr\u00e1tico y ex Vicerrector de<\/p>\n","protected":false},"author":5,"featured_media":0,"parent":0,"menu_order":0,"comment_status":"closed","ping_status":"closed","template":"","meta":{"om_disable_all_campaigns":false,"_monsterinsights_skip_tracking":false,"_monsterinsights_sitenote_active":false,"_monsterinsights_sitenote_note":"","_monsterinsights_sitenote_category":0,"_uf_show_specific_survey":0,"_uf_disable_surveys":false,"footnotes":""},"class_list":["post-6824","page","type-page","status-publish","hentry"],"aioseo_notices":[],"_links":{"self":[{"href":"https:\/\/analisis.dtic.myscriptcase.com\/index.php?rest_route=\/wp\/v2\/pages\/6824","targetHints":{"allow":["GET"]}}],"collection":[{"href":"https:\/\/analisis.dtic.myscriptcase.com\/index.php?rest_route=\/wp\/v2\/pages"}],"about":[{"href":"https:\/\/analisis.dtic.myscriptcase.com\/index.php?rest_route=\/wp\/v2\/types\/page"}],"author":[{"embeddable":true,"href":"https:\/\/analisis.dtic.myscriptcase.com\/index.php?rest_route=\/wp\/v2\/users\/5"}],"replies":[{"embeddable":true,"href":"https:\/\/analisis.dtic.myscriptcase.com\/index.php?rest_route=%2Fwp%2Fv2%2Fcomments&post=6824"}],"version-history":[{"count":16,"href":"https:\/\/analisis.dtic.myscriptcase.com\/index.php?rest_route=\/wp\/v2\/pages\/6824\/revisions"}],"predecessor-version":[{"id":7134,"href":"https:\/\/analisis.dtic.myscriptcase.com\/index.php?rest_route=\/wp\/v2\/pages\/6824\/revisions\/7134"}],"wp:attachment":[{"href":"https:\/\/analisis.dtic.myscriptcase.com\/index.php?rest_route=%2Fwp%2Fv2%2Fmedia&parent=6824"}],"curies":[{"name":"wp","href":"https:\/\/api.w.org\/{rel}","templated":true}]}}