{"id":6836,"date":"2024-08-06T19:53:00","date_gmt":"2024-08-06T19:53:00","guid":{"rendered":"https:\/\/analisis.dtic.myscriptcase.com.cl\/?page_id=6836"},"modified":"2024-11-08T15:15:00","modified_gmt":"2024-11-08T15:15:00","slug":"sesiono-comite-que-acompanara-elaboracion-de-nuevo-plan-estrategico-uach","status":"publish","type":"page","link":"https:\/\/analisis.dtic.myscriptcase.com\/?page_id=6836","title":{"rendered":"Sesion\u00f3 comit\u00e9 que acompa\u00f1ar\u00e1 elaboraci\u00f3n de nuevo Plan Estrat\u00e9gico UACh"},"content":{"rendered":"\t\t<div data-elementor-type=\"wp-page\" data-elementor-id=\"6836\" class=\"elementor elementor-6836\">\n\t\t\t\t\t\t\t\t\t<section class=\"elementor-section elementor-top-section elementor-element elementor-element-1449e2f elementor-section-boxed elementor-section-height-default elementor-section-height-default\" data-id=\"1449e2f\" data-element_type=\"section\">\n\t\t\t\t\t\t<div class=\"elementor-container elementor-column-gap-default\">\n\t\t\t\t\t<div class=\"elementor-column elementor-col-66 elementor-top-column elementor-element elementor-element-4ea0eef\" data-id=\"4ea0eef\" data-element_type=\"column\">\n\t\t\t<div class=\"elementor-widget-wrap elementor-element-populated\">\n\t\t\t\t\t\t\t\t<div class=\"elementor-element elementor-element-e33ff17 elementor-widget elementor-widget-spacer\" data-id=\"e33ff17\" data-element_type=\"widget\" data-widget_type=\"spacer.default\">\n\t\t\t\t<div class=\"elementor-widget-container\">\n\t\t\t<style>\/*! elementor - v3.6.7 - 03-07-2022 *\/\n.e-container.e-container--row .elementor-spacer-inner{width:var(--spacer-size)}.e-container.e-container--column .elementor-spacer-inner,.elementor-column .elementor-spacer-inner{height:var(--spacer-size)}<\/style>\t\t<div class=\"elementor-spacer\">\n\t\t\t<div class=\"elementor-spacer-inner\"><\/div>\n\t\t<\/div>\n\t\t\t\t<\/div>\n\t\t\t\t<\/div>\n\t\t\t\t<div class=\"elementor-element elementor-element-0e4b654 elementor-widget elementor-widget-heading\" data-id=\"0e4b654\" data-element_type=\"widget\" data-widget_type=\"heading.default\">\n\t\t\t\t<div class=\"elementor-widget-container\">\n\t\t\t<style>\/*! elementor - v3.6.7 - 03-07-2022 *\/\n.elementor-heading-title{padding:0;margin:0;line-height:1}.elementor-widget-heading .elementor-heading-title[class*=elementor-size-]>a{color:inherit;font-size:inherit;line-height:inherit}.elementor-widget-heading .elementor-heading-title.elementor-size-small{font-size:15px}.elementor-widget-heading .elementor-heading-title.elementor-size-medium{font-size:19px}.elementor-widget-heading .elementor-heading-title.elementor-size-large{font-size:29px}.elementor-widget-heading .elementor-heading-title.elementor-size-xl{font-size:39px}.elementor-widget-heading .elementor-heading-title.elementor-size-xxl{font-size:59px}<\/style><h2 class=\"elementor-heading-title elementor-size-default\">Sesion\u00f3 comit\u00e9 que acompa\u00f1ar\u00e1 elaboraci\u00f3n de nuevo Plan Estrat\u00e9gico UACh <\/h2>\t\t<\/div>\n\t\t\t\t<\/div>\n\t\t\t\t<div class=\"elementor-element elementor-element-50a1117 elementor-widget elementor-widget-image\" data-id=\"50a1117\" data-element_type=\"widget\" data-widget_type=\"image.default\">\n\t\t\t\t<div class=\"elementor-widget-container\">\n\t\t\t<style>\/*! elementor - v3.6.7 - 03-07-2022 *\/\n.elementor-widget-image{text-align:center}.elementor-widget-image a{display:inline-block}.elementor-widget-image a img[src$=\".svg\"]{width:48px}.elementor-widget-image img{vertical-align:middle;display:inline-block}<\/style>\t\t\t\t\t\t\t\t\t<figure class=\"wp-caption\">\n\t\t\t\t\t\t\t\t\t\t<img loading=\"lazy\" decoding=\"async\" width=\"800\" height=\"600\" src=\"https:\/\/analisis.dtic.myscriptcase.com\/wp-content\/uploads\/2022\/09\/WhatsApp-Image-2024-08-02-at-7.20.02-PM-1-1024x768.jpeg\" class=\"attachment-large size-large\" alt=\"\" srcset=\"https:\/\/analisis.dtic.myscriptcase.com\/wp-content\/uploads\/2022\/09\/WhatsApp-Image-2024-08-02-at-7.20.02-PM-1-1024x768.jpeg 1024w, https:\/\/analisis.dtic.myscriptcase.com\/wp-content\/uploads\/2022\/09\/WhatsApp-Image-2024-08-02-at-7.20.02-PM-1-300x225.jpeg 300w, https:\/\/analisis.dtic.myscriptcase.com\/wp-content\/uploads\/2022\/09\/WhatsApp-Image-2024-08-02-at-7.20.02-PM-1-768x576.jpeg 768w, https:\/\/analisis.dtic.myscriptcase.com\/wp-content\/uploads\/2022\/09\/WhatsApp-Image-2024-08-02-at-7.20.02-PM-1-1536x1152.jpeg 1536w, https:\/\/analisis.dtic.myscriptcase.com\/wp-content\/uploads\/2022\/09\/WhatsApp-Image-2024-08-02-at-7.20.02-PM-1.jpeg 1600w\" sizes=\"auto, (max-width: 800px) 100vw, 800px\" \/>\t\t\t\t\t\t\t\t\t\t\t<figcaption class=\"widget-image-caption wp-caption-text\">Comit\u00e9 est\u00e1 integrado por representantes de las diversas \u00e1reas del conocimiento, potenciando una mirada transversal.  Este plan tendr\u00e1 una duraci\u00f3n de cinco a\u00f1os, desde 2025 a 2029, permitiendo proyectar la Universidad a largo plazo.<\/figcaption>\n\t\t\t\t\t\t\t\t\t\t<\/figure>\n\t\t\t\t\t\t\t\t\t<\/div>\n\t\t\t\t<\/div>\n\t\t\t\t<div class=\"elementor-element elementor-element-a66c31f elementor-widget elementor-widget-text-editor\" data-id=\"a66c31f\" data-element_type=\"widget\" data-widget_type=\"text-editor.default\">\n\t\t\t\t<div class=\"elementor-widget-container\">\n\t\t\t<style>\/*! elementor - v3.6.7 - 03-07-2022 *\/\n.elementor-widget-text-editor.elementor-drop-cap-view-stacked .elementor-drop-cap{background-color:#818a91;color:#fff}.elementor-widget-text-editor.elementor-drop-cap-view-framed .elementor-drop-cap{color:#818a91;border:3px solid;background-color:transparent}.elementor-widget-text-editor:not(.elementor-drop-cap-view-default) .elementor-drop-cap{margin-top:8px}.elementor-widget-text-editor:not(.elementor-drop-cap-view-default) .elementor-drop-cap-letter{width:1em;height:1em}.elementor-widget-text-editor .elementor-drop-cap{float:left;text-align:center;line-height:1;font-size:50px}.elementor-widget-text-editor .elementor-drop-cap-letter{display:inline-block}<\/style>\t\t\t\t<p><span style=\"color: var( --e-global-color-text ); font-family: var( --e-global-typography-text-font-family ), Sans-serif; font-weight: var( --e-global-typography-text-font-weight ); font-size: 1rem;\">La ma\u00f1ana del jueves 01 de agosto en la Prorrector\u00eda de la Universidad Austral de Chile inici\u00f3 su trabajo el Comit\u00e9 Asesor de Planificaci\u00f3n Estrat\u00e9gica, el cual acompa\u00f1ar\u00e1 durante todo el proceso de construcci\u00f3n de la principal carta de navegaci\u00f3n institucional, potenciando una mirada de futuro que sea transversal y colectiva que guiar\u00e1 la materializaci\u00f3n de los grandes prop\u00f3sitos a largo plazo.<\/span><\/p><p>En la oportunidad, la Prorrectora de la UACh Dra. \u00c1ngara Zambrano destac\u00f3 que es importante tener claridad sobre el horizonte de largo plazo. \u201cEstamos convencidos de que este trabajo de planificaci\u00f3n estrat\u00e9gica es elemental para poder mantener los grados de excelencia que ha tenido nuestra Universidad en un proceso tan cr\u00edtico como el que estamos llevando a cabo. La toma de decisiones tiene que ser informada, de acuerdo a una planificaci\u00f3n y a qu\u00e9 es lo que queremos como Universidad\u201d.<\/p><p>Junto con agradecer a quienes integran el Comit\u00e9 Asesor, la Prorrectora recalc\u00f3 que tambi\u00e9n recibir\u00e1n la retroalimentaci\u00f3n de la comunidad universitaria. La idea, dijo, es \u201cver hacia d\u00f3nde queremos llegar como Universidad de aqu\u00ed al futuro, m\u00e1s all\u00e1 del t\u00e9rmino del Plan de Recuperaci\u00f3n\u00bb. Se\u00f1al\u00f3 que \u00abposteriormente al t\u00e9rmino del periodo de vigencia del plan de recuperaci\u00f3n seguiremos siendo observados por la Superintendencia de Educaci\u00f3n hasta que demostremos que somos capaces de mantener la sostenibilidad. La toma de decisiones hoy en d\u00eda asociadas al Plan de Recuperaci\u00f3n requieren ser enmarcadas en una mirada de largo plazo; por eso la visi\u00f3n de la Universidad que queremos es muy relevante\u201d.<\/p><p><strong>Plan Estrat\u00e9gico Institucional (PEI) 2025-2029<\/strong><\/p><p>Cabe recordar que durante el presente a\u00f1o el Plan Estrat\u00e9gico Institucional 2020-2023, prorrogado hasta el 31 de diciembre de 2024 por decreto N\u00b02 de 2024, culminar\u00e1 su aplicaci\u00f3n, realizando su respectivo seguimiento y an\u00e1lisis de resultados. Por lo tanto, se dio inicio al proceso de planificaci\u00f3n estrat\u00e9gica institucional para el siguiente periodo.<\/p><p>Durante esta sesi\u00f3n del Comit\u00e9 Asesor, el Director de la Direcci\u00f3n de Desarrollo Estrat\u00e9gico, dependiente de Prorrector\u00eda, John Dodds, y el Jefe de Planificaci\u00f3n Estrat\u00e9gica y de la Unidad de An\u00e1lisis Institucional, Felipe Leiva, presentaron la propuesta metodol\u00f3gica del Plan Estrat\u00e9gico Institucional 2025-2029, dando a conocer las cinco etapas del proceso de planificaci\u00f3n estrat\u00e9gica, las que incluyen la exposici\u00f3n del marco metodol\u00f3gico, el diagn\u00f3stico estrat\u00e9gico, el marco y prop\u00f3sitos estrat\u00e9gicos, consulta a la comunidad y propuesta final que deber\u00e1 ser visado y aprobado por los cuerpos colegiados en <strong>marzo de 2025.<br \/><\/strong>Fuente: <a href=\"https:\/\/diario.uach.cl\/comite-nuevo-plan-estrategico-uach\/\">https:\/\/diario.uach.cl\/comite-nuevo-plan-estrategico-uach\/<\/a><\/p>\t\t\t\t\t\t<\/div>\n\t\t\t\t<\/div>\n\t\t\t\t\t<\/div>\n\t\t<\/div>\n\t\t\t\t<div class=\"elementor-column elementor-col-33 elementor-top-column elementor-element elementor-element-140d75c\" data-id=\"140d75c\" data-element_type=\"column\">\n\t\t\t<div class=\"elementor-widget-wrap elementor-element-populated\">\n\t\t\t\t\t\t\t\t<div class=\"elementor-element elementor-element-189eb75 elementor-widget elementor-widget-heading\" data-id=\"189eb75\" data-element_type=\"widget\" data-widget_type=\"heading.default\">\n\t\t\t\t<div class=\"elementor-widget-container\">\n\t\t\t<h2 class=\"elementor-heading-title elementor-size-default\">Noticias<\/h2>\t\t<\/div>\n\t\t\t\t<\/div>\n\t\t\t\t<div class=\"elementor-element elementor-element-cb3fe18 elementor-grid-1 elementor-posts--thumbnail-none elementor-grid-tablet-2 elementor-grid-mobile-1 elementor-widget elementor-widget-posts\" data-id=\"cb3fe18\" data-element_type=\"widget\" data-settings=\"{&quot;classic_columns&quot;:&quot;1&quot;,&quot;classic_columns_tablet&quot;:&quot;2&quot;,&quot;classic_columns_mobile&quot;:&quot;1&quot;,&quot;classic_row_gap&quot;:{&quot;unit&quot;:&quot;px&quot;,&quot;size&quot;:35,&quot;sizes&quot;:[]},&quot;classic_row_gap_tablet&quot;:{&quot;unit&quot;:&quot;px&quot;,&quot;size&quot;:&quot;&quot;,&quot;sizes&quot;:[]},&quot;classic_row_gap_mobile&quot;:{&quot;unit&quot;:&quot;px&quot;,&quot;size&quot;:&quot;&quot;,&quot;sizes&quot;:[]}}\" data-widget_type=\"posts.classic\">\n\t\t\t\t<div class=\"elementor-widget-container\">\n\t\t\t<link rel=\"stylesheet\" href=\"https:\/\/analisis.dtic.myscriptcase.com\/wp-content\/plugins\/elementor-pro\/assets\/css\/widget-posts.min.css\">\t\t<div class=\"elementor-posts-container elementor-posts elementor-posts--skin-classic elementor-grid\">\n\t\t\t\t<article class=\"elementor-post elementor-grid-item post-7111 page type-page status-publish hentry\">\n\t\t\t\t<div class=\"elementor-post__text\">\n\t\t\t\t<h3 class=\"elementor-post__title\">\n\t\t\t<a href=\"https:\/\/analisis.dtic.myscriptcase.com\/?page_id=7111\" >\n\t\t\t\tPlan Estrat\u00e9gico UACh: Un compromiso colectivo\t\t\t<\/a>\n\t\t<\/h3>\n\t\t\t\t<div class=\"elementor-post__meta-data\">\n\t\t\t\t\t<span class=\"elementor-post-date\">\n\t\t\t8 de noviembre de 2024\t\t<\/span>\n\t\t\t\t<\/div>\n\t\t\t\t<\/div>\n\t\t\t\t<\/article>\n\t\t\t\t<article class=\"elementor-post elementor-grid-item post-7067 page type-page status-publish hentry\">\n\t\t\t\t<div class=\"elementor-post__text\">\n\t\t\t\t<h3 class=\"elementor-post__title\">\n\t\t\t<a href=\"https:\/\/analisis.dtic.myscriptcase.com\/?page_id=7067\" >\n\t\t\t\tComit\u00e9 defini\u00f3 marco para la elaboraci\u00f3n de nuevo Plan Estrat\u00e9gico UACh\t\t\t<\/a>\n\t\t<\/h3>\n\t\t\t\t<div class=\"elementor-post__meta-data\">\n\t\t\t\t\t<span class=\"elementor-post-date\">\n\t\t\t30 de octubre de 2024\t\t<\/span>\n\t\t\t\t<\/div>\n\t\t\t\t<\/div>\n\t\t\t\t<\/article>\n\t\t\t\t<article class=\"elementor-post elementor-grid-item post-6836 page type-page status-publish hentry\">\n\t\t\t\t<div class=\"elementor-post__text\">\n\t\t\t\t<h3 class=\"elementor-post__title\">\n\t\t\t<a href=\"https:\/\/analisis.dtic.myscriptcase.com\/?page_id=6836\" >\n\t\t\t\tSesion\u00f3 comit\u00e9 que acompa\u00f1ar\u00e1 elaboraci\u00f3n de nuevo Plan Estrat\u00e9gico UACh\t\t\t<\/a>\n\t\t<\/h3>\n\t\t\t\t<div class=\"elementor-post__meta-data\">\n\t\t\t\t\t<span class=\"elementor-post-date\">\n\t\t\t6 de agosto de 2024\t\t<\/span>\n\t\t\t\t<\/div>\n\t\t\t\t<\/div>\n\t\t\t\t<\/article>\n\t\t\t\t<article class=\"elementor-post elementor-grid-item post-6801 page type-page status-publish hentry\">\n\t\t\t\t<div class=\"elementor-post__text\">\n\t\t\t\t<h3 class=\"elementor-post__title\">\n\t\t\t<a href=\"https:\/\/analisis.dtic.myscriptcase.com\/?page_id=6801\" >\n\t\t\t\tNuevo Director de Desarrollo Estrat\u00e9gico: \u201cLa invitaci\u00f3n es a mirar el futuro de la instituci\u00f3n entre todas y todos\u201d\t\t\t<\/a>\n\t\t<\/h3>\n\t\t\t\t<div class=\"elementor-post__meta-data\">\n\t\t\t\t\t<span class=\"elementor-post-date\">\n\t\t\t28 de junio de 2024\t\t<\/span>\n\t\t\t\t<\/div>\n\t\t\t\t<\/div>\n\t\t\t\t<\/article>\n\t\t\t\t<article class=\"elementor-post elementor-grid-item post-6824 page type-page status-publish hentry\">\n\t\t\t\t<div class=\"elementor-post__text\">\n\t\t\t\t<h3 class=\"elementor-post__title\">\n\t\t\t<a href=\"https:\/\/analisis.dtic.myscriptcase.com\/?page_id=6824\" >\n\t\t\t\tDr. Teodoro Luque: \u201cLa capacidad de gesti\u00f3n la promovemos con formaci\u00f3n y evidencia para la toma de decisiones\u201d\t\t\t<\/a>\n\t\t<\/h3>\n\t\t\t\t<div class=\"elementor-post__meta-data\">\n\t\t\t\t\t<span class=\"elementor-post-date\">\n\t\t\t28 de abril de 2023\t\t<\/span>\n\t\t\t\t<\/div>\n\t\t\t\t<\/div>\n\t\t\t\t<\/article>\n\t\t\t\t<article class=\"elementor-post elementor-grid-item post-6810 page type-page status-publish hentry\">\n\t\t\t\t<div class=\"elementor-post__text\">\n\t\t\t\t<h3 class=\"elementor-post__title\">\n\t\t\t<a href=\"https:\/\/analisis.dtic.myscriptcase.com\/?page_id=6810\" >\n\t\t\t\tPlanificaci\u00f3n Estrat\u00e9gica basada en evidencias expondr\u00e1 Ex Vicerrector de la Universidad de Granada\t\t\t<\/a>\n\t\t<\/h3>\n\t\t\t\t<div class=\"elementor-post__meta-data\">\n\t\t\t\t\t<span class=\"elementor-post-date\">\n\t\t\t19 de abril de 2023\t\t<\/span>\n\t\t\t\t<\/div>\n\t\t\t\t<\/div>\n\t\t\t\t<\/article>\n\t\t\t\t<\/div>\n\n\n\t\t\n\t\t\t\t<\/div>\n\t\t\t\t<\/div>\n\t\t\t\t\t<\/div>\n\t\t<\/div>\n\t\t\t\t\t\t\t<\/div>\n\t\t<\/section>\n\t\t\t\t\t\t\t<\/div>\n\t\t","protected":false},"excerpt":{"rendered":"<p>Sesion\u00f3 comit\u00e9 que acompa\u00f1ar\u00e1 elaboraci\u00f3n de nuevo Plan Estrat\u00e9gico UACh Comit\u00e9 est\u00e1 integrado por representantes de las diversas \u00e1reas del conocimiento, potenciando una mirada transversal.<\/p>\n","protected":false},"author":5,"featured_media":0,"parent":0,"menu_order":0,"comment_status":"closed","ping_status":"closed","template":"","meta":{"om_disable_all_campaigns":false,"_monsterinsights_skip_tracking":false,"_monsterinsights_sitenote_active":false,"_monsterinsights_sitenote_note":"","_monsterinsights_sitenote_category":0,"_uf_show_specific_survey":0,"_uf_disable_surveys":false,"footnotes":""},"class_list":["post-6836","page","type-page","status-publish","hentry"],"aioseo_notices":[],"_links":{"self":[{"href":"https:\/\/analisis.dtic.myscriptcase.com\/index.php?rest_route=\/wp\/v2\/pages\/6836","targetHints":{"allow":["GET"]}}],"collection":[{"href":"https:\/\/analisis.dtic.myscriptcase.com\/index.php?rest_route=\/wp\/v2\/pages"}],"about":[{"href":"https:\/\/analisis.dtic.myscriptcase.com\/index.php?rest_route=\/wp\/v2\/types\/page"}],"author":[{"embeddable":true,"href":"https:\/\/analisis.dtic.myscriptcase.com\/index.php?rest_route=\/wp\/v2\/users\/5"}],"replies":[{"embeddable":true,"href":"https:\/\/analisis.dtic.myscriptcase.com\/index.php?rest_route=%2Fwp%2Fv2%2Fcomments&post=6836"}],"version-history":[{"count":34,"href":"https:\/\/analisis.dtic.myscriptcase.com\/index.php?rest_route=\/wp\/v2\/pages\/6836\/revisions"}],"predecessor-version":[{"id":7128,"href":"https:\/\/analisis.dtic.myscriptcase.com\/index.php?rest_route=\/wp\/v2\/pages\/6836\/revisions\/7128"}],"wp:attachment":[{"href":"https:\/\/analisis.dtic.myscriptcase.com\/index.php?rest_route=%2Fwp%2Fv2%2Fmedia&parent=6836"}],"curies":[{"name":"wp","href":"https:\/\/api.w.org\/{rel}","templated":true}]}}