{"id":7111,"date":"2024-11-08T15:10:02","date_gmt":"2024-11-08T15:10:02","guid":{"rendered":"https:\/\/analisis.dtic.myscriptcase.com.cl\/?page_id=7111"},"modified":"2024-11-08T15:12:54","modified_gmt":"2024-11-08T15:12:54","slug":"plan-estrategico-uach-un-compromiso-colectivo","status":"publish","type":"page","link":"https:\/\/analisis.dtic.myscriptcase.com\/?page_id=7111","title":{"rendered":"Plan Estrat\u00e9gico UACh: Un compromiso colectivo"},"content":{"rendered":"\t\t<div data-elementor-type=\"wp-page\" data-elementor-id=\"7111\" class=\"elementor elementor-7111\">\n\t\t\t\t\t\t\t\t\t<section class=\"elementor-section elementor-top-section elementor-element elementor-element-4c630d9 elementor-section-boxed elementor-section-height-default elementor-section-height-default\" data-id=\"4c630d9\" data-element_type=\"section\">\n\t\t\t\t\t\t<div class=\"elementor-container elementor-column-gap-default\">\n\t\t\t\t\t<div class=\"elementor-column elementor-col-66 elementor-top-column elementor-element elementor-element-f482554\" data-id=\"f482554\" data-element_type=\"column\">\n\t\t\t<div class=\"elementor-widget-wrap elementor-element-populated\">\n\t\t\t\t\t\t\t\t<div class=\"elementor-element elementor-element-e48e68b elementor-widget elementor-widget-spacer\" data-id=\"e48e68b\" data-element_type=\"widget\" data-widget_type=\"spacer.default\">\n\t\t\t\t<div class=\"elementor-widget-container\">\n\t\t\t<style>\/*! elementor - v3.6.7 - 03-07-2022 *\/\n.e-container.e-container--row .elementor-spacer-inner{width:var(--spacer-size)}.e-container.e-container--column .elementor-spacer-inner,.elementor-column .elementor-spacer-inner{height:var(--spacer-size)}<\/style>\t\t<div class=\"elementor-spacer\">\n\t\t\t<div class=\"elementor-spacer-inner\"><\/div>\n\t\t<\/div>\n\t\t\t\t<\/div>\n\t\t\t\t<\/div>\n\t\t\t\t<div class=\"elementor-element elementor-element-e7adcde elementor-widget elementor-widget-heading\" data-id=\"e7adcde\" data-element_type=\"widget\" data-widget_type=\"heading.default\">\n\t\t\t\t<div class=\"elementor-widget-container\">\n\t\t\t<style>\/*! elementor - v3.6.7 - 03-07-2022 *\/\n.elementor-heading-title{padding:0;margin:0;line-height:1}.elementor-widget-heading .elementor-heading-title[class*=elementor-size-]>a{color:inherit;font-size:inherit;line-height:inherit}.elementor-widget-heading .elementor-heading-title.elementor-size-small{font-size:15px}.elementor-widget-heading .elementor-heading-title.elementor-size-medium{font-size:19px}.elementor-widget-heading .elementor-heading-title.elementor-size-large{font-size:29px}.elementor-widget-heading .elementor-heading-title.elementor-size-xl{font-size:39px}.elementor-widget-heading .elementor-heading-title.elementor-size-xxl{font-size:59px}<\/style><h2 class=\"elementor-heading-title elementor-size-default\">Plan Estrat\u00e9gico UACh: Un compromiso colectivo<\/h2>\t\t<\/div>\n\t\t\t\t<\/div>\n\t\t\t\t<div class=\"elementor-element elementor-element-53a8b6a elementor-widget elementor-widget-image\" data-id=\"53a8b6a\" data-element_type=\"widget\" data-widget_type=\"image.default\">\n\t\t\t\t<div class=\"elementor-widget-container\">\n\t\t\t<style>\/*! elementor - v3.6.7 - 03-07-2022 *\/\n.elementor-widget-image{text-align:center}.elementor-widget-image a{display:inline-block}.elementor-widget-image a img[src$=\".svg\"]{width:48px}.elementor-widget-image img{vertical-align:middle;display:inline-block}<\/style>\t\t\t\t\t\t\t\t\t<figure class=\"wp-caption\">\n\t\t\t\t\t\t\t\t\t\t<img loading=\"lazy\" decoding=\"async\" width=\"800\" height=\"600\" src=\"https:\/\/analisis.dtic.myscriptcase.com\/wp-content\/uploads\/2024\/11\/IMG_7189-scaled-1-1024x768.jpg\" class=\"attachment-large size-large\" alt=\"\" srcset=\"https:\/\/analisis.dtic.myscriptcase.com\/wp-content\/uploads\/2024\/11\/IMG_7189-scaled-1-1024x768.jpg 1024w, https:\/\/analisis.dtic.myscriptcase.com\/wp-content\/uploads\/2024\/11\/IMG_7189-scaled-1-300x225.jpg 300w, https:\/\/analisis.dtic.myscriptcase.com\/wp-content\/uploads\/2024\/11\/IMG_7189-scaled-1-768x576.jpg 768w, https:\/\/analisis.dtic.myscriptcase.com\/wp-content\/uploads\/2024\/11\/IMG_7189-scaled-1-1536x1152.jpg 1536w, https:\/\/analisis.dtic.myscriptcase.com\/wp-content\/uploads\/2024\/11\/IMG_7189-scaled-1-2048x1536.jpg 2048w\" sizes=\"auto, (max-width: 800px) 100vw, 800px\" \/>\t\t\t\t\t\t\t\t\t\t\t<figcaption class=\"widget-image-caption wp-caption-text\">Columna de opini\u00f3n escrita por la Prorrectora UACh Dra. Angara Zambrano Alvarado.<\/figcaption>\n\t\t\t\t\t\t\t\t\t\t<\/figure>\n\t\t\t\t\t\t\t\t\t<\/div>\n\t\t\t\t<\/div>\n\t\t\t\t<div class=\"elementor-element elementor-element-4a2d8bf elementor-widget elementor-widget-text-editor\" data-id=\"4a2d8bf\" data-element_type=\"widget\" data-widget_type=\"text-editor.default\">\n\t\t\t\t<div class=\"elementor-widget-container\">\n\t\t\t<style>\/*! elementor - v3.6.7 - 03-07-2022 *\/\n.elementor-widget-text-editor.elementor-drop-cap-view-stacked .elementor-drop-cap{background-color:#818a91;color:#fff}.elementor-widget-text-editor.elementor-drop-cap-view-framed .elementor-drop-cap{color:#818a91;border:3px solid;background-color:transparent}.elementor-widget-text-editor:not(.elementor-drop-cap-view-default) .elementor-drop-cap{margin-top:8px}.elementor-widget-text-editor:not(.elementor-drop-cap-view-default) .elementor-drop-cap-letter{width:1em;height:1em}.elementor-widget-text-editor .elementor-drop-cap{float:left;text-align:center;line-height:1;font-size:50px}.elementor-widget-text-editor .elementor-drop-cap-letter{display:inline-block}<\/style>\t\t\t\t<p>Desde los a\u00f1os 90, nuestra Universidad ha implementado seis planes estrat\u00e9gicos lo que pone en evidencia la instalaci\u00f3n de una cultura de planificaci\u00f3n estrat\u00e9gica que ha sido fundamental para consolidar la misi\u00f3n de la UACh como una universidad comprometida con la excelencia, la formaci\u00f3n, el progreso y bienestar de la comunidad.<\/p><p>Es por esto, que la Universidad Austral de Chile est\u00e1 construyendo un nuevo Plan Estrat\u00e9gico Institucional para el periodo 2025-2029, un esfuerzo que trasciende los objetivos y metas: se trata de un compromiso colectivo que define nuestro rumbo como instituci\u00f3n.<\/p><p>Este proceso requiere el trabajo de toda nuestra Comunidad Universitaria, y est\u00e1 siendo liderado por Prorrector\u00eda a trav\u00e9s de la Direcci\u00f3n de Desarrollo Estrat\u00e9gico quien dise\u00f1a, orienta y coordina la planificaci\u00f3n estrat\u00e9gica institucional, siendo asesorada y apoyada por el Comit\u00e9 Asesor de Planificaci\u00f3n Estrat\u00e9gica, compuesto por miembros de nuestra Universidad.<\/p><p>Nuestra Comunidad Universitaria participar\u00e1 a trav\u00e9s de diversas instancias, tales como el comit\u00e9 asesor, jornadas de trabajo, equipos por prop\u00f3sitos y una consulta masiva que se realizar\u00e1 durante diciembre del presente a\u00f1o, y que llamar\u00e1 a participar a todas y todos quienes deseen formar parte de este proceso, para obtener su perspectiva y as\u00ed alinearnos como Instituci\u00f3n hacia un futuro com\u00fan.<\/p><p>Hoy, bajo nuestros desaf\u00edos y contexto actual, se reafirma el Plan Estrat\u00e9gico Institucional como la herramienta principal de gesti\u00f3n estrat\u00e9gica, esencial para nuestra comunidad, proporcion\u00e1ndonos direcci\u00f3n y fomentando un sentido de prop\u00f3sito y pertenencia, permitiendo que la UACh contin\u00fae evolucionando y respondiendo a las demandas internas, de la sociedad y de su entorno.<\/p><p>De esta manera, la Universidad Austral de Chile, nacida gracias a un movimiento ciudadano descentralizador, permitir\u00e1 proyectar hacia el futuro su prestigio, calidad y tradici\u00f3n, lo que ha sido fruto de un trabajo colectivo desarrollado durante sus 70 a\u00f1os de historia, siempre en permanente v\u00ednculo con la comunidad y con el territorio, aportando constantemente un n\u00famero importante de egresados y egresadas que se desempe\u00f1an en Chile y el mundo.<\/p><p><img loading=\"lazy\" decoding=\"async\" class=\"alignnone wp-image-194521\" src=\"https:\/\/diario.uach.cl\/wp-content\/uploads\/2024\/11\/DSC_0006-200x300.jpg\" sizes=\"auto, (max-width: 369px) 100vw, 369px\" srcset=\"https:\/\/diario.uach.cl\/wp-content\/uploads\/2024\/11\/DSC_0006-200x300.jpg 200w, https:\/\/diario.uach.cl\/wp-content\/uploads\/2024\/11\/DSC_0006-768x1151.jpg 768w, https:\/\/diario.uach.cl\/wp-content\/uploads\/2024\/11\/DSC_0006-1025x1536.jpg 1025w, https:\/\/diario.uach.cl\/wp-content\/uploads\/2024\/11\/DSC_0006-1170x1753.jpg 1170w, https:\/\/diario.uach.cl\/wp-content\/uploads\/2024\/11\/DSC_0006-585x876.jpg 585w, https:\/\/diario.uach.cl\/wp-content\/uploads\/2024\/11\/DSC_0006.jpg 1335w\" alt=\"\" width=\"369\" height=\"554\" \/><\/p><p>Fuente: <a href=\"https:\/\/diario.uach.cl\/plan-estrategico-uach-un-compromiso-colectivo\/\">Plan Estrat\u00e9gico UACh: Un compromiso colectivo \u2013 Noticias UACh<\/a><\/p>\t\t\t\t\t\t<\/div>\n\t\t\t\t<\/div>\n\t\t\t\t\t<\/div>\n\t\t<\/div>\n\t\t\t\t<div class=\"elementor-column elementor-col-33 elementor-top-column elementor-element elementor-element-b716db5\" data-id=\"b716db5\" data-element_type=\"column\">\n\t\t\t<div class=\"elementor-widget-wrap elementor-element-populated\">\n\t\t\t\t\t\t\t\t<div class=\"elementor-element elementor-element-5efa314 elementor-widget elementor-widget-heading\" data-id=\"5efa314\" data-element_type=\"widget\" data-widget_type=\"heading.default\">\n\t\t\t\t<div class=\"elementor-widget-container\">\n\t\t\t<h2 class=\"elementor-heading-title elementor-size-default\">Noticias<\/h2>\t\t<\/div>\n\t\t\t\t<\/div>\n\t\t\t\t<div class=\"elementor-element elementor-element-29d7538 elementor-grid-1 elementor-posts--thumbnail-none elementor-grid-tablet-2 elementor-grid-mobile-1 elementor-widget elementor-widget-posts\" data-id=\"29d7538\" data-element_type=\"widget\" data-settings=\"{&quot;classic_columns&quot;:&quot;1&quot;,&quot;classic_columns_tablet&quot;:&quot;2&quot;,&quot;classic_columns_mobile&quot;:&quot;1&quot;,&quot;classic_row_gap&quot;:{&quot;unit&quot;:&quot;px&quot;,&quot;size&quot;:35,&quot;sizes&quot;:[]},&quot;classic_row_gap_tablet&quot;:{&quot;unit&quot;:&quot;px&quot;,&quot;size&quot;:&quot;&quot;,&quot;sizes&quot;:[]},&quot;classic_row_gap_mobile&quot;:{&quot;unit&quot;:&quot;px&quot;,&quot;size&quot;:&quot;&quot;,&quot;sizes&quot;:[]}}\" data-widget_type=\"posts.classic\">\n\t\t\t\t<div class=\"elementor-widget-container\">\n\t\t\t<link rel=\"stylesheet\" href=\"https:\/\/analisis.dtic.myscriptcase.com\/wp-content\/plugins\/elementor-pro\/assets\/css\/widget-posts.min.css\">\t\t<div class=\"elementor-posts-container elementor-posts elementor-posts--skin-classic elementor-grid\">\n\t\t\t\t<article class=\"elementor-post elementor-grid-item post-7111 page type-page status-publish hentry\">\n\t\t\t\t<div class=\"elementor-post__text\">\n\t\t\t\t<h3 class=\"elementor-post__title\">\n\t\t\t<a href=\"https:\/\/analisis.dtic.myscriptcase.com\/?page_id=7111\" >\n\t\t\t\tPlan Estrat\u00e9gico UACh: Un compromiso colectivo\t\t\t<\/a>\n\t\t<\/h3>\n\t\t\t\t<div class=\"elementor-post__meta-data\">\n\t\t\t\t\t<span class=\"elementor-post-date\">\n\t\t\t8 de noviembre de 2024\t\t<\/span>\n\t\t\t\t<\/div>\n\t\t\t\t<\/div>\n\t\t\t\t<\/article>\n\t\t\t\t<article class=\"elementor-post elementor-grid-item post-7067 page type-page status-publish hentry\">\n\t\t\t\t<div class=\"elementor-post__text\">\n\t\t\t\t<h3 class=\"elementor-post__title\">\n\t\t\t<a href=\"https:\/\/analisis.dtic.myscriptcase.com\/?page_id=7067\" >\n\t\t\t\tComit\u00e9 defini\u00f3 marco para la elaboraci\u00f3n de nuevo Plan Estrat\u00e9gico UACh\t\t\t<\/a>\n\t\t<\/h3>\n\t\t\t\t<div class=\"elementor-post__meta-data\">\n\t\t\t\t\t<span class=\"elementor-post-date\">\n\t\t\t30 de octubre de 2024\t\t<\/span>\n\t\t\t\t<\/div>\n\t\t\t\t<\/div>\n\t\t\t\t<\/article>\n\t\t\t\t<article class=\"elementor-post elementor-grid-item post-6836 page type-page status-publish hentry\">\n\t\t\t\t<div class=\"elementor-post__text\">\n\t\t\t\t<h3 class=\"elementor-post__title\">\n\t\t\t<a href=\"https:\/\/analisis.dtic.myscriptcase.com\/?page_id=6836\" >\n\t\t\t\tSesion\u00f3 comit\u00e9 que acompa\u00f1ar\u00e1 elaboraci\u00f3n de nuevo Plan Estrat\u00e9gico UACh\t\t\t<\/a>\n\t\t<\/h3>\n\t\t\t\t<div class=\"elementor-post__meta-data\">\n\t\t\t\t\t<span class=\"elementor-post-date\">\n\t\t\t6 de agosto de 2024\t\t<\/span>\n\t\t\t\t<\/div>\n\t\t\t\t<\/div>\n\t\t\t\t<\/article>\n\t\t\t\t<article class=\"elementor-post elementor-grid-item post-6801 page type-page status-publish hentry\">\n\t\t\t\t<div class=\"elementor-post__text\">\n\t\t\t\t<h3 class=\"elementor-post__title\">\n\t\t\t<a href=\"https:\/\/analisis.dtic.myscriptcase.com\/?page_id=6801\" >\n\t\t\t\tNuevo Director de Desarrollo Estrat\u00e9gico: \u201cLa invitaci\u00f3n es a mirar el futuro de la instituci\u00f3n entre todas y todos\u201d\t\t\t<\/a>\n\t\t<\/h3>\n\t\t\t\t<div class=\"elementor-post__meta-data\">\n\t\t\t\t\t<span class=\"elementor-post-date\">\n\t\t\t28 de junio de 2024\t\t<\/span>\n\t\t\t\t<\/div>\n\t\t\t\t<\/div>\n\t\t\t\t<\/article>\n\t\t\t\t<article class=\"elementor-post elementor-grid-item post-6824 page type-page status-publish hentry\">\n\t\t\t\t<div class=\"elementor-post__text\">\n\t\t\t\t<h3 class=\"elementor-post__title\">\n\t\t\t<a href=\"https:\/\/analisis.dtic.myscriptcase.com\/?page_id=6824\" >\n\t\t\t\tDr. Teodoro Luque: \u201cLa capacidad de gesti\u00f3n la promovemos con formaci\u00f3n y evidencia para la toma de decisiones\u201d\t\t\t<\/a>\n\t\t<\/h3>\n\t\t\t\t<div class=\"elementor-post__meta-data\">\n\t\t\t\t\t<span class=\"elementor-post-date\">\n\t\t\t28 de abril de 2023\t\t<\/span>\n\t\t\t\t<\/div>\n\t\t\t\t<\/div>\n\t\t\t\t<\/article>\n\t\t\t\t<article class=\"elementor-post elementor-grid-item post-6810 page type-page status-publish hentry\">\n\t\t\t\t<div class=\"elementor-post__text\">\n\t\t\t\t<h3 class=\"elementor-post__title\">\n\t\t\t<a href=\"https:\/\/analisis.dtic.myscriptcase.com\/?page_id=6810\" >\n\t\t\t\tPlanificaci\u00f3n Estrat\u00e9gica basada en evidencias expondr\u00e1 Ex Vicerrector de la Universidad de Granada\t\t\t<\/a>\n\t\t<\/h3>\n\t\t\t\t<div class=\"elementor-post__meta-data\">\n\t\t\t\t\t<span class=\"elementor-post-date\">\n\t\t\t19 de abril de 2023\t\t<\/span>\n\t\t\t\t<\/div>\n\t\t\t\t<\/div>\n\t\t\t\t<\/article>\n\t\t\t\t<\/div>\n\n\n\t\t\n\t\t\t\t<\/div>\n\t\t\t\t<\/div>\n\t\t\t\t\t<\/div>\n\t\t<\/div>\n\t\t\t\t\t\t\t<\/div>\n\t\t<\/section>\n\t\t\t\t\t\t\t<\/div>\n\t\t","protected":false},"excerpt":{"rendered":"<p>Plan Estrat\u00e9gico UACh: Un compromiso colectivo Columna de opini\u00f3n escrita por la Prorrectora UACh Dra. Angara Zambrano Alvarado. Desde los a\u00f1os 90, nuestra Universidad ha<\/p>\n","protected":false},"author":5,"featured_media":0,"parent":0,"menu_order":0,"comment_status":"closed","ping_status":"closed","template":"","meta":{"om_disable_all_campaigns":false,"_monsterinsights_skip_tracking":false,"_monsterinsights_sitenote_active":false,"_monsterinsights_sitenote_note":"","_monsterinsights_sitenote_category":0,"_uf_show_specific_survey":0,"_uf_disable_surveys":false,"footnotes":""},"class_list":["post-7111","page","type-page","status-publish","hentry"],"aioseo_notices":[],"_links":{"self":[{"href":"https:\/\/analisis.dtic.myscriptcase.com\/index.php?rest_route=\/wp\/v2\/pages\/7111","targetHints":{"allow":["GET"]}}],"collection":[{"href":"https:\/\/analisis.dtic.myscriptcase.com\/index.php?rest_route=\/wp\/v2\/pages"}],"about":[{"href":"https:\/\/analisis.dtic.myscriptcase.com\/index.php?rest_route=\/wp\/v2\/types\/page"}],"author":[{"embeddable":true,"href":"https:\/\/analisis.dtic.myscriptcase.com\/index.php?rest_route=\/wp\/v2\/users\/5"}],"replies":[{"embeddable":true,"href":"https:\/\/analisis.dtic.myscriptcase.com\/index.php?rest_route=%2Fwp%2Fv2%2Fcomments&post=7111"}],"version-history":[{"count":7,"href":"https:\/\/analisis.dtic.myscriptcase.com\/index.php?rest_route=\/wp\/v2\/pages\/7111\/revisions"}],"predecessor-version":[{"id":7119,"href":"https:\/\/analisis.dtic.myscriptcase.com\/index.php?rest_route=\/wp\/v2\/pages\/7111\/revisions\/7119"}],"wp:attachment":[{"href":"https:\/\/analisis.dtic.myscriptcase.com\/index.php?rest_route=%2Fwp%2Fv2%2Fmedia&parent=7111"}],"curies":[{"name":"wp","href":"https:\/\/api.w.org\/{rel}","templated":true}]}}