{"id":7197,"date":"2024-11-22T13:04:58","date_gmt":"2024-11-22T13:04:58","guid":{"rendered":"https:\/\/analisis.dtic.myscriptcase.com.cl\/?page_id=7197"},"modified":"2024-12-04T16:08:07","modified_gmt":"2024-12-04T16:08:07","slug":"la-universidad-austral-de-chile-inicia-proceso-de-planificacion-estrategica","status":"publish","type":"page","link":"https:\/\/analisis.dtic.myscriptcase.com\/?page_id=7197","title":{"rendered":"La Universidad Austral de Chile inicia proceso de planificaci\u00f3n estrat\u00e9gica"},"content":{"rendered":"\t\t<div data-elementor-type=\"wp-page\" data-elementor-id=\"7197\" class=\"elementor elementor-7197\">\n\t\t\t\t\t\t\t\t\t<section class=\"elementor-section elementor-top-section elementor-element elementor-element-148fa50 elementor-section-boxed elementor-section-height-default elementor-section-height-default\" data-id=\"148fa50\" data-element_type=\"section\">\n\t\t\t\t\t\t<div class=\"elementor-container elementor-column-gap-default\">\n\t\t\t\t\t<div class=\"elementor-column elementor-col-66 elementor-top-column elementor-element elementor-element-be35b75\" data-id=\"be35b75\" data-element_type=\"column\">\n\t\t\t<div class=\"elementor-widget-wrap elementor-element-populated\">\n\t\t\t\t\t\t\t\t<div class=\"elementor-element elementor-element-51ec2bf elementor-widget elementor-widget-spacer\" data-id=\"51ec2bf\" data-element_type=\"widget\" data-widget_type=\"spacer.default\">\n\t\t\t\t<div class=\"elementor-widget-container\">\n\t\t\t<style>\/*! elementor - v3.6.7 - 03-07-2022 *\/\n.e-container.e-container--row .elementor-spacer-inner{width:var(--spacer-size)}.e-container.e-container--column .elementor-spacer-inner,.elementor-column .elementor-spacer-inner{height:var(--spacer-size)}<\/style>\t\t<div class=\"elementor-spacer\">\n\t\t\t<div class=\"elementor-spacer-inner\"><\/div>\n\t\t<\/div>\n\t\t\t\t<\/div>\n\t\t\t\t<\/div>\n\t\t\t\t<div class=\"elementor-element elementor-element-88f9cac elementor-widget elementor-widget-heading\" data-id=\"88f9cac\" data-element_type=\"widget\" data-widget_type=\"heading.default\">\n\t\t\t\t<div class=\"elementor-widget-container\">\n\t\t\t<style>\/*! elementor - v3.6.7 - 03-07-2022 *\/\n.elementor-heading-title{padding:0;margin:0;line-height:1}.elementor-widget-heading .elementor-heading-title[class*=elementor-size-]>a{color:inherit;font-size:inherit;line-height:inherit}.elementor-widget-heading .elementor-heading-title.elementor-size-small{font-size:15px}.elementor-widget-heading .elementor-heading-title.elementor-size-medium{font-size:19px}.elementor-widget-heading .elementor-heading-title.elementor-size-large{font-size:29px}.elementor-widget-heading .elementor-heading-title.elementor-size-xl{font-size:39px}.elementor-widget-heading .elementor-heading-title.elementor-size-xxl{font-size:59px}<\/style><h2 class=\"elementor-heading-title elementor-size-default\">La Universidad Austral de Chile inicia proceso de planificaci\u00f3n estrat\u00e9gica<\/h2>\t\t<\/div>\n\t\t\t\t<\/div>\n\t\t\t\t<div class=\"elementor-element elementor-element-1ab01d8 elementor-widget elementor-widget-image\" data-id=\"1ab01d8\" data-element_type=\"widget\" data-widget_type=\"image.default\">\n\t\t\t\t<div class=\"elementor-widget-container\">\n\t\t\t<style>\/*! elementor - v3.6.7 - 03-07-2022 *\/\n.elementor-widget-image{text-align:center}.elementor-widget-image a{display:inline-block}.elementor-widget-image a img[src$=\".svg\"]{width:48px}.elementor-widget-image img{vertical-align:middle;display:inline-block}<\/style>\t\t\t\t\t\t\t\t\t<figure class=\"wp-caption\">\n\t\t\t\t\t\t\t\t\t\t<img loading=\"lazy\" decoding=\"async\" width=\"800\" height=\"600\" src=\"https:\/\/analisis.dtic.myscriptcase.com\/wp-content\/uploads\/2024\/11\/WhatsApp-Image-2024-11-18-at-6.32.42-PM-2-1-1170x878-1-1024x768.jpeg\" class=\"attachment-large size-large\" alt=\"\" srcset=\"https:\/\/analisis.dtic.myscriptcase.com\/wp-content\/uploads\/2024\/11\/WhatsApp-Image-2024-11-18-at-6.32.42-PM-2-1-1170x878-1-1024x768.jpeg 1024w, https:\/\/analisis.dtic.myscriptcase.com\/wp-content\/uploads\/2024\/11\/WhatsApp-Image-2024-11-18-at-6.32.42-PM-2-1-1170x878-1-300x225.jpeg 300w, https:\/\/analisis.dtic.myscriptcase.com\/wp-content\/uploads\/2024\/11\/WhatsApp-Image-2024-11-18-at-6.32.42-PM-2-1-1170x878-1-768x576.jpeg 768w, https:\/\/analisis.dtic.myscriptcase.com\/wp-content\/uploads\/2024\/11\/WhatsApp-Image-2024-11-18-at-6.32.42-PM-2-1-1170x878-1.jpeg 1170w\" sizes=\"auto, (max-width: 800px) 100vw, 800px\" \/>\t\t\t\t\t\t\t\t\t\t\t<figcaption class=\"widget-image-caption wp-caption-text\">La UACh, inicia un proceso de planificaci\u00f3n estrat\u00e9gica, con el objetivo de consolidar su liderazgo en el sur austral y proyectarse como una instituci\u00f3n de excelencia a nivel nacional e internacional.<\/figcaption>\n\t\t\t\t\t\t\t\t\t\t<\/figure>\n\t\t\t\t\t\t\t\t\t<\/div>\n\t\t\t\t<\/div>\n\t\t\t\t<div class=\"elementor-element elementor-element-d454b68 elementor-widget elementor-widget-text-editor\" data-id=\"d454b68\" data-element_type=\"widget\" data-widget_type=\"text-editor.default\">\n\t\t\t\t<div class=\"elementor-widget-container\">\n\t\t\t<style>\/*! elementor - v3.6.7 - 03-07-2022 *\/\n.elementor-widget-text-editor.elementor-drop-cap-view-stacked .elementor-drop-cap{background-color:#818a91;color:#fff}.elementor-widget-text-editor.elementor-drop-cap-view-framed .elementor-drop-cap{color:#818a91;border:3px solid;background-color:transparent}.elementor-widget-text-editor:not(.elementor-drop-cap-view-default) .elementor-drop-cap{margin-top:8px}.elementor-widget-text-editor:not(.elementor-drop-cap-view-default) .elementor-drop-cap-letter{width:1em;height:1em}.elementor-widget-text-editor .elementor-drop-cap{float:left;text-align:center;line-height:1;font-size:50px}.elementor-widget-text-editor .elementor-drop-cap-letter{display:inline-block}<\/style>\t\t\t\t<p>En la Sala Paraninfo del Campus Isla Teja en Valdivia y con la presencia de autoridades e integrantes de la comunidad UACh se dio inicio oficial al proceso de elaboraci\u00f3n del Plan Estrat\u00e9gico Institucional 2025-2029 de la Universidad Austral de Chile, el que permitir\u00e1 proyectar a la casa de estudios superiores a futuro.<\/p><p>De esta forma, entre noviembre y diciembre de 2024 y enero de 2025 la comunidad universitaria enriquecer\u00e1 el marco y prop\u00f3sitos estrat\u00e9gicos para la elaboraci\u00f3n de este plan, el cual fue desarrollado por el Comit\u00e9 Asesor de Planificaci\u00f3n Estrat\u00e9gica durante tres meses. Este proceso sistem\u00e1tico y ordenado de reflexi\u00f3n es impulsado desde la Prorrector\u00eda y su Direcci\u00f3n de Desarrollo Estrat\u00e9gico con el objeto de proporcionar el rumbo de la instituci\u00f3n para los pr\u00f3ximos 5 a\u00f1os.<\/p><p><img loading=\"lazy\" decoding=\"async\" class=\"wp-image-195485 alignleft\" src=\"https:\/\/diario.uach.cl\/wp-content\/uploads\/2024\/11\/WhatsApp-Image-2024-11-18-at-6.32.45-PM-300x225.jpeg\" sizes=\"auto, (max-width: 351px) 100vw, 351px\" srcset=\"https:\/\/diario.uach.cl\/wp-content\/uploads\/2024\/11\/WhatsApp-Image-2024-11-18-at-6.32.45-PM-300x225.jpeg 300w, https:\/\/diario.uach.cl\/wp-content\/uploads\/2024\/11\/WhatsApp-Image-2024-11-18-at-6.32.45-PM-1024x768.jpeg 1024w, https:\/\/diario.uach.cl\/wp-content\/uploads\/2024\/11\/WhatsApp-Image-2024-11-18-at-6.32.45-PM-768x576.jpeg 768w, https:\/\/diario.uach.cl\/wp-content\/uploads\/2024\/11\/WhatsApp-Image-2024-11-18-at-6.32.45-PM-1536x1152.jpeg 1536w, https:\/\/diario.uach.cl\/wp-content\/uploads\/2024\/11\/WhatsApp-Image-2024-11-18-at-6.32.45-PM-1170x878.jpeg 1170w, https:\/\/diario.uach.cl\/wp-content\/uploads\/2024\/11\/WhatsApp-Image-2024-11-18-at-6.32.45-PM-585x439.jpeg 585w, https:\/\/diario.uach.cl\/wp-content\/uploads\/2024\/11\/WhatsApp-Image-2024-11-18-at-6.32.45-PM.jpeg 1600w\" alt=\"\" width=\"351\" height=\"263\" \/>Durante el lanzamiento, el Rector de la UACh Dr. Jos\u00e9 D\u00f6rner destac\u00f3 que \u201ctenemos el deber de trabajar para seguir siendo la gran Universidad del sur, la gran Universidad Austral de Chile, la Universidad de origen ciudadano y de sentido p\u00fablico que ha contribuido significativamente al desarrollo de los territorios donde se emplaza, al desarrollo del pa\u00eds y para el mundo\u201d.<\/p><p>La autoridad a\u00f1adi\u00f3 que \u201cen estos 70 a\u00f1os y en esta nueva planificaci\u00f3n estrat\u00e9gica debemos tener en cuenta los desaf\u00edos que tenemos por delante, pero estando orgullosos de los aportes que nuestra querida Universidad ha hecho y que seguir\u00e1 haciendo por el compromiso que tenemos con nuestros territorios, nuestras comunidades y con nosotros mismos\u201d.<\/p><p><strong>Entrega de propuesta de marco y prop\u00f3sitos estrat\u00e9gicos<\/strong><\/p><p>Durante el acto se present\u00f3 un video que refleja la relevancia de un nuevo Plan Estrat\u00e9gico Institucional para la Universidad. Posteriormente, la Prorrectora, Dra. Angara Zambrano, hizo entrega simb\u00f3lica de la propuesta de marco y prop\u00f3sitos estrat\u00e9gicos del Plan Estrat\u00e9gico Institucional 2025-2029 al Rector Dr. Jos\u00e9 D\u00f6rner.<\/p><p>Sobre este hito, la Prorrectora Dra. Angara Zambrano, se\u00f1al\u00f3 que \u201cel resultado de este trabajo conjunto acaba de ser entregado a la Rector\u00eda, en la persona del Rector, como un punto de partida para este proceso de consulta que ahora se llevar\u00e1 a cabo con las autoridades de la Universidad y con toda la comunidad universitaria\u201d.<\/p><p>\u201cHoy m\u00e1s que nunca el Plan Estrat\u00e9gico Institucional es fundamental y su construcci\u00f3n es un proceso participativo en el que toda la comunidad universitaria debe involucrarse porque este plan es el mapa hacia el futuro que hoy estamos construyendo. Invitamos a nuestra comunidad a participar activamente de este proceso\u201d, recalc\u00f3 la Prorrectora.<\/p><p><img loading=\"lazy\" decoding=\"async\" class=\"wp-image-195486 alignright\" src=\"https:\/\/diario.uach.cl\/wp-content\/uploads\/2024\/11\/WhatsApp-Image-2024-11-18-at-6.32.39-PM-1-300x225.jpeg\" sizes=\"auto, (max-width: 351px) 100vw, 351px\" srcset=\"https:\/\/diario.uach.cl\/wp-content\/uploads\/2024\/11\/WhatsApp-Image-2024-11-18-at-6.32.39-PM-1-300x225.jpeg 300w, https:\/\/diario.uach.cl\/wp-content\/uploads\/2024\/11\/WhatsApp-Image-2024-11-18-at-6.32.39-PM-1-1024x768.jpeg 1024w, https:\/\/diario.uach.cl\/wp-content\/uploads\/2024\/11\/WhatsApp-Image-2024-11-18-at-6.32.39-PM-1-768x576.jpeg 768w, https:\/\/diario.uach.cl\/wp-content\/uploads\/2024\/11\/WhatsApp-Image-2024-11-18-at-6.32.39-PM-1-1170x878.jpeg 1170w, https:\/\/diario.uach.cl\/wp-content\/uploads\/2024\/11\/WhatsApp-Image-2024-11-18-at-6.32.39-PM-1-585x439.jpeg 585w, https:\/\/diario.uach.cl\/wp-content\/uploads\/2024\/11\/WhatsApp-Image-2024-11-18-at-6.32.39-PM-1.jpeg 1448w\" alt=\"\" width=\"351\" height=\"263\" \/>La ceremonia finaliz\u00f3 con una presentaci\u00f3n de estudiantes del Conservatorio de M\u00fasica UACh, a cargo de la profesora Andrea B\u00e1ez.<\/p><p><strong>Opiniones<\/strong><\/p><p>La Decana de la Facultad de Ciencias Jur\u00eddicas y Sociales, Dra. Daniela Accatino, se\u00f1al\u00f3 que \u201ces muy importante dar el vamos a un proceso que es clave para ordenar nuestra ruta, nuestras voluntades y ponernos objetivos compartidos, comunes y claros para los pr\u00f3ximos a\u00f1os que nos mantengan como Universidad de excelencia, compleja y sostenible\u201d.<\/p><p>La Decana de la Facultad de Ciencias Agrarias y Alimentarias, Dra. Carolina Lizana, plante\u00f3 que \u201ces un hito muy importante dar el puntapi\u00e9 inicial a este proceso que va a ser participativo y que adem\u00e1s nos impulsa a poder pensar los desaf\u00edos que tenemos en el futuro, en el mediano y tambi\u00e9n en el largo plazo a trav\u00e9s de la misi\u00f3n y la visi\u00f3n que la Universidad debe tener para seguir impartiendo docencia de excelencia e investigaci\u00f3n de alto nivel\u201d.<\/p><p>Este proceso liderado por la Prorrector\u00eda, a trav\u00e9s de la Direcci\u00f3n de Desarrollo Estrat\u00e9gico, ha sido apoyado por el Comit\u00e9 Asesor de Planificaci\u00f3n Estrat\u00e9gica, compuesto por la Dra. Anita Behn, el Dr. Gustavo Blanco, la Mg. Gabriela Manoli, la Dra. Judit Lisoni, el Mg. Luis Reinoso, la Dra. Laura Rodr\u00edguez y el Mg. Jos\u00e9 de la Vega Malinconi.<\/p><p>La Dra. Anita Behn indic\u00f3 que \u201ces muy positivo el poder haber hecho un primer paso y haber podido trabajar con una visi\u00f3n a largo plazo de lo que es y va a ser la Universidad. Me alegra poder ahora empezar a trabajar ya en detalles. Los lineamientos macro est\u00e1n y ahora queremos de verdad trabajar de tal forma de que podamos aportar y ayudar a sacar adelante la Universidad\u201d.<\/p><p><img loading=\"lazy\" decoding=\"async\" class=\"wp-image-195484 alignleft\" src=\"https:\/\/diario.uach.cl\/wp-content\/uploads\/2024\/11\/WhatsApp-Image-2024-11-18-at-6.32.43-PM-300x225.jpeg\" sizes=\"auto, (max-width: 351px) 100vw, 351px\" srcset=\"https:\/\/diario.uach.cl\/wp-content\/uploads\/2024\/11\/WhatsApp-Image-2024-11-18-at-6.32.43-PM-300x225.jpeg 300w, https:\/\/diario.uach.cl\/wp-content\/uploads\/2024\/11\/WhatsApp-Image-2024-11-18-at-6.32.43-PM-1024x768.jpeg 1024w, https:\/\/diario.uach.cl\/wp-content\/uploads\/2024\/11\/WhatsApp-Image-2024-11-18-at-6.32.43-PM-768x576.jpeg 768w, https:\/\/diario.uach.cl\/wp-content\/uploads\/2024\/11\/WhatsApp-Image-2024-11-18-at-6.32.43-PM-1536x1152.jpeg 1536w, https:\/\/diario.uach.cl\/wp-content\/uploads\/2024\/11\/WhatsApp-Image-2024-11-18-at-6.32.43-PM-1170x878.jpeg 1170w, https:\/\/diario.uach.cl\/wp-content\/uploads\/2024\/11\/WhatsApp-Image-2024-11-18-at-6.32.43-PM-585x439.jpeg 585w, https:\/\/diario.uach.cl\/wp-content\/uploads\/2024\/11\/WhatsApp-Image-2024-11-18-at-6.32.43-PM.jpeg 1600w\" alt=\"\" width=\"351\" height=\"263\" \/>Por su parte, el Dr. Gustavo Blanco agreg\u00f3 que esta ceremonia fue \u201cun anuncio del trabajo previo que se ha hecho y que sent\u00f3 un poco el marco estrat\u00e9gico, el que ahora necesita tener un trabajo mucho m\u00e1s preciso donde los distintos integrantes y estamentos de la comunidad universitaria pueden imprimir su visi\u00f3n. Por lo tanto, todav\u00eda hay un espacio interesante de aportes espec\u00edficos de los distintos estamentos\u201d.<\/p><p><strong>Cinco etapas<\/strong><\/p><p>Durante el presente a\u00f1o el Plan Estrat\u00e9gico Institucional 2020-2023, prorrogado hasta el 31 de diciembre de 2024 por Decreto N\u00b02 de 2024, culminar\u00e1 su aplicaci\u00f3n, realizando su respectivo seguimiento y an\u00e1lisis de resultados. Por lo tanto, se dio inicio al proceso de planificaci\u00f3n estrat\u00e9gica institucional para el siguiente periodo.<\/p><p>La propuesta metodol\u00f3gica del Plan Estrat\u00e9gico Institucional 2025-2029, presentada a los cuerpos colegiados, considera cinco etapas, las que incluyen la exposici\u00f3n del marco metodol\u00f3gico, el diagn\u00f3stico estrat\u00e9gico, el marco y prop\u00f3sitos estrat\u00e9gicos, consulta a la comunidad y propuesta final que deber\u00e1 ser visado y aprobado por los cuerpos colegiados en marzo de 2025. Actualmente, nuestra Universidad est\u00e1 en la tercera etapa y ad-portas de ingresar a la cuarta.<br \/>fuente: <a href=\"https:\/\/diario.uach.cl\/la-universidad-austral-de-chile-inicia-proceso-de-planificacion-estrategica\/\">La Universidad Austral de Chile inicia proceso de planificaci\u00f3n estrat\u00e9gica \u2013 Noticias UACh<\/a><\/p>\t\t\t\t\t\t<\/div>\n\t\t\t\t<\/div>\n\t\t\t\t\t<\/div>\n\t\t<\/div>\n\t\t\t\t<div class=\"elementor-column elementor-col-33 elementor-top-column elementor-element elementor-element-786fb16\" data-id=\"786fb16\" data-element_type=\"column\">\n\t\t\t<div class=\"elementor-widget-wrap elementor-element-populated\">\n\t\t\t\t\t\t\t\t<div class=\"elementor-element elementor-element-fb704aa elementor-widget elementor-widget-heading\" data-id=\"fb704aa\" data-element_type=\"widget\" data-widget_type=\"heading.default\">\n\t\t\t\t<div class=\"elementor-widget-container\">\n\t\t\t<h2 class=\"elementor-heading-title elementor-size-default\">Noticias<\/h2>\t\t<\/div>\n\t\t\t\t<\/div>\n\t\t\t\t<div class=\"elementor-element elementor-element-760449e elementor-grid-1 elementor-posts--thumbnail-none elementor-grid-tablet-2 elementor-grid-mobile-1 elementor-widget elementor-widget-posts\" data-id=\"760449e\" data-element_type=\"widget\" data-settings=\"{&quot;classic_columns&quot;:&quot;1&quot;,&quot;classic_columns_tablet&quot;:&quot;2&quot;,&quot;classic_columns_mobile&quot;:&quot;1&quot;,&quot;classic_row_gap&quot;:{&quot;unit&quot;:&quot;px&quot;,&quot;size&quot;:35,&quot;sizes&quot;:[]},&quot;classic_row_gap_tablet&quot;:{&quot;unit&quot;:&quot;px&quot;,&quot;size&quot;:&quot;&quot;,&quot;sizes&quot;:[]},&quot;classic_row_gap_mobile&quot;:{&quot;unit&quot;:&quot;px&quot;,&quot;size&quot;:&quot;&quot;,&quot;sizes&quot;:[]}}\" data-widget_type=\"posts.classic\">\n\t\t\t\t<div class=\"elementor-widget-container\">\n\t\t\t<link rel=\"stylesheet\" href=\"https:\/\/analisis.dtic.myscriptcase.com\/wp-content\/plugins\/elementor-pro\/assets\/css\/widget-posts.min.css\">\t\t<div class=\"elementor-posts-container elementor-posts elementor-posts--skin-classic elementor-grid\">\n\t\t\t\t<article class=\"elementor-post elementor-grid-item post-7210 page type-page status-publish hentry\">\n\t\t\t\t<div class=\"elementor-post__text\">\n\t\t\t\t<h3 class=\"elementor-post__title\">\n\t\t\t<a href=\"https:\/\/analisis.dtic.myscriptcase.com\/?page_id=7210\" >\n\t\t\t\tSocializan proceso de elaboraci\u00f3n del nuevo Plan Estrat\u00e9gico institucional\t\t\t<\/a>\n\t\t<\/h3>\n\t\t\t\t<div class=\"elementor-post__meta-data\">\n\t\t\t\t\t<span class=\"elementor-post-date\">\n\t\t\t22 de noviembre de 2024\t\t<\/span>\n\t\t\t\t<\/div>\n\t\t\t\t<\/div>\n\t\t\t\t<\/article>\n\t\t\t\t<article class=\"elementor-post elementor-grid-item post-7197 page type-page status-publish hentry\">\n\t\t\t\t<div class=\"elementor-post__text\">\n\t\t\t\t<h3 class=\"elementor-post__title\">\n\t\t\t<a href=\"https:\/\/analisis.dtic.myscriptcase.com\/?page_id=7197\" >\n\t\t\t\tLa Universidad Austral de Chile inicia proceso de planificaci\u00f3n estrat\u00e9gica\t\t\t<\/a>\n\t\t<\/h3>\n\t\t\t\t<div class=\"elementor-post__meta-data\">\n\t\t\t\t\t<span class=\"elementor-post-date\">\n\t\t\t22 de noviembre de 2024\t\t<\/span>\n\t\t\t\t<\/div>\n\t\t\t\t<\/div>\n\t\t\t\t<\/article>\n\t\t\t\t<article class=\"elementor-post elementor-grid-item post-7111 page type-page status-publish hentry\">\n\t\t\t\t<div class=\"elementor-post__text\">\n\t\t\t\t<h3 class=\"elementor-post__title\">\n\t\t\t<a href=\"https:\/\/analisis.dtic.myscriptcase.com\/?page_id=7111\" >\n\t\t\t\tPlan Estrat\u00e9gico UACh: Un compromiso colectivo\t\t\t<\/a>\n\t\t<\/h3>\n\t\t\t\t<div class=\"elementor-post__meta-data\">\n\t\t\t\t\t<span class=\"elementor-post-date\">\n\t\t\t8 de noviembre de 2024\t\t<\/span>\n\t\t\t\t<\/div>\n\t\t\t\t<\/div>\n\t\t\t\t<\/article>\n\t\t\t\t<article class=\"elementor-post elementor-grid-item post-7067 page type-page status-publish hentry\">\n\t\t\t\t<div class=\"elementor-post__text\">\n\t\t\t\t<h3 class=\"elementor-post__title\">\n\t\t\t<a href=\"https:\/\/analisis.dtic.myscriptcase.com\/?page_id=7067\" >\n\t\t\t\tComit\u00e9 defini\u00f3 marco para la elaboraci\u00f3n de nuevo Plan Estrat\u00e9gico UACh\t\t\t<\/a>\n\t\t<\/h3>\n\t\t\t\t<div class=\"elementor-post__meta-data\">\n\t\t\t\t\t<span class=\"elementor-post-date\">\n\t\t\t30 de octubre de 2024\t\t<\/span>\n\t\t\t\t<\/div>\n\t\t\t\t<\/div>\n\t\t\t\t<\/article>\n\t\t\t\t<article class=\"elementor-post elementor-grid-item post-6836 page type-page status-publish hentry\">\n\t\t\t\t<div class=\"elementor-post__text\">\n\t\t\t\t<h3 class=\"elementor-post__title\">\n\t\t\t<a href=\"https:\/\/analisis.dtic.myscriptcase.com\/?page_id=6836\" >\n\t\t\t\tSesion\u00f3 comit\u00e9 que acompa\u00f1ar\u00e1 elaboraci\u00f3n de nuevo Plan Estrat\u00e9gico UACh\t\t\t<\/a>\n\t\t<\/h3>\n\t\t\t\t<div class=\"elementor-post__meta-data\">\n\t\t\t\t\t<span class=\"elementor-post-date\">\n\t\t\t6 de agosto de 2024\t\t<\/span>\n\t\t\t\t<\/div>\n\t\t\t\t<\/div>\n\t\t\t\t<\/article>\n\t\t\t\t<article class=\"elementor-post elementor-grid-item post-6801 page type-page status-publish hentry\">\n\t\t\t\t<div class=\"elementor-post__text\">\n\t\t\t\t<h3 class=\"elementor-post__title\">\n\t\t\t<a href=\"https:\/\/analisis.dtic.myscriptcase.com\/?page_id=6801\" >\n\t\t\t\tNuevo Director de Desarrollo Estrat\u00e9gico: \u201cLa invitaci\u00f3n es a mirar el futuro de la instituci\u00f3n entre todas y todos\u201d\t\t\t<\/a>\n\t\t<\/h3>\n\t\t\t\t<div class=\"elementor-post__meta-data\">\n\t\t\t\t\t<span class=\"elementor-post-date\">\n\t\t\t28 de junio de 2024\t\t<\/span>\n\t\t\t\t<\/div>\n\t\t\t\t<\/div>\n\t\t\t\t<\/article>\n\t\t\t\t<\/div>\n\n\n\t\t\n\t\t\t\t<\/div>\n\t\t\t\t<\/div>\n\t\t\t\t\t<\/div>\n\t\t<\/div>\n\t\t\t\t\t\t\t<\/div>\n\t\t<\/section>\n\t\t\t\t\t\t\t<\/div>\n\t\t","protected":false},"excerpt":{"rendered":"<p>La Universidad Austral de Chile inicia proceso de planificaci\u00f3n estrat\u00e9gica La UACh, inicia un proceso de planificaci\u00f3n estrat\u00e9gica, con el objetivo de consolidar su liderazgo<\/p>\n","protected":false},"author":5,"featured_media":0,"parent":0,"menu_order":0,"comment_status":"closed","ping_status":"closed","template":"","meta":{"om_disable_all_campaigns":false,"_monsterinsights_skip_tracking":false,"_monsterinsights_sitenote_active":false,"_monsterinsights_sitenote_note":"","_monsterinsights_sitenote_category":0,"_uf_show_specific_survey":0,"_uf_disable_surveys":false,"footnotes":""},"class_list":["post-7197","page","type-page","status-publish","hentry"],"aioseo_notices":[],"_links":{"self":[{"href":"https:\/\/analisis.dtic.myscriptcase.com\/index.php?rest_route=\/wp\/v2\/pages\/7197","targetHints":{"allow":["GET"]}}],"collection":[{"href":"https:\/\/analisis.dtic.myscriptcase.com\/index.php?rest_route=\/wp\/v2\/pages"}],"about":[{"href":"https:\/\/analisis.dtic.myscriptcase.com\/index.php?rest_route=\/wp\/v2\/types\/page"}],"author":[{"embeddable":true,"href":"https:\/\/analisis.dtic.myscriptcase.com\/index.php?rest_route=\/wp\/v2\/users\/5"}],"replies":[{"embeddable":true,"href":"https:\/\/analisis.dtic.myscriptcase.com\/index.php?rest_route=%2Fwp%2Fv2%2Fcomments&post=7197"}],"version-history":[{"count":13,"href":"https:\/\/analisis.dtic.myscriptcase.com\/index.php?rest_route=\/wp\/v2\/pages\/7197\/revisions"}],"predecessor-version":[{"id":7255,"href":"https:\/\/analisis.dtic.myscriptcase.com\/index.php?rest_route=\/wp\/v2\/pages\/7197\/revisions\/7255"}],"wp:attachment":[{"href":"https:\/\/analisis.dtic.myscriptcase.com\/index.php?rest_route=%2Fwp%2Fv2%2Fmedia&parent=7197"}],"curies":[{"name":"wp","href":"https:\/\/api.w.org\/{rel}","templated":true}]}}