{"id":7210,"date":"2024-11-22T13:18:11","date_gmt":"2024-11-22T13:18:11","guid":{"rendered":"https:\/\/analisis.dtic.myscriptcase.com.cl\/?page_id=7210"},"modified":"2024-12-04T16:08:05","modified_gmt":"2024-12-04T16:08:05","slug":"socializan-proceso-de-elaboracion-del-nuevo-plan-estrategico-institucional","status":"publish","type":"page","link":"https:\/\/analisis.dtic.myscriptcase.com\/?page_id=7210","title":{"rendered":"Socializan proceso de elaboraci\u00f3n del nuevo Plan Estrat\u00e9gico institucional"},"content":{"rendered":"\t\t<div data-elementor-type=\"wp-page\" data-elementor-id=\"7210\" class=\"elementor elementor-7210\">\n\t\t\t\t\t\t\t\t\t<section class=\"elementor-section elementor-top-section elementor-element elementor-element-74c9570 elementor-section-boxed elementor-section-height-default elementor-section-height-default\" data-id=\"74c9570\" data-element_type=\"section\">\n\t\t\t\t\t\t<div class=\"elementor-container elementor-column-gap-default\">\n\t\t\t\t\t<div class=\"elementor-column elementor-col-66 elementor-top-column elementor-element elementor-element-811fa78\" data-id=\"811fa78\" data-element_type=\"column\">\n\t\t\t<div class=\"elementor-widget-wrap elementor-element-populated\">\n\t\t\t\t\t\t\t\t<div class=\"elementor-element elementor-element-f418d00 elementor-widget elementor-widget-spacer\" data-id=\"f418d00\" data-element_type=\"widget\" data-widget_type=\"spacer.default\">\n\t\t\t\t<div class=\"elementor-widget-container\">\n\t\t\t<style>\/*! elementor - v3.6.7 - 03-07-2022 *\/\n.e-container.e-container--row .elementor-spacer-inner{width:var(--spacer-size)}.e-container.e-container--column .elementor-spacer-inner,.elementor-column .elementor-spacer-inner{height:var(--spacer-size)}<\/style>\t\t<div class=\"elementor-spacer\">\n\t\t\t<div class=\"elementor-spacer-inner\"><\/div>\n\t\t<\/div>\n\t\t\t\t<\/div>\n\t\t\t\t<\/div>\n\t\t\t\t<div class=\"elementor-element elementor-element-a065b9a elementor-widget elementor-widget-heading\" data-id=\"a065b9a\" data-element_type=\"widget\" data-widget_type=\"heading.default\">\n\t\t\t\t<div class=\"elementor-widget-container\">\n\t\t\t<style>\/*! elementor - v3.6.7 - 03-07-2022 *\/\n.elementor-heading-title{padding:0;margin:0;line-height:1}.elementor-widget-heading .elementor-heading-title[class*=elementor-size-]>a{color:inherit;font-size:inherit;line-height:inherit}.elementor-widget-heading .elementor-heading-title.elementor-size-small{font-size:15px}.elementor-widget-heading .elementor-heading-title.elementor-size-medium{font-size:19px}.elementor-widget-heading .elementor-heading-title.elementor-size-large{font-size:29px}.elementor-widget-heading .elementor-heading-title.elementor-size-xl{font-size:39px}.elementor-widget-heading .elementor-heading-title.elementor-size-xxl{font-size:59px}<\/style><h2 class=\"elementor-heading-title elementor-size-default\">Socializan proceso de elaboraci\u00f3n del nuevo Plan Estrat\u00e9gico institucional<\/h2>\t\t<\/div>\n\t\t\t\t<\/div>\n\t\t\t\t<div class=\"elementor-element elementor-element-817eb5a elementor-widget elementor-widget-image\" data-id=\"817eb5a\" data-element_type=\"widget\" data-widget_type=\"image.default\">\n\t\t\t\t<div class=\"elementor-widget-container\">\n\t\t\t<style>\/*! elementor - v3.6.7 - 03-07-2022 *\/\n.elementor-widget-image{text-align:center}.elementor-widget-image a{display:inline-block}.elementor-widget-image a img[src$=\".svg\"]{width:48px}.elementor-widget-image img{vertical-align:middle;display:inline-block}<\/style>\t\t\t\t\t\t\t\t\t<figure class=\"wp-caption\">\n\t\t\t\t\t\t\t\t\t\t<img loading=\"lazy\" decoding=\"async\" width=\"800\" height=\"445\" src=\"https:\/\/analisis.dtic.myscriptcase.com\/wp-content\/uploads\/2024\/11\/agrarias-1024x569.png\" class=\"attachment-large size-large\" alt=\"\" srcset=\"https:\/\/analisis.dtic.myscriptcase.com\/wp-content\/uploads\/2024\/11\/agrarias-1024x569.png 1024w, https:\/\/analisis.dtic.myscriptcase.com\/wp-content\/uploads\/2024\/11\/agrarias-300x167.png 300w, https:\/\/analisis.dtic.myscriptcase.com\/wp-content\/uploads\/2024\/11\/agrarias-768x427.png 768w, https:\/\/analisis.dtic.myscriptcase.com\/wp-content\/uploads\/2024\/11\/agrarias.png 1047w\" sizes=\"auto, (max-width: 800px) 100vw, 800px\" \/>\t\t\t\t\t\t\t\t\t\t\t<figcaption class=\"widget-image-caption wp-caption-text\">Representantes de las facultades del \u00e1rea silvoagropecuaria de la UACh participaron en este encuentro, cuyo prop\u00f3sito fue dar a conocer las etapas para elaborar el Plan Estrat\u00e9gico 2025\u20132029.<\/figcaption>\n\t\t\t\t\t\t\t\t\t\t<\/figure>\n\t\t\t\t\t\t\t\t\t<\/div>\n\t\t\t\t<\/div>\n\t\t\t\t<div class=\"elementor-element elementor-element-ce0623d elementor-widget elementor-widget-text-editor\" data-id=\"ce0623d\" data-element_type=\"widget\" data-widget_type=\"text-editor.default\">\n\t\t\t\t<div class=\"elementor-widget-container\">\n\t\t\t<style>\/*! elementor - v3.6.7 - 03-07-2022 *\/\n.elementor-widget-text-editor.elementor-drop-cap-view-stacked .elementor-drop-cap{background-color:#818a91;color:#fff}.elementor-widget-text-editor.elementor-drop-cap-view-framed .elementor-drop-cap{color:#818a91;border:3px solid;background-color:transparent}.elementor-widget-text-editor:not(.elementor-drop-cap-view-default) .elementor-drop-cap{margin-top:8px}.elementor-widget-text-editor:not(.elementor-drop-cap-view-default) .elementor-drop-cap-letter{width:1em;height:1em}.elementor-widget-text-editor .elementor-drop-cap{float:left;text-align:center;line-height:1;font-size:50px}.elementor-widget-text-editor .elementor-drop-cap-letter{display:inline-block}<\/style>\t\t\t\t<p>Una reuni\u00f3n con los equipos directivos de las Facultades de Ciencias Agrarias y Alimentarias, Ciencias Forestales y Recursos Naturales, y Ciencias Veterinarias, sostuvo el equipo de Planificaci\u00f3n Estrat\u00e9gica de la Universidad Austral de Chile.<\/p><p>El encuentro se realiz\u00f3 el jueves 21 de noviembre en la sala Federico Saelzer, lugar donde el Jefe de An\u00e1lisis Institucional y de Planificaci\u00f3n Estrat\u00e9gica, Felipe Leiva, expuso el cronograma del actual proceso que tiene como meta contar con un instrumento aprobado en marzo del pr\u00f3ximo a\u00f1o.<\/p><p>Leiva se\u00f1al\u00f3 que se contemplan cinco etapas en la construcci\u00f3n del plan: elaboraci\u00f3n del marco metodol\u00f3gico, diagn\u00f3stico estrat\u00e9gico, definici\u00f3n del marco y prop\u00f3sitos estrat\u00e9gicos, consulta a la comunidad y la entrega de una propuesta de Plan Estrat\u00e9gico a los Cuerpos Colegiados.<\/p><p>\u201cHoy estamos socializando el proceso en todas las Facultades para que se entienda adecuadamente c\u00f3mo es la org\u00e1nica de funcionamiento de este proceso de planificaci\u00f3n y, sobre todo, invitando a que est\u00e9n atentos los integrantes de la comunidad universitaria a las etapas de participaci\u00f3n que se van a abrir para opinar respecto de las propuestas de marco estrat\u00e9gico, prop\u00f3sito estrat\u00e9gico, de objetivos para el plan 2025\u20132029\u201d, enfatiz\u00f3.<\/p><p><img loading=\"lazy\" decoding=\"async\" class=\"alignnone wp-image-33595 size-full\" src=\"https:\/\/agrarias.uach.cl\/wp-content\/uploads\/2024\/11\/Reunion-Plan-Estrategico-04-scaled.jpg\" sizes=\"auto, (max-width: 2560px) 100vw, 2560px\" srcset=\"https:\/\/agrarias.uach.cl\/wp-content\/uploads\/2024\/11\/Reunion-Plan-Estrategico-04-scaled.jpg 2560w, https:\/\/agrarias.uach.cl\/wp-content\/uploads\/2024\/11\/Reunion-Plan-Estrategico-04-300x169.jpg 300w, https:\/\/agrarias.uach.cl\/wp-content\/uploads\/2024\/11\/Reunion-Plan-Estrategico-04-1024x576.jpg 1024w, https:\/\/agrarias.uach.cl\/wp-content\/uploads\/2024\/11\/Reunion-Plan-Estrategico-04-768x432.jpg 768w, https:\/\/agrarias.uach.cl\/wp-content\/uploads\/2024\/11\/Reunion-Plan-Estrategico-04-1536x864.jpg 1536w, https:\/\/agrarias.uach.cl\/wp-content\/uploads\/2024\/11\/Reunion-Plan-Estrategico-04-2048x1152.jpg 2048w, https:\/\/agrarias.uach.cl\/wp-content\/uploads\/2024\/11\/Reunion-Plan-Estrategico-04-750x422.jpg 750w, https:\/\/agrarias.uach.cl\/wp-content\/uploads\/2024\/11\/Reunion-Plan-Estrategico-04-1140x641.jpg 1140w\" alt=\"\" width=\"2560\" height=\"1440\" \/><\/p><p><strong>Visi\u00f3n de las Facultades<\/strong><\/p><p>La reuni\u00f3n permiti\u00f3 no s\u00f3lo conocer el cronograma de este proceso, sino tambi\u00e9n sostener un di\u00e1logo en torno a la situaci\u00f3n actual de la Universidad, su proyecci\u00f3n institucional y c\u00f3mo se integran estos aspectos en la planificaci\u00f3n estrat\u00e9gica.<\/p><p>El Decano de la Facultad de Ciencias Veterinarias, Dr. Rafael Burgos, indic\u00f3 que \u201ces importante fortalecer el proceso de planificaci\u00f3n, as\u00ed que ha sido muy interesante, la discusi\u00f3n fue franca y se pusieron distintos temas y distintas visiones que van enriqueciendo el plan que va a tener la universidad los pr\u00f3ximos a\u00f1os\u201d.<\/p><p>Para la Decana de la Facultad de Ciencias Agrarias y Alimentarias, Dra. Carolina Lizana, \u201cel proceso de planificaci\u00f3n estrat\u00e9gica es de vital importancia, especialmente en el contexto actual que vive la educaci\u00f3n superior y especialmente la Universidad Austral de Chile. Es muy necesario que se realice de forma transparente, participativa y que nos permita proyectar la instituci\u00f3n no s\u00f3lo para mantener sus est\u00e1ndares de calidad en el futuro, sino que se haga con mayor eficiencia para proyectar la sostenibilidad de la instituci\u00f3n\u201d.<\/p><p><img loading=\"lazy\" decoding=\"async\" class=\"alignnone wp-image-33596 size-full\" src=\"https:\/\/agrarias.uach.cl\/wp-content\/uploads\/2024\/11\/Reunion-Plan-Estrategico-02-scaled.jpg\" sizes=\"auto, (max-width: 2560px) 100vw, 2560px\" srcset=\"https:\/\/agrarias.uach.cl\/wp-content\/uploads\/2024\/11\/Reunion-Plan-Estrategico-02-scaled.jpg 2560w, https:\/\/agrarias.uach.cl\/wp-content\/uploads\/2024\/11\/Reunion-Plan-Estrategico-02-300x169.jpg 300w, https:\/\/agrarias.uach.cl\/wp-content\/uploads\/2024\/11\/Reunion-Plan-Estrategico-02-1024x576.jpg 1024w, https:\/\/agrarias.uach.cl\/wp-content\/uploads\/2024\/11\/Reunion-Plan-Estrategico-02-768x432.jpg 768w, https:\/\/agrarias.uach.cl\/wp-content\/uploads\/2024\/11\/Reunion-Plan-Estrategico-02-1536x864.jpg 1536w, https:\/\/agrarias.uach.cl\/wp-content\/uploads\/2024\/11\/Reunion-Plan-Estrategico-02-2048x1152.jpg 2048w, https:\/\/agrarias.uach.cl\/wp-content\/uploads\/2024\/11\/Reunion-Plan-Estrategico-02-750x422.jpg 750w, https:\/\/agrarias.uach.cl\/wp-content\/uploads\/2024\/11\/Reunion-Plan-Estrategico-02-1140x641.jpg 1140w\" alt=\"\" width=\"2560\" height=\"1440\" \/><\/p><p>En tanto el Dr. \u00d3scar Thiers, Decano de la Facultad de Ciencias Forestales y Recursos Naturales, se\u00f1al\u00f3 que \u00abel inicio de un proceso de planificaci\u00f3n estrat\u00e9gica en una universidad regional como la UACh es una oportunidad clave para fortalecer su relevancia e impacto en la comunidad. Desde esta perspectiva, es fundamental adoptar un enfoque estructurado que integre el an\u00e1lisis, la visi\u00f3n y la participaci\u00f3n inclusiva del medio interno, pero tambi\u00e9n externo\u00bb.<\/p><p>En este sentido, resalt\u00f3 que el diagn\u00f3stico que se realice\u00a0debe ir m\u00e1s all\u00e1 de las m\u00e9tricas tradicionales, considerando factores culturales, sociales y econ\u00f3micos que reflejen las particularidades del entorno regional, \u00abpero sin olvidar que nos encontramos en medio de un plan de recuperaci\u00f3n, y que nos permitir\u00e1 proyectar hacia un futuro\u00bb, a\u00f1adi\u00f3.<\/p><p>Finalmente, el Dr. Thiers recalc\u00f3 la importancia de la revisi\u00f3n de la misi\u00f3n, visi\u00f3n y valores institucionales que defini\u00f3 como \u00abesencial para proyectar un horizonte claro, pero sostenible para los pr\u00f3ximos a\u00f1os. Una universidad regional, pero con impacto internacional, debe posicionarse como un agente de cambio en su entorno, por lo que estos elementos deben ser aut\u00e9nticos, inspiradores y estrat\u00e9gicamente dise\u00f1ados para reflejar ese compromiso con la transformaci\u00f3n hacia y desde la instituci\u00f3n y su entorno\u00bb.<\/p><p><strong>\u00bfQu\u00e9 es un Plan Estrat\u00e9gico?<\/strong><\/p><p>Un plan estrat\u00e9gico es una herramienta de gesti\u00f3n que permite organizar las actividades necesarias para cumplir los objetivos de largo plazo y tambi\u00e9n realizar seguimiento y control sobre su ejecuci\u00f3n de manera peri\u00f3dica. Ello con el prop\u00f3sito de verificar el nivel de avance de las metas estipuladas y realizar ajustes cuando sea necesario, siendo una herramienta flexible frente a cambios en el entorno.<\/p><p><img loading=\"lazy\" decoding=\"async\" class=\"alignnone wp-image-33597 size-full\" src=\"https:\/\/agrarias.uach.cl\/wp-content\/uploads\/2024\/11\/Reunion-Plan-Estrategico-08-scaled.jpg\" sizes=\"auto, (max-width: 2560px) 100vw, 2560px\" srcset=\"https:\/\/agrarias.uach.cl\/wp-content\/uploads\/2024\/11\/Reunion-Plan-Estrategico-08-scaled.jpg 2560w, https:\/\/agrarias.uach.cl\/wp-content\/uploads\/2024\/11\/Reunion-Plan-Estrategico-08-300x169.jpg 300w, https:\/\/agrarias.uach.cl\/wp-content\/uploads\/2024\/11\/Reunion-Plan-Estrategico-08-1024x576.jpg 1024w, https:\/\/agrarias.uach.cl\/wp-content\/uploads\/2024\/11\/Reunion-Plan-Estrategico-08-768x432.jpg 768w, https:\/\/agrarias.uach.cl\/wp-content\/uploads\/2024\/11\/Reunion-Plan-Estrategico-08-1536x864.jpg 1536w, https:\/\/agrarias.uach.cl\/wp-content\/uploads\/2024\/11\/Reunion-Plan-Estrategico-08-2048x1152.jpg 2048w, https:\/\/agrarias.uach.cl\/wp-content\/uploads\/2024\/11\/Reunion-Plan-Estrategico-08-750x422.jpg 750w, https:\/\/agrarias.uach.cl\/wp-content\/uploads\/2024\/11\/Reunion-Plan-Estrategico-08-1140x641.jpg 1140w\" alt=\"\" width=\"2560\" height=\"1440\" \/><\/p><p>La planificaci\u00f3n que se est\u00e1 impulsando para el per\u00edodo 2025 \u2013 2029 corresponde al s\u00e9ptimo Plan Estrat\u00e9gico de la Universidad austral de Chile, cuya coordinaci\u00f3n y orientaci\u00f3n la realiza la Direcci\u00f3n de Desarrollo Estrat\u00e9gico con la asesor\u00eda y apoyo del Comit\u00e9 Asesor de Planificaci\u00f3n Estrat\u00e9gica.<\/p><p>Durante este per\u00edodo de construcci\u00f3n del Plan Estrat\u00e9gico se realizar\u00e1n reuniones de socializaci\u00f3n, focus group, mesas de trabajo y una etapa de participaci\u00f3n de toda la comunidad universitaria. En ese sentido, la meta es contar con este instrumento aprobado para el mes de marzo del pr\u00f3ximo a\u00f1o.<br \/>Fuente: https:\/\/agrarias.uach.cl\/socializan-proceso-de-elaboracion-del-nuevo-plan-estrategico-institucional\/<\/p>\t\t\t\t\t\t<\/div>\n\t\t\t\t<\/div>\n\t\t\t\t\t<\/div>\n\t\t<\/div>\n\t\t\t\t<div class=\"elementor-column elementor-col-33 elementor-top-column elementor-element elementor-element-4092421\" data-id=\"4092421\" data-element_type=\"column\">\n\t\t\t<div class=\"elementor-widget-wrap elementor-element-populated\">\n\t\t\t\t\t\t\t\t<div class=\"elementor-element elementor-element-d20184b elementor-widget elementor-widget-heading\" data-id=\"d20184b\" data-element_type=\"widget\" data-widget_type=\"heading.default\">\n\t\t\t\t<div class=\"elementor-widget-container\">\n\t\t\t<h2 class=\"elementor-heading-title elementor-size-default\">Noticias<\/h2>\t\t<\/div>\n\t\t\t\t<\/div>\n\t\t\t\t<div class=\"elementor-element elementor-element-a099586 elementor-grid-1 elementor-posts--thumbnail-none elementor-grid-tablet-2 elementor-grid-mobile-1 elementor-widget elementor-widget-posts\" data-id=\"a099586\" data-element_type=\"widget\" data-settings=\"{&quot;classic_columns&quot;:&quot;1&quot;,&quot;classic_columns_tablet&quot;:&quot;2&quot;,&quot;classic_columns_mobile&quot;:&quot;1&quot;,&quot;classic_row_gap&quot;:{&quot;unit&quot;:&quot;px&quot;,&quot;size&quot;:35,&quot;sizes&quot;:[]},&quot;classic_row_gap_tablet&quot;:{&quot;unit&quot;:&quot;px&quot;,&quot;size&quot;:&quot;&quot;,&quot;sizes&quot;:[]},&quot;classic_row_gap_mobile&quot;:{&quot;unit&quot;:&quot;px&quot;,&quot;size&quot;:&quot;&quot;,&quot;sizes&quot;:[]}}\" data-widget_type=\"posts.classic\">\n\t\t\t\t<div class=\"elementor-widget-container\">\n\t\t\t<link rel=\"stylesheet\" href=\"https:\/\/analisis.dtic.myscriptcase.com\/wp-content\/plugins\/elementor-pro\/assets\/css\/widget-posts.min.css\">\t\t<div class=\"elementor-posts-container elementor-posts elementor-posts--skin-classic elementor-grid\">\n\t\t\t\t<article class=\"elementor-post elementor-grid-item post-7210 page type-page status-publish hentry\">\n\t\t\t\t<div class=\"elementor-post__text\">\n\t\t\t\t<h3 class=\"elementor-post__title\">\n\t\t\t<a href=\"https:\/\/analisis.dtic.myscriptcase.com\/?page_id=7210\" >\n\t\t\t\tSocializan proceso de elaboraci\u00f3n del nuevo Plan Estrat\u00e9gico institucional\t\t\t<\/a>\n\t\t<\/h3>\n\t\t\t\t<div class=\"elementor-post__meta-data\">\n\t\t\t\t\t<span class=\"elementor-post-date\">\n\t\t\t22 de noviembre de 2024\t\t<\/span>\n\t\t\t\t<\/div>\n\t\t\t\t<\/div>\n\t\t\t\t<\/article>\n\t\t\t\t<article class=\"elementor-post elementor-grid-item post-7197 page type-page status-publish hentry\">\n\t\t\t\t<div class=\"elementor-post__text\">\n\t\t\t\t<h3 class=\"elementor-post__title\">\n\t\t\t<a href=\"https:\/\/analisis.dtic.myscriptcase.com\/?page_id=7197\" >\n\t\t\t\tLa Universidad Austral de Chile inicia proceso de planificaci\u00f3n estrat\u00e9gica\t\t\t<\/a>\n\t\t<\/h3>\n\t\t\t\t<div class=\"elementor-post__meta-data\">\n\t\t\t\t\t<span class=\"elementor-post-date\">\n\t\t\t22 de noviembre de 2024\t\t<\/span>\n\t\t\t\t<\/div>\n\t\t\t\t<\/div>\n\t\t\t\t<\/article>\n\t\t\t\t<article class=\"elementor-post elementor-grid-item post-7111 page type-page status-publish hentry\">\n\t\t\t\t<div class=\"elementor-post__text\">\n\t\t\t\t<h3 class=\"elementor-post__title\">\n\t\t\t<a href=\"https:\/\/analisis.dtic.myscriptcase.com\/?page_id=7111\" >\n\t\t\t\tPlan Estrat\u00e9gico UACh: Un compromiso colectivo\t\t\t<\/a>\n\t\t<\/h3>\n\t\t\t\t<div class=\"elementor-post__meta-data\">\n\t\t\t\t\t<span class=\"elementor-post-date\">\n\t\t\t8 de noviembre de 2024\t\t<\/span>\n\t\t\t\t<\/div>\n\t\t\t\t<\/div>\n\t\t\t\t<\/article>\n\t\t\t\t<article class=\"elementor-post elementor-grid-item post-7067 page type-page status-publish hentry\">\n\t\t\t\t<div class=\"elementor-post__text\">\n\t\t\t\t<h3 class=\"elementor-post__title\">\n\t\t\t<a href=\"https:\/\/analisis.dtic.myscriptcase.com\/?page_id=7067\" >\n\t\t\t\tComit\u00e9 defini\u00f3 marco para la elaboraci\u00f3n de nuevo Plan Estrat\u00e9gico UACh\t\t\t<\/a>\n\t\t<\/h3>\n\t\t\t\t<div class=\"elementor-post__meta-data\">\n\t\t\t\t\t<span class=\"elementor-post-date\">\n\t\t\t30 de octubre de 2024\t\t<\/span>\n\t\t\t\t<\/div>\n\t\t\t\t<\/div>\n\t\t\t\t<\/article>\n\t\t\t\t<article class=\"elementor-post elementor-grid-item post-6836 page type-page status-publish hentry\">\n\t\t\t\t<div class=\"elementor-post__text\">\n\t\t\t\t<h3 class=\"elementor-post__title\">\n\t\t\t<a href=\"https:\/\/analisis.dtic.myscriptcase.com\/?page_id=6836\" >\n\t\t\t\tSesion\u00f3 comit\u00e9 que acompa\u00f1ar\u00e1 elaboraci\u00f3n de nuevo Plan Estrat\u00e9gico UACh\t\t\t<\/a>\n\t\t<\/h3>\n\t\t\t\t<div class=\"elementor-post__meta-data\">\n\t\t\t\t\t<span class=\"elementor-post-date\">\n\t\t\t6 de agosto de 2024\t\t<\/span>\n\t\t\t\t<\/div>\n\t\t\t\t<\/div>\n\t\t\t\t<\/article>\n\t\t\t\t<article class=\"elementor-post elementor-grid-item post-6801 page type-page status-publish hentry\">\n\t\t\t\t<div class=\"elementor-post__text\">\n\t\t\t\t<h3 class=\"elementor-post__title\">\n\t\t\t<a href=\"https:\/\/analisis.dtic.myscriptcase.com\/?page_id=6801\" >\n\t\t\t\tNuevo Director de Desarrollo Estrat\u00e9gico: \u201cLa invitaci\u00f3n es a mirar el futuro de la instituci\u00f3n entre todas y todos\u201d\t\t\t<\/a>\n\t\t<\/h3>\n\t\t\t\t<div class=\"elementor-post__meta-data\">\n\t\t\t\t\t<span class=\"elementor-post-date\">\n\t\t\t28 de junio de 2024\t\t<\/span>\n\t\t\t\t<\/div>\n\t\t\t\t<\/div>\n\t\t\t\t<\/article>\n\t\t\t\t<\/div>\n\n\n\t\t\n\t\t\t\t<\/div>\n\t\t\t\t<\/div>\n\t\t\t\t\t<\/div>\n\t\t<\/div>\n\t\t\t\t\t\t\t<\/div>\n\t\t<\/section>\n\t\t\t\t\t\t\t<\/div>\n\t\t","protected":false},"excerpt":{"rendered":"<p>Socializan proceso de elaboraci\u00f3n del nuevo Plan Estrat\u00e9gico institucional Representantes de las facultades del \u00e1rea silvoagropecuaria de la UACh participaron en este encuentro, cuyo prop\u00f3sito<\/p>\n","protected":false},"author":5,"featured_media":0,"parent":0,"menu_order":0,"comment_status":"closed","ping_status":"closed","template":"","meta":{"om_disable_all_campaigns":false,"_monsterinsights_skip_tracking":false,"_monsterinsights_sitenote_active":false,"_monsterinsights_sitenote_note":"","_monsterinsights_sitenote_category":0,"_uf_show_specific_survey":0,"_uf_disable_surveys":false,"footnotes":""},"class_list":["post-7210","page","type-page","status-publish","hentry"],"aioseo_notices":[],"_links":{"self":[{"href":"https:\/\/analisis.dtic.myscriptcase.com\/index.php?rest_route=\/wp\/v2\/pages\/7210","targetHints":{"allow":["GET"]}}],"collection":[{"href":"https:\/\/analisis.dtic.myscriptcase.com\/index.php?rest_route=\/wp\/v2\/pages"}],"about":[{"href":"https:\/\/analisis.dtic.myscriptcase.com\/index.php?rest_route=\/wp\/v2\/types\/page"}],"author":[{"embeddable":true,"href":"https:\/\/analisis.dtic.myscriptcase.com\/index.php?rest_route=\/wp\/v2\/users\/5"}],"replies":[{"embeddable":true,"href":"https:\/\/analisis.dtic.myscriptcase.com\/index.php?rest_route=%2Fwp%2Fv2%2Fcomments&post=7210"}],"version-history":[{"count":19,"href":"https:\/\/analisis.dtic.myscriptcase.com\/index.php?rest_route=\/wp\/v2\/pages\/7210\/revisions"}],"predecessor-version":[{"id":7252,"href":"https:\/\/analisis.dtic.myscriptcase.com\/index.php?rest_route=\/wp\/v2\/pages\/7210\/revisions\/7252"}],"wp:attachment":[{"href":"https:\/\/analisis.dtic.myscriptcase.com\/index.php?rest_route=%2Fwp%2Fv2%2Fmedia&parent=7210"}],"curies":[{"name":"wp","href":"https:\/\/api.w.org\/{rel}","templated":true}]}}