{"id":7231,"date":"2024-12-04T15:53:07","date_gmt":"2024-12-04T15:53:07","guid":{"rendered":"https:\/\/analisis.dtic.myscriptcase.com.cl\/?page_id=7231"},"modified":"2024-12-04T16:04:56","modified_gmt":"2024-12-04T16:04:56","slug":"realizan-proceso-de-socializacion-en-el-marco-de-elaboracion-de-nuevo-plan-estrategico-uach","status":"publish","type":"page","link":"https:\/\/analisis.dtic.myscriptcase.com\/?page_id=7231","title":{"rendered":"Realizan proceso de socializaci\u00f3n en el marco de elaboraci\u00f3n de nuevo Plan Estrat\u00e9gico UACh"},"content":{"rendered":"\t\t<div data-elementor-type=\"wp-page\" data-elementor-id=\"7231\" class=\"elementor elementor-7231\">\n\t\t\t\t\t\t\t\t\t<section class=\"elementor-section elementor-top-section elementor-element elementor-element-7f857b1 elementor-section-boxed elementor-section-height-default elementor-section-height-default\" data-id=\"7f857b1\" data-element_type=\"section\">\n\t\t\t\t\t\t<div class=\"elementor-container elementor-column-gap-default\">\n\t\t\t\t\t<div class=\"elementor-column elementor-col-66 elementor-top-column elementor-element elementor-element-a03324c\" data-id=\"a03324c\" data-element_type=\"column\">\n\t\t\t<div class=\"elementor-widget-wrap elementor-element-populated\">\n\t\t\t\t\t\t\t\t<div class=\"elementor-element elementor-element-0a41e7a elementor-widget elementor-widget-spacer\" data-id=\"0a41e7a\" data-element_type=\"widget\" data-widget_type=\"spacer.default\">\n\t\t\t\t<div class=\"elementor-widget-container\">\n\t\t\t<style>\/*! elementor - v3.6.7 - 03-07-2022 *\/\n.e-container.e-container--row .elementor-spacer-inner{width:var(--spacer-size)}.e-container.e-container--column .elementor-spacer-inner,.elementor-column .elementor-spacer-inner{height:var(--spacer-size)}<\/style>\t\t<div class=\"elementor-spacer\">\n\t\t\t<div class=\"elementor-spacer-inner\"><\/div>\n\t\t<\/div>\n\t\t\t\t<\/div>\n\t\t\t\t<\/div>\n\t\t\t\t<div class=\"elementor-element elementor-element-b4d6e63 elementor-widget elementor-widget-heading\" data-id=\"b4d6e63\" data-element_type=\"widget\" data-widget_type=\"heading.default\">\n\t\t\t\t<div class=\"elementor-widget-container\">\n\t\t\t<style>\/*! elementor - v3.6.7 - 03-07-2022 *\/\n.elementor-heading-title{padding:0;margin:0;line-height:1}.elementor-widget-heading .elementor-heading-title[class*=elementor-size-]>a{color:inherit;font-size:inherit;line-height:inherit}.elementor-widget-heading .elementor-heading-title.elementor-size-small{font-size:15px}.elementor-widget-heading .elementor-heading-title.elementor-size-medium{font-size:19px}.elementor-widget-heading .elementor-heading-title.elementor-size-large{font-size:29px}.elementor-widget-heading .elementor-heading-title.elementor-size-xl{font-size:39px}.elementor-widget-heading .elementor-heading-title.elementor-size-xxl{font-size:59px}<\/style><h2 class=\"elementor-heading-title elementor-size-default\">Realizan proceso de socializaci\u00f3n en el marco de elaboraci\u00f3n de nuevo Plan Estrat\u00e9gico UACh<\/h2>\t\t<\/div>\n\t\t\t\t<\/div>\n\t\t\t\t<div class=\"elementor-element elementor-element-524ad9d elementor-widget elementor-widget-image\" data-id=\"524ad9d\" data-element_type=\"widget\" data-widget_type=\"image.default\">\n\t\t\t\t<div class=\"elementor-widget-container\">\n\t\t\t<style>\/*! elementor - v3.6.7 - 03-07-2022 *\/\n.elementor-widget-image{text-align:center}.elementor-widget-image a{display:inline-block}.elementor-widget-image a img[src$=\".svg\"]{width:48px}.elementor-widget-image img{vertical-align:middle;display:inline-block}<\/style>\t\t\t\t\t\t\t\t\t<figure class=\"wp-caption\">\n\t\t\t\t\t\t\t\t\t\t<img loading=\"lazy\" decoding=\"async\" width=\"800\" height=\"450\" src=\"https:\/\/analisis.dtic.myscriptcase.com\/wp-content\/uploads\/2024\/12\/Facultades-Agrarias-Veterinarias-y-Forestales-scaled-1-1024x576.jpg\" class=\"attachment-large size-large\" alt=\"\" srcset=\"https:\/\/analisis.dtic.myscriptcase.com\/wp-content\/uploads\/2024\/12\/Facultades-Agrarias-Veterinarias-y-Forestales-scaled-1-1024x576.jpg 1024w, https:\/\/analisis.dtic.myscriptcase.com\/wp-content\/uploads\/2024\/12\/Facultades-Agrarias-Veterinarias-y-Forestales-scaled-1-300x169.jpg 300w, https:\/\/analisis.dtic.myscriptcase.com\/wp-content\/uploads\/2024\/12\/Facultades-Agrarias-Veterinarias-y-Forestales-scaled-1-768x432.jpg 768w, https:\/\/analisis.dtic.myscriptcase.com\/wp-content\/uploads\/2024\/12\/Facultades-Agrarias-Veterinarias-y-Forestales-scaled-1-1536x864.jpg 1536w, https:\/\/analisis.dtic.myscriptcase.com\/wp-content\/uploads\/2024\/12\/Facultades-Agrarias-Veterinarias-y-Forestales-scaled-1-2048x1152.jpg 2048w\" sizes=\"auto, (max-width: 800px) 100vw, 800px\" \/>\t\t\t\t\t\t\t\t\t\t\t<figcaption class=\"widget-image-caption wp-caption-text\">La pr\u00f3xima etapa ser\u00e1 la aplicaci\u00f3n de un instrumento de consulta a toda la comunidad universitaria. \u00a1La invitaci\u00f3n es a participar!<\/figcaption>\n\t\t\t\t\t\t\t\t\t\t<\/figure>\n\t\t\t\t\t\t\t\t\t<\/div>\n\t\t\t\t<\/div>\n\t\t\t\t<div class=\"elementor-element elementor-element-48040f5 elementor-widget elementor-widget-text-editor\" data-id=\"48040f5\" data-element_type=\"widget\" data-widget_type=\"text-editor.default\">\n\t\t\t\t<div class=\"elementor-widget-container\">\n\t\t\t<style>\/*! elementor - v3.6.7 - 03-07-2022 *\/\n.elementor-widget-text-editor.elementor-drop-cap-view-stacked .elementor-drop-cap{background-color:#818a91;color:#fff}.elementor-widget-text-editor.elementor-drop-cap-view-framed .elementor-drop-cap{color:#818a91;border:3px solid;background-color:transparent}.elementor-widget-text-editor:not(.elementor-drop-cap-view-default) .elementor-drop-cap{margin-top:8px}.elementor-widget-text-editor:not(.elementor-drop-cap-view-default) .elementor-drop-cap-letter{width:1em;height:1em}.elementor-widget-text-editor .elementor-drop-cap{float:left;text-align:center;line-height:1;font-size:50px}.elementor-widget-text-editor .elementor-drop-cap-letter{display:inline-block}<\/style>\t\t\t\t<p>Diversas reuniones de socializaci\u00f3n ha sostenido el equipo de la Direcci\u00f3n de Planificaci\u00f3n Estrat\u00e9gica de la Universidad Austral de Chile -dependiente de Prorrector\u00eda- en el marco del proceso de elaboraci\u00f3n del nuevo Plan Estrat\u00e9gico Institucional (PEI) 2025-2029.<\/p><p>El equipo ha desarrollado en paralelo dos actividades. La primera es una presentaci\u00f3n del actual proceso de planificaci\u00f3n estrat\u00e9gica con las Facultades y Sede. Este trabajo comenz\u00f3 el 14 de noviembre en la Sede Puerto Montt y se estima que finalice durante la primera quincena de diciembre.<\/p><p><img loading=\"lazy\" decoding=\"async\" class=\"alignnone  wp-image-196315\" src=\"https:\/\/diario.uach.cl\/wp-content\/uploads\/2024\/12\/Jornada-de-trabajo-2-1-300x225.jpg\" sizes=\"auto, (max-width: 347px) 100vw, 347px\" srcset=\"https:\/\/diario.uach.cl\/wp-content\/uploads\/2024\/12\/Jornada-de-trabajo-2-1-300x225.jpg 300w, https:\/\/diario.uach.cl\/wp-content\/uploads\/2024\/12\/Jornada-de-trabajo-2-1-1024x768.jpg 1024w, https:\/\/diario.uach.cl\/wp-content\/uploads\/2024\/12\/Jornada-de-trabajo-2-1-768x576.jpg 768w, https:\/\/diario.uach.cl\/wp-content\/uploads\/2024\/12\/Jornada-de-trabajo-2-1-1170x878.jpg 1170w, https:\/\/diario.uach.cl\/wp-content\/uploads\/2024\/12\/Jornada-de-trabajo-2-1-585x439.jpg 585w, https:\/\/diario.uach.cl\/wp-content\/uploads\/2024\/12\/Jornada-de-trabajo-2-1.jpg 1200w\" alt=\"\" width=\"347\" height=\"260\" \/><img loading=\"lazy\" decoding=\"async\" class=\"alignnone  wp-image-196314\" src=\"https:\/\/diario.uach.cl\/wp-content\/uploads\/2024\/12\/Jornada-de-trabajo-1-1-300x225.jpg\" sizes=\"auto, (max-width: 345px) 100vw, 345px\" srcset=\"https:\/\/diario.uach.cl\/wp-content\/uploads\/2024\/12\/Jornada-de-trabajo-1-1-300x225.jpg 300w, https:\/\/diario.uach.cl\/wp-content\/uploads\/2024\/12\/Jornada-de-trabajo-1-1-1024x768.jpg 1024w, https:\/\/diario.uach.cl\/wp-content\/uploads\/2024\/12\/Jornada-de-trabajo-1-1-768x576.jpg 768w, https:\/\/diario.uach.cl\/wp-content\/uploads\/2024\/12\/Jornada-de-trabajo-1-1-1170x878.jpg 1170w, https:\/\/diario.uach.cl\/wp-content\/uploads\/2024\/12\/Jornada-de-trabajo-1-1-585x439.jpg 585w, https:\/\/diario.uach.cl\/wp-content\/uploads\/2024\/12\/Jornada-de-trabajo-1-1.jpg 1200w\" alt=\"\" width=\"345\" height=\"259\" \/><br \/>La segunda actividad fueron las jornadas de trabajo con autoridades, realizadas entre el 19 y el 27 de noviembre, que tuvieron el objetivo de presentarles la propuesta de marco y prop\u00f3sitos estrat\u00e9gicos que Prorrector\u00eda entreg\u00f3 a Rector\u00eda en la ceremonia realizada el 18 de noviembre a los integrantes del Consejo Acad\u00e9mico y al Directorio.<\/p><p>Con lo anterior se busc\u00f3 recibir retroalimentaci\u00f3n, la que fue sistematizada y est\u00e1 siendo incorporada al marco y prop\u00f3sitos estrat\u00e9gicos a trav\u00e9s del trabajo con el Comit\u00e9 Asesor de Planificaci\u00f3n Estrat\u00e9gica.<\/p><p>Cabe destacar que este nuevo Plan Estrat\u00e9gico tendr\u00e1 una duraci\u00f3n de cinco a\u00f1os, desde 2025 a 2029, permitiendo proyectar la Universidad a largo plazo.<\/p><p><img loading=\"lazy\" decoding=\"async\" class=\"alignnone  wp-image-196319\" src=\"https:\/\/diario.uach.cl\/wp-content\/uploads\/2024\/12\/Facultad-Cs.-Juridicas-y-Sociales-300x225.jpeg\" sizes=\"auto, (max-width: 320px) 100vw, 320px\" srcset=\"https:\/\/diario.uach.cl\/wp-content\/uploads\/2024\/12\/Facultad-Cs.-Juridicas-y-Sociales-300x225.jpeg 300w, https:\/\/diario.uach.cl\/wp-content\/uploads\/2024\/12\/Facultad-Cs.-Juridicas-y-Sociales-1024x768.jpeg 1024w, https:\/\/diario.uach.cl\/wp-content\/uploads\/2024\/12\/Facultad-Cs.-Juridicas-y-Sociales-768x576.jpeg 768w, https:\/\/diario.uach.cl\/wp-content\/uploads\/2024\/12\/Facultad-Cs.-Juridicas-y-Sociales-1536x1152.jpeg 1536w, https:\/\/diario.uach.cl\/wp-content\/uploads\/2024\/12\/Facultad-Cs.-Juridicas-y-Sociales-1170x878.jpeg 1170w, https:\/\/diario.uach.cl\/wp-content\/uploads\/2024\/12\/Facultad-Cs.-Juridicas-y-Sociales-585x439.jpeg 585w, https:\/\/diario.uach.cl\/wp-content\/uploads\/2024\/12\/Facultad-Cs.-Juridicas-y-Sociales.jpeg 1600w\" alt=\"\" width=\"320\" height=\"240\" \/><img loading=\"lazy\" decoding=\"async\" class=\"alignnone wp-image-196320\" src=\"https:\/\/diario.uach.cl\/wp-content\/uploads\/2024\/12\/Jornada-de-trabajo-4-300x192.jpg\" sizes=\"auto, (max-width: 371px) 100vw, 371px\" srcset=\"https:\/\/diario.uach.cl\/wp-content\/uploads\/2024\/12\/Jornada-de-trabajo-4-300x192.jpg 300w, https:\/\/diario.uach.cl\/wp-content\/uploads\/2024\/12\/Jornada-de-trabajo-4-1024x655.jpg 1024w, https:\/\/diario.uach.cl\/wp-content\/uploads\/2024\/12\/Jornada-de-trabajo-4-768x492.jpg 768w, https:\/\/diario.uach.cl\/wp-content\/uploads\/2024\/12\/Jornada-de-trabajo-4-1170x749.jpg 1170w, https:\/\/diario.uach.cl\/wp-content\/uploads\/2024\/12\/Jornada-de-trabajo-4-585x374.jpg 585w, https:\/\/diario.uach.cl\/wp-content\/uploads\/2024\/12\/Jornada-de-trabajo-4.jpg 1200w\" alt=\"\" width=\"371\" height=\"238\" \/><br \/><strong>Plan Estrat\u00e9gico Institucional (PEI) 2025-2029<\/strong><\/p><p>Durante el presente a\u00f1o el Plan Estrat\u00e9gico Institucional 2020-2023, prorrogado hasta el 31 de diciembre de 2024 por decreto N\u00b02 de 2024, culminar\u00e1 su aplicaci\u00f3n, realizando su respectivo seguimiento y an\u00e1lisis de resultados. Por lo tanto, se dio inicio al proceso de planificaci\u00f3n estrat\u00e9gica institucional para el siguiente periodo.<\/p><p>En la primera sesi\u00f3n de este comit\u00e9 el Director de la Direcci\u00f3n de Desarrollo Estrat\u00e9gico, dependiente de Prorrector\u00eda, John Dodds, y el Jefe de Planificaci\u00f3n Estrat\u00e9gica y de la Unidad de An\u00e1lisis Institucional, Felipe Leiva, presentaron la propuesta metodol\u00f3gica del Plan Estrat\u00e9gico Institucional 2025-2029, dando a conocer las cinco etapas del proceso de planificaci\u00f3n estrat\u00e9gica, las que incluyen la exposici\u00f3n del marco metodol\u00f3gico, el diagn\u00f3stico estrat\u00e9gico, el marco y prop\u00f3sitos estrat\u00e9gicos, consulta a la comunidad y propuesta final que deber\u00e1 ser visado y aprobado por los cuerpos colegiados en marzo de 2025.<\/p><p><img loading=\"lazy\" decoding=\"async\" class=\"alignnone wp-image-196306\" src=\"https:\/\/diario.uach.cl\/wp-content\/uploads\/2024\/12\/Estado-planificacion-300x160.png\" sizes=\"auto, (max-width: 663px) 100vw, 663px\" srcset=\"https:\/\/diario.uach.cl\/wp-content\/uploads\/2024\/12\/Estado-planificacion-300x160.png 300w, https:\/\/diario.uach.cl\/wp-content\/uploads\/2024\/12\/Estado-planificacion-768x410.png 768w, https:\/\/diario.uach.cl\/wp-content\/uploads\/2024\/12\/Estado-planificacion-585x312.png 585w, https:\/\/diario.uach.cl\/wp-content\/uploads\/2024\/12\/Estado-planificacion.png 1013w\" alt=\"\" width=\"663\" height=\"354\" \/><\/p><p><img loading=\"lazy\" decoding=\"async\" class=\"alignnone wp-image-196326\" src=\"https:\/\/diario.uach.cl\/wp-content\/uploads\/2024\/12\/Jornada-de-trabajo-5-300x135.jpeg\" sizes=\"auto, (max-width: 653px) 100vw, 653px\" srcset=\"https:\/\/diario.uach.cl\/wp-content\/uploads\/2024\/12\/Jornada-de-trabajo-5-300x135.jpeg 300w, https:\/\/diario.uach.cl\/wp-content\/uploads\/2024\/12\/Jornada-de-trabajo-5-1024x461.jpeg 1024w, https:\/\/diario.uach.cl\/wp-content\/uploads\/2024\/12\/Jornada-de-trabajo-5-768x346.jpeg 768w, https:\/\/diario.uach.cl\/wp-content\/uploads\/2024\/12\/Jornada-de-trabajo-5-1536x692.jpeg 1536w, https:\/\/diario.uach.cl\/wp-content\/uploads\/2024\/12\/Jornada-de-trabajo-5-2048x922.jpeg 2048w, https:\/\/diario.uach.cl\/wp-content\/uploads\/2024\/12\/Jornada-de-trabajo-5-1170x527.jpeg 1170w, https:\/\/diario.uach.cl\/wp-content\/uploads\/2024\/12\/Jornada-de-trabajo-5-585x263.jpeg 585w\" alt=\"\" width=\"653\" height=\"294\" \/><img loading=\"lazy\" decoding=\"async\" class=\"alignnone wp-image-196322\" src=\"https:\/\/diario.uach.cl\/wp-content\/uploads\/2024\/12\/Facultad-Arquitectura-y-Artes-300x135.jpeg\" sizes=\"auto, (max-width: 319px) 100vw, 319px\" srcset=\"https:\/\/diario.uach.cl\/wp-content\/uploads\/2024\/12\/Facultad-Arquitectura-y-Artes-300x135.jpeg 300w, https:\/\/diario.uach.cl\/wp-content\/uploads\/2024\/12\/Facultad-Arquitectura-y-Artes-1024x461.jpeg 1024w, https:\/\/diario.uach.cl\/wp-content\/uploads\/2024\/12\/Facultad-Arquitectura-y-Artes-768x346.jpeg 768w, https:\/\/diario.uach.cl\/wp-content\/uploads\/2024\/12\/Facultad-Arquitectura-y-Artes-1536x692.jpeg 1536w, https:\/\/diario.uach.cl\/wp-content\/uploads\/2024\/12\/Facultad-Arquitectura-y-Artes-2048x922.jpeg 2048w, https:\/\/diario.uach.cl\/wp-content\/uploads\/2024\/12\/Facultad-Arquitectura-y-Artes-1170x527.jpeg 1170w, https:\/\/diario.uach.cl\/wp-content\/uploads\/2024\/12\/Facultad-Arquitectura-y-Artes-585x263.jpeg 585w\" alt=\"\" width=\"319\" height=\"144\" \/><img loading=\"lazy\" decoding=\"async\" class=\"alignnone wp-image-196323\" src=\"https:\/\/diario.uach.cl\/wp-content\/uploads\/2024\/12\/Facultad-Ciencias-300x135.jpeg\" sizes=\"auto, (max-width: 316px) 100vw, 316px\" srcset=\"https:\/\/diario.uach.cl\/wp-content\/uploads\/2024\/12\/Facultad-Ciencias-300x135.jpeg 300w, https:\/\/diario.uach.cl\/wp-content\/uploads\/2024\/12\/Facultad-Ciencias-1024x461.jpeg 1024w, https:\/\/diario.uach.cl\/wp-content\/uploads\/2024\/12\/Facultad-Ciencias-768x346.jpeg 768w, https:\/\/diario.uach.cl\/wp-content\/uploads\/2024\/12\/Facultad-Ciencias-1536x692.jpeg 1536w, https:\/\/diario.uach.cl\/wp-content\/uploads\/2024\/12\/Facultad-Ciencias-2048x922.jpeg 2048w, https:\/\/diario.uach.cl\/wp-content\/uploads\/2024\/12\/Facultad-Ciencias-1170x527.jpeg 1170w, https:\/\/diario.uach.cl\/wp-content\/uploads\/2024\/12\/Facultad-Ciencias-585x263.jpeg 585w\" alt=\"\" width=\"316\" height=\"142\" \/><img loading=\"lazy\" decoding=\"async\" class=\"alignnone wp-image-196324\" src=\"https:\/\/diario.uach.cl\/wp-content\/uploads\/2024\/12\/Facultad-de-Medicina-300x135.jpeg\" sizes=\"auto, (max-width: 320px) 100vw, 320px\" srcset=\"https:\/\/diario.uach.cl\/wp-content\/uploads\/2024\/12\/Facultad-de-Medicina-300x135.jpeg 300w, https:\/\/diario.uach.cl\/wp-content\/uploads\/2024\/12\/Facultad-de-Medicina-1024x461.jpeg 1024w, https:\/\/diario.uach.cl\/wp-content\/uploads\/2024\/12\/Facultad-de-Medicina-768x346.jpeg 768w, https:\/\/diario.uach.cl\/wp-content\/uploads\/2024\/12\/Facultad-de-Medicina-1536x692.jpeg 1536w, https:\/\/diario.uach.cl\/wp-content\/uploads\/2024\/12\/Facultad-de-Medicina-2048x922.jpeg 2048w, https:\/\/diario.uach.cl\/wp-content\/uploads\/2024\/12\/Facultad-de-Medicina-1170x527.jpeg 1170w, https:\/\/diario.uach.cl\/wp-content\/uploads\/2024\/12\/Facultad-de-Medicina-585x263.jpeg 585w\" alt=\"\" width=\"320\" height=\"144\" \/><img loading=\"lazy\" decoding=\"async\" class=\"alignnone wp-image-196368\" src=\"https:\/\/diario.uach.cl\/wp-content\/uploads\/2024\/12\/Jornada-de-trabajo-3-1-300x135.jpg\" sizes=\"auto, (max-width: 318px) 100vw, 318px\" srcset=\"https:\/\/diario.uach.cl\/wp-content\/uploads\/2024\/12\/Jornada-de-trabajo-3-1-300x135.jpg 300w, https:\/\/diario.uach.cl\/wp-content\/uploads\/2024\/12\/Jornada-de-trabajo-3-1-1024x461.jpg 1024w, https:\/\/diario.uach.cl\/wp-content\/uploads\/2024\/12\/Jornada-de-trabajo-3-1-768x346.jpg 768w, https:\/\/diario.uach.cl\/wp-content\/uploads\/2024\/12\/Jornada-de-trabajo-3-1-1170x527.jpg 1170w, https:\/\/diario.uach.cl\/wp-content\/uploads\/2024\/12\/Jornada-de-trabajo-3-1-585x263.jpg 585w, https:\/\/diario.uach.cl\/wp-content\/uploads\/2024\/12\/Jornada-de-trabajo-3-1.jpg 1200w\" alt=\"\" width=\"318\" height=\"143\" \/><\/p>\t\t\t\t\t\t<\/div>\n\t\t\t\t<\/div>\n\t\t\t\t\t<\/div>\n\t\t<\/div>\n\t\t\t\t<div class=\"elementor-column elementor-col-33 elementor-top-column elementor-element elementor-element-6efcb2e\" data-id=\"6efcb2e\" data-element_type=\"column\">\n\t\t\t<div class=\"elementor-widget-wrap elementor-element-populated\">\n\t\t\t\t\t\t\t\t<div class=\"elementor-element elementor-element-4bc8e6d elementor-widget elementor-widget-heading\" data-id=\"4bc8e6d\" data-element_type=\"widget\" data-widget_type=\"heading.default\">\n\t\t\t\t<div class=\"elementor-widget-container\">\n\t\t\t<h2 class=\"elementor-heading-title elementor-size-default\">Noticias<\/h2>\t\t<\/div>\n\t\t\t\t<\/div>\n\t\t\t\t<div class=\"elementor-element elementor-element-c77395c elementor-grid-1 elementor-posts--thumbnail-none elementor-grid-tablet-2 elementor-grid-mobile-1 elementor-widget elementor-widget-posts\" data-id=\"c77395c\" data-element_type=\"widget\" data-settings=\"{&quot;classic_columns&quot;:&quot;1&quot;,&quot;classic_columns_tablet&quot;:&quot;2&quot;,&quot;classic_columns_mobile&quot;:&quot;1&quot;,&quot;classic_row_gap&quot;:{&quot;unit&quot;:&quot;px&quot;,&quot;size&quot;:35,&quot;sizes&quot;:[]},&quot;classic_row_gap_tablet&quot;:{&quot;unit&quot;:&quot;px&quot;,&quot;size&quot;:&quot;&quot;,&quot;sizes&quot;:[]},&quot;classic_row_gap_mobile&quot;:{&quot;unit&quot;:&quot;px&quot;,&quot;size&quot;:&quot;&quot;,&quot;sizes&quot;:[]}}\" data-widget_type=\"posts.classic\">\n\t\t\t\t<div class=\"elementor-widget-container\">\n\t\t\t<link rel=\"stylesheet\" href=\"https:\/\/analisis.dtic.myscriptcase.com\/wp-content\/plugins\/elementor-pro\/assets\/css\/widget-posts.min.css\">\t\t<div class=\"elementor-posts-container elementor-posts elementor-posts--skin-classic elementor-grid\">\n\t\t\t\t<article class=\"elementor-post elementor-grid-item post-7231 page type-page status-publish hentry\">\n\t\t\t\t<div class=\"elementor-post__text\">\n\t\t\t\t<h3 class=\"elementor-post__title\">\n\t\t\t<a href=\"https:\/\/analisis.dtic.myscriptcase.com\/?page_id=7231\" >\n\t\t\t\tRealizan proceso de socializaci\u00f3n en el marco de elaboraci\u00f3n de nuevo Plan Estrat\u00e9gico UACh\t\t\t<\/a>\n\t\t<\/h3>\n\t\t\t\t<div class=\"elementor-post__meta-data\">\n\t\t\t\t\t<span class=\"elementor-post-date\">\n\t\t\t4 de diciembre de 2024\t\t<\/span>\n\t\t\t\t<\/div>\n\t\t\t\t<\/div>\n\t\t\t\t<\/article>\n\t\t\t\t<article class=\"elementor-post elementor-grid-item post-7210 page type-page status-publish hentry\">\n\t\t\t\t<div class=\"elementor-post__text\">\n\t\t\t\t<h3 class=\"elementor-post__title\">\n\t\t\t<a href=\"https:\/\/analisis.dtic.myscriptcase.com\/?page_id=7210\" >\n\t\t\t\tSocializan proceso de elaboraci\u00f3n del nuevo Plan Estrat\u00e9gico institucional\t\t\t<\/a>\n\t\t<\/h3>\n\t\t\t\t<div class=\"elementor-post__meta-data\">\n\t\t\t\t\t<span class=\"elementor-post-date\">\n\t\t\t22 de noviembre de 2024\t\t<\/span>\n\t\t\t\t<\/div>\n\t\t\t\t<\/div>\n\t\t\t\t<\/article>\n\t\t\t\t<article class=\"elementor-post elementor-grid-item post-7197 page type-page status-publish hentry\">\n\t\t\t\t<div class=\"elementor-post__text\">\n\t\t\t\t<h3 class=\"elementor-post__title\">\n\t\t\t<a href=\"https:\/\/analisis.dtic.myscriptcase.com\/?page_id=7197\" >\n\t\t\t\tLa Universidad Austral de Chile inicia proceso de planificaci\u00f3n estrat\u00e9gica\t\t\t<\/a>\n\t\t<\/h3>\n\t\t\t\t<div class=\"elementor-post__meta-data\">\n\t\t\t\t\t<span class=\"elementor-post-date\">\n\t\t\t22 de noviembre de 2024\t\t<\/span>\n\t\t\t\t<\/div>\n\t\t\t\t<\/div>\n\t\t\t\t<\/article>\n\t\t\t\t<article class=\"elementor-post elementor-grid-item post-7111 page type-page status-publish hentry\">\n\t\t\t\t<div class=\"elementor-post__text\">\n\t\t\t\t<h3 class=\"elementor-post__title\">\n\t\t\t<a href=\"https:\/\/analisis.dtic.myscriptcase.com\/?page_id=7111\" >\n\t\t\t\tPlan Estrat\u00e9gico UACh: Un compromiso colectivo\t\t\t<\/a>\n\t\t<\/h3>\n\t\t\t\t<div class=\"elementor-post__meta-data\">\n\t\t\t\t\t<span class=\"elementor-post-date\">\n\t\t\t8 de noviembre de 2024\t\t<\/span>\n\t\t\t\t<\/div>\n\t\t\t\t<\/div>\n\t\t\t\t<\/article>\n\t\t\t\t<article class=\"elementor-post elementor-grid-item post-7067 page type-page status-publish hentry\">\n\t\t\t\t<div class=\"elementor-post__text\">\n\t\t\t\t<h3 class=\"elementor-post__title\">\n\t\t\t<a href=\"https:\/\/analisis.dtic.myscriptcase.com\/?page_id=7067\" >\n\t\t\t\tComit\u00e9 defini\u00f3 marco para la elaboraci\u00f3n de nuevo Plan Estrat\u00e9gico UACh\t\t\t<\/a>\n\t\t<\/h3>\n\t\t\t\t<div class=\"elementor-post__meta-data\">\n\t\t\t\t\t<span class=\"elementor-post-date\">\n\t\t\t30 de octubre de 2024\t\t<\/span>\n\t\t\t\t<\/div>\n\t\t\t\t<\/div>\n\t\t\t\t<\/article>\n\t\t\t\t<article class=\"elementor-post elementor-grid-item post-6836 page type-page status-publish hentry\">\n\t\t\t\t<div class=\"elementor-post__text\">\n\t\t\t\t<h3 class=\"elementor-post__title\">\n\t\t\t<a href=\"https:\/\/analisis.dtic.myscriptcase.com\/?page_id=6836\" >\n\t\t\t\tSesion\u00f3 comit\u00e9 que acompa\u00f1ar\u00e1 elaboraci\u00f3n de nuevo Plan Estrat\u00e9gico UACh\t\t\t<\/a>\n\t\t<\/h3>\n\t\t\t\t<div class=\"elementor-post__meta-data\">\n\t\t\t\t\t<span class=\"elementor-post-date\">\n\t\t\t6 de agosto de 2024\t\t<\/span>\n\t\t\t\t<\/div>\n\t\t\t\t<\/div>\n\t\t\t\t<\/article>\n\t\t\t\t<\/div>\n\n\n\t\t\n\t\t\t\t<\/div>\n\t\t\t\t<\/div>\n\t\t\t\t\t<\/div>\n\t\t<\/div>\n\t\t\t\t\t\t\t<\/div>\n\t\t<\/section>\n\t\t\t\t\t\t\t<\/div>\n\t\t","protected":false},"excerpt":{"rendered":"<p>Realizan proceso de socializaci\u00f3n en el marco de elaboraci\u00f3n de nuevo Plan Estrat\u00e9gico UACh La pr\u00f3xima etapa ser\u00e1 la aplicaci\u00f3n de un instrumento de consulta<\/p>\n","protected":false},"author":5,"featured_media":0,"parent":0,"menu_order":0,"comment_status":"closed","ping_status":"closed","template":"","meta":{"om_disable_all_campaigns":false,"_monsterinsights_skip_tracking":false,"_monsterinsights_sitenote_active":false,"_monsterinsights_sitenote_note":"","_monsterinsights_sitenote_category":0,"_uf_show_specific_survey":0,"_uf_disable_surveys":false,"footnotes":""},"class_list":["post-7231","page","type-page","status-publish","hentry"],"aioseo_notices":[],"_links":{"self":[{"href":"https:\/\/analisis.dtic.myscriptcase.com\/index.php?rest_route=\/wp\/v2\/pages\/7231","targetHints":{"allow":["GET"]}}],"collection":[{"href":"https:\/\/analisis.dtic.myscriptcase.com\/index.php?rest_route=\/wp\/v2\/pages"}],"about":[{"href":"https:\/\/analisis.dtic.myscriptcase.com\/index.php?rest_route=\/wp\/v2\/types\/page"}],"author":[{"embeddable":true,"href":"https:\/\/analisis.dtic.myscriptcase.com\/index.php?rest_route=\/wp\/v2\/users\/5"}],"replies":[{"embeddable":true,"href":"https:\/\/analisis.dtic.myscriptcase.com\/index.php?rest_route=%2Fwp%2Fv2%2Fcomments&post=7231"}],"version-history":[{"count":5,"href":"https:\/\/analisis.dtic.myscriptcase.com\/index.php?rest_route=\/wp\/v2\/pages\/7231\/revisions"}],"predecessor-version":[{"id":7346,"href":"https:\/\/analisis.dtic.myscriptcase.com\/index.php?rest_route=\/wp\/v2\/pages\/7231\/revisions\/7346"}],"wp:attachment":[{"href":"https:\/\/analisis.dtic.myscriptcase.com\/index.php?rest_route=%2Fwp%2Fv2%2Fmedia&parent=7231"}],"curies":[{"name":"wp","href":"https:\/\/api.w.org\/{rel}","templated":true}]}}