{"id":7343,"date":"2025-03-05T18:23:34","date_gmt":"2025-03-05T18:23:34","guid":{"rendered":"https:\/\/analisis.dtic.myscriptcase.com.cl\/?page_id=7343"},"modified":"2025-03-11T20:57:54","modified_gmt":"2025-03-11T20:57:54","slug":"nuevo-plan-estrategico-uach-comenzo-trabajo-con-equipos-por-propositos-noticias-uach","status":"publish","type":"page","link":"https:\/\/analisis.dtic.myscriptcase.com\/?page_id=7343","title":{"rendered":"Nuevo Plan Estrat\u00e9gico UACh: comenz\u00f3 trabajo con equipos por prop\u00f3sitos \u2013 Noticias UACh"},"content":{"rendered":"\t\t<div data-elementor-type=\"wp-page\" data-elementor-id=\"7343\" class=\"elementor elementor-7343\">\n\t\t\t\t\t\t\t\t\t<section class=\"elementor-section elementor-top-section elementor-element elementor-element-3a4e3c3 elementor-section-boxed elementor-section-height-default elementor-section-height-default\" data-id=\"3a4e3c3\" data-element_type=\"section\">\n\t\t\t\t\t\t<div class=\"elementor-container elementor-column-gap-default\">\n\t\t\t\t\t<div class=\"elementor-column elementor-col-66 elementor-top-column elementor-element elementor-element-38ca95f\" data-id=\"38ca95f\" data-element_type=\"column\">\n\t\t\t<div class=\"elementor-widget-wrap elementor-element-populated\">\n\t\t\t\t\t\t\t\t<div class=\"elementor-element elementor-element-10024e2 elementor-widget elementor-widget-spacer\" data-id=\"10024e2\" data-element_type=\"widget\" data-widget_type=\"spacer.default\">\n\t\t\t\t<div class=\"elementor-widget-container\">\n\t\t\t<style>\/*! elementor - v3.6.7 - 03-07-2022 *\/\n.e-container.e-container--row .elementor-spacer-inner{width:var(--spacer-size)}.e-container.e-container--column .elementor-spacer-inner,.elementor-column .elementor-spacer-inner{height:var(--spacer-size)}<\/style>\t\t<div class=\"elementor-spacer\">\n\t\t\t<div class=\"elementor-spacer-inner\"><\/div>\n\t\t<\/div>\n\t\t\t\t<\/div>\n\t\t\t\t<\/div>\n\t\t\t\t<div class=\"elementor-element elementor-element-ea9baf8 elementor-widget elementor-widget-heading\" data-id=\"ea9baf8\" data-element_type=\"widget\" data-widget_type=\"heading.default\">\n\t\t\t\t<div class=\"elementor-widget-container\">\n\t\t\t<style>\/*! elementor - v3.6.7 - 03-07-2022 *\/\n.elementor-heading-title{padding:0;margin:0;line-height:1}.elementor-widget-heading .elementor-heading-title[class*=elementor-size-]>a{color:inherit;font-size:inherit;line-height:inherit}.elementor-widget-heading .elementor-heading-title.elementor-size-small{font-size:15px}.elementor-widget-heading .elementor-heading-title.elementor-size-medium{font-size:19px}.elementor-widget-heading .elementor-heading-title.elementor-size-large{font-size:29px}.elementor-widget-heading .elementor-heading-title.elementor-size-xl{font-size:39px}.elementor-widget-heading .elementor-heading-title.elementor-size-xxl{font-size:59px}<\/style><h2 class=\"elementor-heading-title elementor-size-default\">Nuevo Plan Estrat\u00e9gico UACh: comenz\u00f3 trabajo con equipos por prop\u00f3sitos<\/h2>\t\t<\/div>\n\t\t\t\t<\/div>\n\t\t\t\t<div class=\"elementor-element elementor-element-d8935a4 elementor-widget elementor-widget-image\" data-id=\"d8935a4\" data-element_type=\"widget\" data-widget_type=\"image.default\">\n\t\t\t\t<div class=\"elementor-widget-container\">\n\t\t\t<style>\/*! elementor - v3.6.7 - 03-07-2022 *\/\n.elementor-widget-image{text-align:center}.elementor-widget-image a{display:inline-block}.elementor-widget-image a img[src$=\".svg\"]{width:48px}.elementor-widget-image img{vertical-align:middle;display:inline-block}<\/style>\t\t\t\t\t\t\t\t\t<figure class=\"wp-caption\">\n\t\t\t\t\t\t\t\t\t\t<img loading=\"lazy\" decoding=\"async\" width=\"800\" height=\"568\" src=\"https:\/\/analisis.dtic.myscriptcase.com\/wp-content\/uploads\/2025\/03\/Foto1-1-1024x727.jpg\" class=\"attachment-large size-large\" alt=\"\" srcset=\"https:\/\/analisis.dtic.myscriptcase.com\/wp-content\/uploads\/2025\/03\/Foto1-1-1024x727.jpg 1024w, https:\/\/analisis.dtic.myscriptcase.com\/wp-content\/uploads\/2025\/03\/Foto1-1-300x213.jpg 300w, https:\/\/analisis.dtic.myscriptcase.com\/wp-content\/uploads\/2025\/03\/Foto1-1-768x545.jpg 768w, https:\/\/analisis.dtic.myscriptcase.com\/wp-content\/uploads\/2025\/03\/Foto1-1-1536x1091.jpg 1536w, https:\/\/analisis.dtic.myscriptcase.com\/wp-content\/uploads\/2025\/03\/Foto1-1.jpg 1600w\" sizes=\"auto, (max-width: 800px) 100vw, 800px\" \/>\t\t\t\t\t\t\t\t\t\t\t<figcaption class=\"widget-image-caption wp-caption-text\">Los equipos est\u00e1n conformados por integrantes de la comunidad universitaria que tomar\u00e1n estos prop\u00f3sitos de largo plazo y los desagregar\u00e1n en objetivos.<\/figcaption>\n\t\t\t\t\t\t\t\t\t\t<\/figure>\n\t\t\t\t\t\t\t\t\t<\/div>\n\t\t\t\t<\/div>\n\t\t\t\t<div class=\"elementor-element elementor-element-e0971da elementor-widget elementor-widget-text-editor\" data-id=\"e0971da\" data-element_type=\"widget\" data-widget_type=\"text-editor.default\">\n\t\t\t\t<div class=\"elementor-widget-container\">\n\t\t\t<style>\/*! elementor - v3.6.7 - 03-07-2022 *\/\n.elementor-widget-text-editor.elementor-drop-cap-view-stacked .elementor-drop-cap{background-color:#818a91;color:#fff}.elementor-widget-text-editor.elementor-drop-cap-view-framed .elementor-drop-cap{color:#818a91;border:3px solid;background-color:transparent}.elementor-widget-text-editor:not(.elementor-drop-cap-view-default) .elementor-drop-cap{margin-top:8px}.elementor-widget-text-editor:not(.elementor-drop-cap-view-default) .elementor-drop-cap-letter{width:1em;height:1em}.elementor-widget-text-editor .elementor-drop-cap{float:left;text-align:center;line-height:1;font-size:50px}.elementor-widget-text-editor .elementor-drop-cap-letter{display:inline-block}<\/style>\t\t\t\t<p>Con diversas acciones realizadas con la comunidad UACh contin\u00faa el proceso de elaboraci\u00f3n del Plan Estrat\u00e9gico Institucional 2025-2029 de la Universidad Austral de Chile, el que permitir\u00e1 proyectar a la casa de estudios superiores a futuro.<\/p><p>En ese marco, la ma\u00f1ana del viernes 20 de diciembre en la Casa Central UACh se dio inicio, mediante una sesi\u00f3n h\u00edbrida, al trabajo con los equipos por prop\u00f3sitos, conformados por integrantes de la comunidad universitaria.<\/p><p>Quienes integran estos equipos tomar\u00e1n estos prop\u00f3sitos estrat\u00e9gicos y los trabajar\u00e1n a nivel de objetivos estrat\u00e9gicos. \u201cEste proceso debiese durar alrededor de un mes y esperamos a fines de enero cerrar esta etapa\u201d, explic\u00f3 el Director de Desarrollo Estrat\u00e9gico UACh John Dodds.<\/p><p><img loading=\"lazy\" decoding=\"async\" class=\"alignnone size-medium wp-image-197491\" src=\"https:\/\/diario.uach.cl\/wp-content\/uploads\/2024\/12\/WhatsApp-Image-2024-12-20-at-10.44.17-AM-1-1-300x225.jpeg\" sizes=\"auto, (max-width: 300px) 100vw, 300px\" srcset=\"https:\/\/diario.uach.cl\/wp-content\/uploads\/2024\/12\/WhatsApp-Image-2024-12-20-at-10.44.17-AM-1-1-300x225.jpeg 300w, https:\/\/diario.uach.cl\/wp-content\/uploads\/2024\/12\/WhatsApp-Image-2024-12-20-at-10.44.17-AM-1-1-1024x768.jpeg 1024w, https:\/\/diario.uach.cl\/wp-content\/uploads\/2024\/12\/WhatsApp-Image-2024-12-20-at-10.44.17-AM-1-1-768x576.jpeg 768w, https:\/\/diario.uach.cl\/wp-content\/uploads\/2024\/12\/WhatsApp-Image-2024-12-20-at-10.44.17-AM-1-1-1536x1152.jpeg 1536w, https:\/\/diario.uach.cl\/wp-content\/uploads\/2024\/12\/WhatsApp-Image-2024-12-20-at-10.44.17-AM-1-1-1170x878.jpeg 1170w, https:\/\/diario.uach.cl\/wp-content\/uploads\/2024\/12\/WhatsApp-Image-2024-12-20-at-10.44.17-AM-1-1-585x439.jpeg 585w, https:\/\/diario.uach.cl\/wp-content\/uploads\/2024\/12\/WhatsApp-Image-2024-12-20-at-10.44.17-AM-1-1.jpeg 1600w\" alt=\"\" width=\"300\" height=\"225\" \/><img loading=\"lazy\" decoding=\"async\" class=\"alignnone size-medium wp-image-197492\" src=\"https:\/\/diario.uach.cl\/wp-content\/uploads\/2024\/12\/WhatsApp-Image-2024-12-20-at-10.44.11-AM-2-300x225.jpeg\" sizes=\"auto, (max-width: 300px) 100vw, 300px\" srcset=\"https:\/\/diario.uach.cl\/wp-content\/uploads\/2024\/12\/WhatsApp-Image-2024-12-20-at-10.44.11-AM-2-300x225.jpeg 300w, https:\/\/diario.uach.cl\/wp-content\/uploads\/2024\/12\/WhatsApp-Image-2024-12-20-at-10.44.11-AM-2-1024x768.jpeg 1024w, https:\/\/diario.uach.cl\/wp-content\/uploads\/2024\/12\/WhatsApp-Image-2024-12-20-at-10.44.11-AM-2-768x576.jpeg 768w, https:\/\/diario.uach.cl\/wp-content\/uploads\/2024\/12\/WhatsApp-Image-2024-12-20-at-10.44.11-AM-2-1536x1152.jpeg 1536w, https:\/\/diario.uach.cl\/wp-content\/uploads\/2024\/12\/WhatsApp-Image-2024-12-20-at-10.44.11-AM-2-1170x878.jpeg 1170w, https:\/\/diario.uach.cl\/wp-content\/uploads\/2024\/12\/WhatsApp-Image-2024-12-20-at-10.44.11-AM-2-585x439.jpeg 585w, https:\/\/diario.uach.cl\/wp-content\/uploads\/2024\/12\/WhatsApp-Image-2024-12-20-at-10.44.11-AM-2.jpeg 1600w\" alt=\"\" width=\"300\" height=\"225\" \/><br \/>Paralelamente se est\u00e1 difundiendo una encuesta para toda la comunidad universitaria, lo que incluye al personal administrativo y de servicios, acad\u00e9micos y acad\u00e9micas, estudiantes, egresados y egresadas, titulados y tituladas, y socios y socias de la corporaci\u00f3n. \u201cVa a estar disponible durante diciembre e invitamos a la comunidad a que participe y conteste la encuesta; esto es un proceso clave para retroalimentarnos\u201d, destac\u00f3 el Director de Desarrollo Estrat\u00e9gico.<\/p><p><strong>Cinco etapas<\/strong><\/p><p>Durante el presente a\u00f1o el Plan Estrat\u00e9gico Institucional 2020-2023, prorrogado hasta el 31 de diciembre de 2024 por Decreto N\u00b02 de 2024, culminar\u00e1 su aplicaci\u00f3n, realizando su respectivo seguimiento y an\u00e1lisis de resultados. Por lo tanto, se dio inicio al proceso de planificaci\u00f3n estrat\u00e9gica institucional para el siguiente periodo.<\/p><p><img loading=\"lazy\" decoding=\"async\" class=\"size-medium wp-image-197493 alignleft\" src=\"https:\/\/diario.uach.cl\/wp-content\/uploads\/2024\/12\/WhatsApp-Image-2024-12-20-at-12.57.09-PM-1-300x225.jpeg\" sizes=\"auto, (max-width: 300px) 100vw, 300px\" srcset=\"https:\/\/diario.uach.cl\/wp-content\/uploads\/2024\/12\/WhatsApp-Image-2024-12-20-at-12.57.09-PM-1-300x225.jpeg 300w, https:\/\/diario.uach.cl\/wp-content\/uploads\/2024\/12\/WhatsApp-Image-2024-12-20-at-12.57.09-PM-1-1024x768.jpeg 1024w, https:\/\/diario.uach.cl\/wp-content\/uploads\/2024\/12\/WhatsApp-Image-2024-12-20-at-12.57.09-PM-1-768x576.jpeg 768w, https:\/\/diario.uach.cl\/wp-content\/uploads\/2024\/12\/WhatsApp-Image-2024-12-20-at-12.57.09-PM-1-1536x1152.jpeg 1536w, https:\/\/diario.uach.cl\/wp-content\/uploads\/2024\/12\/WhatsApp-Image-2024-12-20-at-12.57.09-PM-1-1170x878.jpeg 1170w, https:\/\/diario.uach.cl\/wp-content\/uploads\/2024\/12\/WhatsApp-Image-2024-12-20-at-12.57.09-PM-1-585x439.jpeg 585w, https:\/\/diario.uach.cl\/wp-content\/uploads\/2024\/12\/WhatsApp-Image-2024-12-20-at-12.57.09-PM-1.jpeg 1600w\" alt=\"\" width=\"300\" height=\"225\" \/>La propuesta metodol\u00f3gica del Plan Estrat\u00e9gico Institucional 2025-2029, presentada a los cuerpos colegiados, considera cinco etapas, las que incluyen la exposici\u00f3n del marco metodol\u00f3gico, el diagn\u00f3stico estrat\u00e9gico, el marco y prop\u00f3sitos estrat\u00e9gicos, consulta a la comunidad y propuesta final que deber\u00e1 ser visado y aprobado por los cuerpos colegiados en marzo de 2025. Actualmente, nuestra Universidad est\u00e1 en la tercera etapa y ad-portas de ingresar a la cuarta.<\/p>\t\t\t\t\t\t<\/div>\n\t\t\t\t<\/div>\n\t\t\t\t<div class=\"elementor-element elementor-element-edebef9 elementor-widget elementor-widget-text-editor\" data-id=\"edebef9\" data-element_type=\"widget\" data-widget_type=\"text-editor.default\">\n\t\t\t\t<div class=\"elementor-widget-container\">\n\t\t\t\t\t\t\t<p>Fuente: <a href=\"https:\/\/diario.uach.cl\/nuevo-plan-estrategico-uach-comenzo-trabajo-con-equipos-por-propositos\/\">Nuevo Plan Estrat\u00e9gico UACh: comenz\u00f3 trabajo con equipos por prop\u00f3sitos \u2013 Noticias UACh<\/a><\/p>\t\t\t\t\t\t<\/div>\n\t\t\t\t<\/div>\n\t\t\t\t\t<\/div>\n\t\t<\/div>\n\t\t\t\t<div class=\"elementor-column elementor-col-33 elementor-top-column elementor-element elementor-element-898a396\" data-id=\"898a396\" data-element_type=\"column\">\n\t\t\t<div class=\"elementor-widget-wrap elementor-element-populated\">\n\t\t\t\t\t\t\t\t<div class=\"elementor-element elementor-element-648bde1 elementor-widget elementor-widget-heading\" data-id=\"648bde1\" data-element_type=\"widget\" data-widget_type=\"heading.default\">\n\t\t\t\t<div class=\"elementor-widget-container\">\n\t\t\t<h2 class=\"elementor-heading-title elementor-size-default\">Noticias<\/h2>\t\t<\/div>\n\t\t\t\t<\/div>\n\t\t\t\t<div class=\"elementor-element elementor-element-a3d87e9 elementor-grid-1 elementor-posts--thumbnail-none elementor-grid-tablet-2 elementor-grid-mobile-1 elementor-widget elementor-widget-posts\" data-id=\"a3d87e9\" data-element_type=\"widget\" data-settings=\"{&quot;classic_columns&quot;:&quot;1&quot;,&quot;classic_columns_tablet&quot;:&quot;2&quot;,&quot;classic_columns_mobile&quot;:&quot;1&quot;,&quot;classic_row_gap&quot;:{&quot;unit&quot;:&quot;px&quot;,&quot;size&quot;:35,&quot;sizes&quot;:[]},&quot;classic_row_gap_tablet&quot;:{&quot;unit&quot;:&quot;px&quot;,&quot;size&quot;:&quot;&quot;,&quot;sizes&quot;:[]},&quot;classic_row_gap_mobile&quot;:{&quot;unit&quot;:&quot;px&quot;,&quot;size&quot;:&quot;&quot;,&quot;sizes&quot;:[]}}\" data-widget_type=\"posts.classic\">\n\t\t\t\t<div class=\"elementor-widget-container\">\n\t\t\t<link rel=\"stylesheet\" href=\"https:\/\/analisis.dtic.myscriptcase.com\/wp-content\/plugins\/elementor-pro\/assets\/css\/widget-posts.min.css\">\t\t<div class=\"elementor-posts-container elementor-posts elementor-posts--skin-classic elementor-grid\">\n\t\t\t\t<article class=\"elementor-post elementor-grid-item post-7398 page type-page status-publish hentry\">\n\t\t\t\t<div class=\"elementor-post__text\">\n\t\t\t\t<h3 class=\"elementor-post__title\">\n\t\t\t<a href=\"https:\/\/analisis.dtic.myscriptcase.com\/?page_id=7398\" >\n\t\t\t\tUACh comenz\u00f3 \u00faltima etapa del proceso de Planificaci\u00f3n Estrat\u00e9gica Institucional 2025\u20132029\t\t\t<\/a>\n\t\t<\/h3>\n\t\t\t\t<div class=\"elementor-post__meta-data\">\n\t\t\t\t\t<span class=\"elementor-post-date\">\n\t\t\t11 de marzo de 2025\t\t<\/span>\n\t\t\t\t<\/div>\n\t\t\t\t<\/div>\n\t\t\t\t<\/article>\n\t\t\t\t<article class=\"elementor-post elementor-grid-item post-7343 page type-page status-publish hentry\">\n\t\t\t\t<div class=\"elementor-post__text\">\n\t\t\t\t<h3 class=\"elementor-post__title\">\n\t\t\t<a href=\"https:\/\/analisis.dtic.myscriptcase.com\/?page_id=7343\" >\n\t\t\t\tNuevo Plan Estrat\u00e9gico UACh: comenz\u00f3 trabajo con equipos por prop\u00f3sitos \u2013 Noticias UACh\t\t\t<\/a>\n\t\t<\/h3>\n\t\t\t\t<div class=\"elementor-post__meta-data\">\n\t\t\t\t\t<span class=\"elementor-post-date\">\n\t\t\t5 de marzo de 2025\t\t<\/span>\n\t\t\t\t<\/div>\n\t\t\t\t<\/div>\n\t\t\t\t<\/article>\n\t\t\t\t<article class=\"elementor-post elementor-grid-item post-7231 page type-page status-publish hentry\">\n\t\t\t\t<div class=\"elementor-post__text\">\n\t\t\t\t<h3 class=\"elementor-post__title\">\n\t\t\t<a href=\"https:\/\/analisis.dtic.myscriptcase.com\/?page_id=7231\" >\n\t\t\t\tRealizan proceso de socializaci\u00f3n en el marco de elaboraci\u00f3n de nuevo Plan Estrat\u00e9gico UACh\t\t\t<\/a>\n\t\t<\/h3>\n\t\t\t\t<div class=\"elementor-post__meta-data\">\n\t\t\t\t\t<span class=\"elementor-post-date\">\n\t\t\t4 de diciembre de 2024\t\t<\/span>\n\t\t\t\t<\/div>\n\t\t\t\t<\/div>\n\t\t\t\t<\/article>\n\t\t\t\t<article class=\"elementor-post elementor-grid-item post-7210 page type-page status-publish hentry\">\n\t\t\t\t<div class=\"elementor-post__text\">\n\t\t\t\t<h3 class=\"elementor-post__title\">\n\t\t\t<a href=\"https:\/\/analisis.dtic.myscriptcase.com\/?page_id=7210\" >\n\t\t\t\tSocializan proceso de elaboraci\u00f3n del nuevo Plan Estrat\u00e9gico institucional\t\t\t<\/a>\n\t\t<\/h3>\n\t\t\t\t<div class=\"elementor-post__meta-data\">\n\t\t\t\t\t<span class=\"elementor-post-date\">\n\t\t\t22 de noviembre de 2024\t\t<\/span>\n\t\t\t\t<\/div>\n\t\t\t\t<\/div>\n\t\t\t\t<\/article>\n\t\t\t\t<article class=\"elementor-post elementor-grid-item post-7197 page type-page status-publish hentry\">\n\t\t\t\t<div class=\"elementor-post__text\">\n\t\t\t\t<h3 class=\"elementor-post__title\">\n\t\t\t<a href=\"https:\/\/analisis.dtic.myscriptcase.com\/?page_id=7197\" >\n\t\t\t\tLa Universidad Austral de Chile inicia proceso de planificaci\u00f3n estrat\u00e9gica\t\t\t<\/a>\n\t\t<\/h3>\n\t\t\t\t<div class=\"elementor-post__meta-data\">\n\t\t\t\t\t<span class=\"elementor-post-date\">\n\t\t\t22 de noviembre de 2024\t\t<\/span>\n\t\t\t\t<\/div>\n\t\t\t\t<\/div>\n\t\t\t\t<\/article>\n\t\t\t\t<article class=\"elementor-post elementor-grid-item post-7111 page type-page status-publish hentry\">\n\t\t\t\t<div class=\"elementor-post__text\">\n\t\t\t\t<h3 class=\"elementor-post__title\">\n\t\t\t<a href=\"https:\/\/analisis.dtic.myscriptcase.com\/?page_id=7111\" >\n\t\t\t\tPlan Estrat\u00e9gico UACh: Un compromiso colectivo\t\t\t<\/a>\n\t\t<\/h3>\n\t\t\t\t<div class=\"elementor-post__meta-data\">\n\t\t\t\t\t<span class=\"elementor-post-date\">\n\t\t\t8 de noviembre de 2024\t\t<\/span>\n\t\t\t\t<\/div>\n\t\t\t\t<\/div>\n\t\t\t\t<\/article>\n\t\t\t\t<\/div>\n\n\n\t\t\n\t\t\t\t<\/div>\n\t\t\t\t<\/div>\n\t\t\t\t\t<\/div>\n\t\t<\/div>\n\t\t\t\t\t\t\t<\/div>\n\t\t<\/section>\n\t\t\t\t\t\t\t<\/div>\n\t\t","protected":false},"excerpt":{"rendered":"<p>Nuevo Plan Estrat\u00e9gico UACh: comenz\u00f3 trabajo con equipos por prop\u00f3sitos Los equipos est\u00e1n conformados por integrantes de la comunidad universitaria que tomar\u00e1n estos prop\u00f3sitos de<\/p>\n","protected":false},"author":5,"featured_media":0,"parent":0,"menu_order":0,"comment_status":"closed","ping_status":"closed","template":"","meta":{"om_disable_all_campaigns":false,"_monsterinsights_skip_tracking":false,"_monsterinsights_sitenote_active":false,"_monsterinsights_sitenote_note":"","_monsterinsights_sitenote_category":0,"_uf_show_specific_survey":0,"_uf_disable_surveys":false,"footnotes":""},"class_list":["post-7343","page","type-page","status-publish","hentry"],"aioseo_notices":[],"_links":{"self":[{"href":"https:\/\/analisis.dtic.myscriptcase.com\/index.php?rest_route=\/wp\/v2\/pages\/7343","targetHints":{"allow":["GET"]}}],"collection":[{"href":"https:\/\/analisis.dtic.myscriptcase.com\/index.php?rest_route=\/wp\/v2\/pages"}],"about":[{"href":"https:\/\/analisis.dtic.myscriptcase.com\/index.php?rest_route=\/wp\/v2\/types\/page"}],"author":[{"embeddable":true,"href":"https:\/\/analisis.dtic.myscriptcase.com\/index.php?rest_route=\/wp\/v2\/users\/5"}],"replies":[{"embeddable":true,"href":"https:\/\/analisis.dtic.myscriptcase.com\/index.php?rest_route=%2Fwp%2Fv2%2Fcomments&post=7343"}],"version-history":[{"count":16,"href":"https:\/\/analisis.dtic.myscriptcase.com\/index.php?rest_route=\/wp\/v2\/pages\/7343\/revisions"}],"predecessor-version":[{"id":7406,"href":"https:\/\/analisis.dtic.myscriptcase.com\/index.php?rest_route=\/wp\/v2\/pages\/7343\/revisions\/7406"}],"wp:attachment":[{"href":"https:\/\/analisis.dtic.myscriptcase.com\/index.php?rest_route=%2Fwp%2Fv2%2Fmedia&parent=7343"}],"curies":[{"name":"wp","href":"https:\/\/api.w.org\/{rel}","templated":true}]}}