{"id":7462,"date":"2025-04-28T19:25:55","date_gmt":"2025-04-28T19:25:55","guid":{"rendered":"https:\/\/analisis.dtic.myscriptcase.com.cl\/?page_id=7462"},"modified":"2025-04-28T19:28:59","modified_gmt":"2025-04-28T19:28:59","slug":"en-cuerpos-colegiados-se-inicia-proceso-de-discusion-del-plan-estrategico-institucional-2025-2029","status":"publish","type":"page","link":"https:\/\/analisis.dtic.myscriptcase.com\/?page_id=7462","title":{"rendered":"En cuerpos colegiados: se inicia proceso de discusi\u00f3n del Plan Estrat\u00e9gico Institucional 2025\u20132029"},"content":{"rendered":"\t\t<div data-elementor-type=\"wp-page\" data-elementor-id=\"7462\" class=\"elementor elementor-7462\">\n\t\t\t\t\t\t\t\t\t<section class=\"elementor-section elementor-top-section elementor-element elementor-element-e762372 elementor-section-boxed elementor-section-height-default elementor-section-height-default\" data-id=\"e762372\" data-element_type=\"section\">\n\t\t\t\t\t\t<div class=\"elementor-container elementor-column-gap-default\">\n\t\t\t\t\t<div class=\"elementor-column elementor-col-66 elementor-top-column elementor-element elementor-element-c75a5e8\" data-id=\"c75a5e8\" data-element_type=\"column\">\n\t\t\t<div class=\"elementor-widget-wrap elementor-element-populated\">\n\t\t\t\t\t\t\t\t<div class=\"elementor-element elementor-element-772172a elementor-widget elementor-widget-spacer\" data-id=\"772172a\" data-element_type=\"widget\" data-widget_type=\"spacer.default\">\n\t\t\t\t<div class=\"elementor-widget-container\">\n\t\t\t<style>\/*! elementor - v3.6.7 - 03-07-2022 *\/\n.e-container.e-container--row .elementor-spacer-inner{width:var(--spacer-size)}.e-container.e-container--column .elementor-spacer-inner,.elementor-column .elementor-spacer-inner{height:var(--spacer-size)}<\/style>\t\t<div class=\"elementor-spacer\">\n\t\t\t<div class=\"elementor-spacer-inner\"><\/div>\n\t\t<\/div>\n\t\t\t\t<\/div>\n\t\t\t\t<\/div>\n\t\t\t\t<div class=\"elementor-element elementor-element-1255794 elementor-widget elementor-widget-heading\" data-id=\"1255794\" data-element_type=\"widget\" data-widget_type=\"heading.default\">\n\t\t\t\t<div class=\"elementor-widget-container\">\n\t\t\t<style>\/*! elementor - v3.6.7 - 03-07-2022 *\/\n.elementor-heading-title{padding:0;margin:0;line-height:1}.elementor-widget-heading .elementor-heading-title[class*=elementor-size-]>a{color:inherit;font-size:inherit;line-height:inherit}.elementor-widget-heading .elementor-heading-title.elementor-size-small{font-size:15px}.elementor-widget-heading .elementor-heading-title.elementor-size-medium{font-size:19px}.elementor-widget-heading .elementor-heading-title.elementor-size-large{font-size:29px}.elementor-widget-heading .elementor-heading-title.elementor-size-xl{font-size:39px}.elementor-widget-heading .elementor-heading-title.elementor-size-xxl{font-size:59px}<\/style><h2 class=\"elementor-heading-title elementor-size-default\">En cuerpos colegiados: se inicia proceso de discusi\u00f3n del Plan Estrat\u00e9gico Institucional \n2025\u20132029<\/h2>\t\t<\/div>\n\t\t\t\t<\/div>\n\t\t\t\t<div class=\"elementor-element elementor-element-f128452 elementor-widget elementor-widget-image\" data-id=\"f128452\" data-element_type=\"widget\" data-widget_type=\"image.default\">\n\t\t\t\t<div class=\"elementor-widget-container\">\n\t\t\t<style>\/*! elementor - v3.6.7 - 03-07-2022 *\/\n.elementor-widget-image{text-align:center}.elementor-widget-image a{display:inline-block}.elementor-widget-image a img[src$=\".svg\"]{width:48px}.elementor-widget-image img{vertical-align:middle;display:inline-block}<\/style>\t\t\t\t\t\t\t\t\t<figure class=\"wp-caption\">\n\t\t\t\t\t\t\t\t\t\t<img loading=\"lazy\" decoding=\"async\" width=\"800\" height=\"523\" src=\"https:\/\/analisis.dtic.myscriptcase.com\/wp-content\/uploads\/2025\/04\/Plan-Estrategico-1-1170x765-1-1024x670.jpg\" class=\"attachment-large size-large\" alt=\"\" srcset=\"https:\/\/analisis.dtic.myscriptcase.com\/wp-content\/uploads\/2025\/04\/Plan-Estrategico-1-1170x765-1-1024x670.jpg 1024w, https:\/\/analisis.dtic.myscriptcase.com\/wp-content\/uploads\/2025\/04\/Plan-Estrategico-1-1170x765-1-300x196.jpg 300w, https:\/\/analisis.dtic.myscriptcase.com\/wp-content\/uploads\/2025\/04\/Plan-Estrategico-1-1170x765-1-768x502.jpg 768w, https:\/\/analisis.dtic.myscriptcase.com\/wp-content\/uploads\/2025\/04\/Plan-Estrategico-1-1170x765-1.jpg 1170w\" sizes=\"auto, (max-width: 800px) 100vw, 800px\" \/>\t\t\t\t\t\t\t\t\t\t\t<figcaption class=\"widget-image-caption wp-caption-text\">Actualmente se desarrolla la quinta y \u00faltima etapa del proceso, con miras a su presentaci\u00f3n y aprobaci\u00f3n final en Consejo Superior Universitario.<\/figcaption>\n\t\t\t\t\t\t\t\t\t\t<\/figure>\n\t\t\t\t\t\t\t\t\t<\/div>\n\t\t\t\t<\/div>\n\t\t\t\t<div class=\"elementor-element elementor-element-1ad6cff elementor-widget elementor-widget-text-editor\" data-id=\"1ad6cff\" data-element_type=\"widget\" data-widget_type=\"text-editor.default\">\n\t\t\t\t<div class=\"elementor-widget-container\">\n\t\t\t<style>\/*! elementor - v3.6.7 - 03-07-2022 *\/\n.elementor-widget-text-editor.elementor-drop-cap-view-stacked .elementor-drop-cap{background-color:#818a91;color:#fff}.elementor-widget-text-editor.elementor-drop-cap-view-framed .elementor-drop-cap{color:#818a91;border:3px solid;background-color:transparent}.elementor-widget-text-editor:not(.elementor-drop-cap-view-default) .elementor-drop-cap{margin-top:8px}.elementor-widget-text-editor:not(.elementor-drop-cap-view-default) .elementor-drop-cap-letter{width:1em;height:1em}.elementor-widget-text-editor .elementor-drop-cap{float:left;text-align:center;line-height:1;font-size:50px}.elementor-widget-text-editor .elementor-drop-cap-letter{display:inline-block}<\/style>\t\t\t\t<p>Desde junio de 2024, la Universidad ha desarrollado de forma meticulosa y sistem\u00e1tica el proceso de Planificaci\u00f3n Estrat\u00e9gica Institucional 2025 \u2013 2029, dise\u00f1ado en cinco etapas que culminan en la presentaci\u00f3n y aprobaci\u00f3n del nuevo Plan Estrat\u00e9gico Institucional por el Consejo Superior Universitario.<\/p><p>En la primera etapa, se aprob\u00f3 el marco metodol\u00f3gico por ambos cuerpos colegiados y se conform\u00f3 el Comit\u00e9 Asesor de Planificaci\u00f3n Estrat\u00e9gica, integrado por acad\u00e9micos y acad\u00e9micas representantes de cada \u00e1rea del conocimiento, m\u00e1s un integrante del Directorio.<\/p><p>De forma paralela se ejecut\u00f3 la segunda etapa, correspondiente al diagn\u00f3stico estrat\u00e9gico. \u00c9sta incluy\u00f3 una exhaustiva revisi\u00f3n documental y un an\u00e1lisis de datos internos y externos, cuyos resultados est\u00e1n disponibles en el sitio web:\u00a0<a href=\"http:\/\/analisis.dtic.myscriptcase.com.cl\/\">analisis.dtic.myscriptcase.com.cl<\/a>.<\/p><p>Durante la tercera etapa, denominada \u201cMarco y prop\u00f3sitos estrat\u00e9gicos\u201d, se realizaron jornadas de trabajo con autoridades universitarias, incluyendo integrantes del Consejo Acad\u00e9mico y miembros titulares del Directorio. De este proceso surgi\u00f3 una primera propuesta de marco y prop\u00f3sitos estrat\u00e9gicos, que fue consultada en la cuarta etapa mediante una encuesta a la comunidad universitaria, alcanzando la mayor participaci\u00f3n registrada en estos procesos.<\/p><p>Posteriormente, se conformaron equipos por prop\u00f3sito compuestos por integrantes del personal acad\u00e9mico y de administraci\u00f3n y de servicios de nuestra Comunidad, quienes se encargaron de elaborar una propuesta de objetivos estrat\u00e9gicos. Este trabajo fue presentado y discutido en un plenario de los equipos a finales de enero del presente a\u00f1o.<br \/>Actualmente se desarrolla la quinta y \u00faltima etapa del proceso. Para ello se consolid\u00f3 y afin\u00f3 la propuesta junto al comit\u00e9 asesor, iniciando esta semana la discusi\u00f3n de \u00e9sta en ambos cuerpos colegiados, con miras a su presentaci\u00f3n y aprobaci\u00f3n final en Consejo Superior Universitario.<\/p><p>\u201cEste Plan Estrat\u00e9gico es el resultado de una construcci\u00f3n colectiva que recoge nuestras convicciones, desaf\u00edos y aspiraciones como comunidad universitaria. Esperamos, que el fruto de este trabajo conjunto finalmente sea aprobado por los respectivos cuerpos colegiados. As\u00ed tambi\u00e9n, agradecemos profundamente la participaci\u00f3n de nuestros y nuestras estudiantes, acad\u00e9micos, funcionarios y autoridades, en cada etapa del proceso\u201d, destac\u00f3 la Prorrectora UACh Dra. Angara Zambrano.<\/p><p>Fuente: <a href=\"https:\/\/diario.uach.cl\/se-inicia-proceso-de-discusion-del-plan-estrategico-institucional-2025-2029-en-cuerpos-colegiados\/\">En cuerpos colegiados: se inicia proceso de discusi\u00f3n del Plan Estrat\u00e9gico Institucional 2025\u20132029 \u2013 Noticias UACh<\/a><\/p>\t\t\t\t\t\t<\/div>\n\t\t\t\t<\/div>\n\t\t\t\t\t<\/div>\n\t\t<\/div>\n\t\t\t\t<div class=\"elementor-column elementor-col-33 elementor-top-column elementor-element elementor-element-f1e2903\" data-id=\"f1e2903\" data-element_type=\"column\">\n\t\t\t<div class=\"elementor-widget-wrap elementor-element-populated\">\n\t\t\t\t\t\t\t\t<div class=\"elementor-element elementor-element-7d1e4d2 elementor-widget elementor-widget-heading\" data-id=\"7d1e4d2\" data-element_type=\"widget\" data-widget_type=\"heading.default\">\n\t\t\t\t<div class=\"elementor-widget-container\">\n\t\t\t<h2 class=\"elementor-heading-title elementor-size-default\">Noticias<\/h2>\t\t<\/div>\n\t\t\t\t<\/div>\n\t\t\t\t<div class=\"elementor-element elementor-element-e3e8c4d elementor-grid-1 elementor-posts--thumbnail-none elementor-grid-tablet-2 elementor-grid-mobile-1 elementor-widget elementor-widget-posts\" data-id=\"e3e8c4d\" data-element_type=\"widget\" data-settings=\"{&quot;classic_columns&quot;:&quot;1&quot;,&quot;classic_columns_tablet&quot;:&quot;2&quot;,&quot;classic_columns_mobile&quot;:&quot;1&quot;,&quot;classic_row_gap&quot;:{&quot;unit&quot;:&quot;px&quot;,&quot;size&quot;:35,&quot;sizes&quot;:[]},&quot;classic_row_gap_tablet&quot;:{&quot;unit&quot;:&quot;px&quot;,&quot;size&quot;:&quot;&quot;,&quot;sizes&quot;:[]},&quot;classic_row_gap_mobile&quot;:{&quot;unit&quot;:&quot;px&quot;,&quot;size&quot;:&quot;&quot;,&quot;sizes&quot;:[]}}\" data-widget_type=\"posts.classic\">\n\t\t\t\t<div class=\"elementor-widget-container\">\n\t\t\t<link rel=\"stylesheet\" href=\"https:\/\/analisis.dtic.myscriptcase.com\/wp-content\/plugins\/elementor-pro\/assets\/css\/widget-posts.min.css\">\t\t<div class=\"elementor-posts-container elementor-posts elementor-posts--skin-classic elementor-grid\">\n\t\t\t\t<article class=\"elementor-post elementor-grid-item post-7462 page type-page status-publish hentry\">\n\t\t\t\t<div class=\"elementor-post__text\">\n\t\t\t\t<h3 class=\"elementor-post__title\">\n\t\t\t<a href=\"https:\/\/analisis.dtic.myscriptcase.com\/?page_id=7462\" >\n\t\t\t\tEn cuerpos colegiados: se inicia proceso de discusi\u00f3n del Plan Estrat\u00e9gico Institucional 2025\u20132029\t\t\t<\/a>\n\t\t<\/h3>\n\t\t\t\t<div class=\"elementor-post__meta-data\">\n\t\t\t\t\t<span class=\"elementor-post-date\">\n\t\t\t28 de abril de 2025\t\t<\/span>\n\t\t\t\t<\/div>\n\t\t\t\t<\/div>\n\t\t\t\t<\/article>\n\t\t\t\t<article class=\"elementor-post elementor-grid-item post-7438 page type-page status-publish hentry\">\n\t\t\t\t<div class=\"elementor-post__text\">\n\t\t\t\t<h3 class=\"elementor-post__title\">\n\t\t\t<a href=\"https:\/\/analisis.dtic.myscriptcase.com\/?page_id=7438\" >\n\t\t\t\tJos\u00e9 Joaqu\u00edn Brunner particip\u00f3 en jornada de aseguramiento interno de la calidad\t\t\t<\/a>\n\t\t<\/h3>\n\t\t\t\t<div class=\"elementor-post__meta-data\">\n\t\t\t\t\t<span class=\"elementor-post-date\">\n\t\t\t17 de marzo de 2025\t\t<\/span>\n\t\t\t\t<\/div>\n\t\t\t\t<\/div>\n\t\t\t\t<\/article>\n\t\t\t\t<article class=\"elementor-post elementor-grid-item post-7398 page type-page status-publish hentry\">\n\t\t\t\t<div class=\"elementor-post__text\">\n\t\t\t\t<h3 class=\"elementor-post__title\">\n\t\t\t<a href=\"https:\/\/analisis.dtic.myscriptcase.com\/?page_id=7398\" >\n\t\t\t\tUACh comenz\u00f3 \u00faltima etapa del proceso de Planificaci\u00f3n Estrat\u00e9gica Institucional 2025\u20132029\t\t\t<\/a>\n\t\t<\/h3>\n\t\t\t\t<div class=\"elementor-post__meta-data\">\n\t\t\t\t\t<span class=\"elementor-post-date\">\n\t\t\t11 de marzo de 2025\t\t<\/span>\n\t\t\t\t<\/div>\n\t\t\t\t<\/div>\n\t\t\t\t<\/article>\n\t\t\t\t<article class=\"elementor-post elementor-grid-item post-7343 page type-page status-publish hentry\">\n\t\t\t\t<div class=\"elementor-post__text\">\n\t\t\t\t<h3 class=\"elementor-post__title\">\n\t\t\t<a href=\"https:\/\/analisis.dtic.myscriptcase.com\/?page_id=7343\" >\n\t\t\t\tNuevo Plan Estrat\u00e9gico UACh: comenz\u00f3 trabajo con equipos por prop\u00f3sitos \u2013 Noticias UACh\t\t\t<\/a>\n\t\t<\/h3>\n\t\t\t\t<div class=\"elementor-post__meta-data\">\n\t\t\t\t\t<span class=\"elementor-post-date\">\n\t\t\t5 de marzo de 2025\t\t<\/span>\n\t\t\t\t<\/div>\n\t\t\t\t<\/div>\n\t\t\t\t<\/article>\n\t\t\t\t<article class=\"elementor-post elementor-grid-item post-7231 page type-page status-publish hentry\">\n\t\t\t\t<div class=\"elementor-post__text\">\n\t\t\t\t<h3 class=\"elementor-post__title\">\n\t\t\t<a href=\"https:\/\/analisis.dtic.myscriptcase.com\/?page_id=7231\" >\n\t\t\t\tRealizan proceso de socializaci\u00f3n en el marco de elaboraci\u00f3n de nuevo Plan Estrat\u00e9gico UACh\t\t\t<\/a>\n\t\t<\/h3>\n\t\t\t\t<div class=\"elementor-post__meta-data\">\n\t\t\t\t\t<span class=\"elementor-post-date\">\n\t\t\t4 de diciembre de 2024\t\t<\/span>\n\t\t\t\t<\/div>\n\t\t\t\t<\/div>\n\t\t\t\t<\/article>\n\t\t\t\t<article class=\"elementor-post elementor-grid-item post-7210 page type-page status-publish hentry\">\n\t\t\t\t<div class=\"elementor-post__text\">\n\t\t\t\t<h3 class=\"elementor-post__title\">\n\t\t\t<a href=\"https:\/\/analisis.dtic.myscriptcase.com\/?page_id=7210\" >\n\t\t\t\tSocializan proceso de elaboraci\u00f3n del nuevo Plan Estrat\u00e9gico institucional\t\t\t<\/a>\n\t\t<\/h3>\n\t\t\t\t<div class=\"elementor-post__meta-data\">\n\t\t\t\t\t<span class=\"elementor-post-date\">\n\t\t\t22 de noviembre de 2024\t\t<\/span>\n\t\t\t\t<\/div>\n\t\t\t\t<\/div>\n\t\t\t\t<\/article>\n\t\t\t\t<\/div>\n\n\n\t\t\n\t\t\t\t<\/div>\n\t\t\t\t<\/div>\n\t\t\t\t\t<\/div>\n\t\t<\/div>\n\t\t\t\t\t\t\t<\/div>\n\t\t<\/section>\n\t\t\t\t\t\t\t<\/div>\n\t\t","protected":false},"excerpt":{"rendered":"<p>En cuerpos colegiados: se inicia proceso de discusi\u00f3n del Plan Estrat\u00e9gico Institucional 2025\u20132029 Actualmente se desarrolla la quinta y \u00faltima etapa del proceso, con miras<\/p>\n","protected":false},"author":5,"featured_media":0,"parent":0,"menu_order":0,"comment_status":"closed","ping_status":"closed","template":"","meta":{"om_disable_all_campaigns":false,"_monsterinsights_skip_tracking":false,"_monsterinsights_sitenote_active":false,"_monsterinsights_sitenote_note":"","_monsterinsights_sitenote_category":0,"_uf_show_specific_survey":0,"_uf_disable_surveys":false,"footnotes":""},"class_list":["post-7462","page","type-page","status-publish","hentry"],"aioseo_notices":[],"_links":{"self":[{"href":"https:\/\/analisis.dtic.myscriptcase.com\/index.php?rest_route=\/wp\/v2\/pages\/7462","targetHints":{"allow":["GET"]}}],"collection":[{"href":"https:\/\/analisis.dtic.myscriptcase.com\/index.php?rest_route=\/wp\/v2\/pages"}],"about":[{"href":"https:\/\/analisis.dtic.myscriptcase.com\/index.php?rest_route=\/wp\/v2\/types\/page"}],"author":[{"embeddable":true,"href":"https:\/\/analisis.dtic.myscriptcase.com\/index.php?rest_route=\/wp\/v2\/users\/5"}],"replies":[{"embeddable":true,"href":"https:\/\/analisis.dtic.myscriptcase.com\/index.php?rest_route=%2Fwp%2Fv2%2Fcomments&post=7462"}],"version-history":[{"count":7,"href":"https:\/\/analisis.dtic.myscriptcase.com\/index.php?rest_route=\/wp\/v2\/pages\/7462\/revisions"}],"predecessor-version":[{"id":7470,"href":"https:\/\/analisis.dtic.myscriptcase.com\/index.php?rest_route=\/wp\/v2\/pages\/7462\/revisions\/7470"}],"wp:attachment":[{"href":"https:\/\/analisis.dtic.myscriptcase.com\/index.php?rest_route=%2Fwp%2Fv2%2Fmedia&parent=7462"}],"curies":[{"name":"wp","href":"https:\/\/api.w.org\/{rel}","templated":true}]}}