{"id":7532,"date":"2025-06-06T12:36:43","date_gmt":"2025-06-06T12:36:43","guid":{"rendered":"https:\/\/analisis.dtic.myscriptcase.com.cl\/?page_id=7532"},"modified":"2025-07-30T12:54:29","modified_gmt":"2025-07-30T12:54:29","slug":"consejo-superior-universitario-uach-aprobo-plan-estrategico-institucional-2025-2029-noticias-uach","status":"publish","type":"page","link":"https:\/\/analisis.dtic.myscriptcase.com\/?page_id=7532","title":{"rendered":"Consejo Superior Universitario UACh aprob\u00f3 Plan Estrat\u00e9gico Institucional 2025\u20132029"},"content":{"rendered":"\t\t<div data-elementor-type=\"wp-page\" data-elementor-id=\"7532\" class=\"elementor elementor-7532\">\n\t\t\t\t\t\t\t\t\t<section class=\"elementor-section elementor-top-section elementor-element elementor-element-cb0d4ca elementor-section-boxed elementor-section-height-default elementor-section-height-default\" data-id=\"cb0d4ca\" data-element_type=\"section\">\n\t\t\t\t\t\t<div class=\"elementor-container elementor-column-gap-default\">\n\t\t\t\t\t<div class=\"elementor-column elementor-col-66 elementor-top-column elementor-element elementor-element-93b5143\" data-id=\"93b5143\" data-element_type=\"column\">\n\t\t\t<div class=\"elementor-widget-wrap elementor-element-populated\">\n\t\t\t\t\t\t\t\t<div class=\"elementor-element elementor-element-233ff0f elementor-widget elementor-widget-spacer\" data-id=\"233ff0f\" data-element_type=\"widget\" data-widget_type=\"spacer.default\">\n\t\t\t\t<div class=\"elementor-widget-container\">\n\t\t\t<style>\/*! elementor - v3.6.7 - 03-07-2022 *\/\n.e-container.e-container--row .elementor-spacer-inner{width:var(--spacer-size)}.e-container.e-container--column .elementor-spacer-inner,.elementor-column .elementor-spacer-inner{height:var(--spacer-size)}<\/style>\t\t<div class=\"elementor-spacer\">\n\t\t\t<div class=\"elementor-spacer-inner\"><\/div>\n\t\t<\/div>\n\t\t\t\t<\/div>\n\t\t\t\t<\/div>\n\t\t\t\t<div class=\"elementor-element elementor-element-da7d68d elementor-widget elementor-widget-heading\" data-id=\"da7d68d\" data-element_type=\"widget\" data-widget_type=\"heading.default\">\n\t\t\t\t<div class=\"elementor-widget-container\">\n\t\t\t<style>\/*! elementor - v3.6.7 - 03-07-2022 *\/\n.elementor-heading-title{padding:0;margin:0;line-height:1}.elementor-widget-heading .elementor-heading-title[class*=elementor-size-]>a{color:inherit;font-size:inherit;line-height:inherit}.elementor-widget-heading .elementor-heading-title.elementor-size-small{font-size:15px}.elementor-widget-heading .elementor-heading-title.elementor-size-medium{font-size:19px}.elementor-widget-heading .elementor-heading-title.elementor-size-large{font-size:29px}.elementor-widget-heading .elementor-heading-title.elementor-size-xl{font-size:39px}.elementor-widget-heading .elementor-heading-title.elementor-size-xxl{font-size:59px}<\/style><h2 class=\"elementor-heading-title elementor-size-default\">Consejo Superior Universitario UACh aprob\u00f3 Plan Estrat\u00e9gico Institucional 2025\u20132029<\/h2>\t\t<\/div>\n\t\t\t\t<\/div>\n\t\t\t\t<div class=\"elementor-element elementor-element-ad82b4a elementor-widget elementor-widget-image\" data-id=\"ad82b4a\" data-element_type=\"widget\" data-widget_type=\"image.default\">\n\t\t\t\t<div class=\"elementor-widget-container\">\n\t\t\t<style>\/*! elementor - v3.6.7 - 03-07-2022 *\/\n.elementor-widget-image{text-align:center}.elementor-widget-image a{display:inline-block}.elementor-widget-image a img[src$=\".svg\"]{width:48px}.elementor-widget-image img{vertical-align:middle;display:inline-block}<\/style>\t\t\t\t\t\t\t\t\t<figure class=\"wp-caption\">\n\t\t\t\t\t\t\t\t\t\t<img loading=\"lazy\" decoding=\"async\" width=\"800\" height=\"600\" src=\"https:\/\/analisis.dtic.myscriptcase.com\/wp-content\/uploads\/2025\/07\/WhatsApp-Image-2025-06-06-at-17.19.50-scaled-1-1024x768.jpeg\" class=\"attachment-large size-large\" alt=\"\" srcset=\"https:\/\/analisis.dtic.myscriptcase.com\/wp-content\/uploads\/2025\/07\/WhatsApp-Image-2025-06-06-at-17.19.50-scaled-1-1024x768.jpeg 1024w, https:\/\/analisis.dtic.myscriptcase.com\/wp-content\/uploads\/2025\/07\/WhatsApp-Image-2025-06-06-at-17.19.50-scaled-1-300x225.jpeg 300w, https:\/\/analisis.dtic.myscriptcase.com\/wp-content\/uploads\/2025\/07\/WhatsApp-Image-2025-06-06-at-17.19.50-scaled-1-768x576.jpeg 768w, https:\/\/analisis.dtic.myscriptcase.com\/wp-content\/uploads\/2025\/07\/WhatsApp-Image-2025-06-06-at-17.19.50-scaled-1-1536x1152.jpeg 1536w, https:\/\/analisis.dtic.myscriptcase.com\/wp-content\/uploads\/2025\/07\/WhatsApp-Image-2025-06-06-at-17.19.50-scaled-1-2048x1536.jpeg 2048w\" sizes=\"auto, (max-width: 800px) 100vw, 800px\" \/>\t\t\t\t\t\t\t\t\t\t\t<figcaption class=\"widget-image-caption wp-caption-text\">Este Plan Estrat\u00e9gico Institucional es el resultado de una construcci\u00f3n colectiva que recoge nuestras convicciones, desaf\u00edos y aspiraciones como comunidad universitaria.<\/figcaption>\n\t\t\t\t\t\t\t\t\t\t<\/figure>\n\t\t\t\t\t\t\t\t\t<\/div>\n\t\t\t\t<\/div>\n\t\t\t\t<div class=\"elementor-element elementor-element-d3061f4 elementor-widget elementor-widget-text-editor\" data-id=\"d3061f4\" data-element_type=\"widget\" data-widget_type=\"text-editor.default\">\n\t\t\t\t<div class=\"elementor-widget-container\">\n\t\t\t<style>\/*! elementor - v3.6.7 - 03-07-2022 *\/\n.elementor-widget-text-editor.elementor-drop-cap-view-stacked .elementor-drop-cap{background-color:#818a91;color:#fff}.elementor-widget-text-editor.elementor-drop-cap-view-framed .elementor-drop-cap{color:#818a91;border:3px solid;background-color:transparent}.elementor-widget-text-editor:not(.elementor-drop-cap-view-default) .elementor-drop-cap{margin-top:8px}.elementor-widget-text-editor:not(.elementor-drop-cap-view-default) .elementor-drop-cap-letter{width:1em;height:1em}.elementor-widget-text-editor .elementor-drop-cap{float:left;text-align:center;line-height:1;font-size:50px}.elementor-widget-text-editor .elementor-drop-cap-letter{display:inline-block}<\/style>\t\t\t\t<p>El Consejo Superior Universitario (CSU) de la Universidad Austral de Chile, acord\u00f3 aprobar el Plan Estrat\u00e9gico Institucional periodo 2025\u2013 2029. La sesi\u00f3n se efectu\u00f3 a las 11.30 horas de este 6 de junio en el Sal\u00f3n Jorge Millas. El acto fue encabezado por el Rector Jos\u00e9 D\u00f6rner, el Presidente del Directorio, Francisco Luzzi y el Secretario General de nuestra casa de estudios Eduardo Marchant.<\/p><p>La Prorrectora, Angara Zambrano, present\u00f3 la propuesta de Planificaci\u00f3n Estrat\u00e9gica Institucional 2025\u20132029, trabajo que estuvo a cargo de Direcci\u00f3n de Desarrollo Estrat\u00e9gico y que cont\u00f3 con participaci\u00f3n de la comunidad universitaria.<\/p><p><img loading=\"lazy\" decoding=\"async\" class=\"wp-image-204430 alignleft\" src=\"https:\/\/diario.uach.cl\/wp-content\/uploads\/2025\/06\/f8c8f286-a50b-45a2-8ae9-fd68a3630844.jpg\" sizes=\"auto, (max-width: 459px) 100vw, 459px\" srcset=\"https:\/\/diario.uach.cl\/wp-content\/uploads\/2025\/06\/f8c8f286-a50b-45a2-8ae9-fd68a3630844.jpg 1280w, https:\/\/diario.uach.cl\/wp-content\/uploads\/2025\/06\/f8c8f286-a50b-45a2-8ae9-fd68a3630844-300x226.jpg 300w, https:\/\/diario.uach.cl\/wp-content\/uploads\/2025\/06\/f8c8f286-a50b-45a2-8ae9-fd68a3630844-1024x770.jpg 1024w, https:\/\/diario.uach.cl\/wp-content\/uploads\/2025\/06\/f8c8f286-a50b-45a2-8ae9-fd68a3630844-768x578.jpg 768w, https:\/\/diario.uach.cl\/wp-content\/uploads\/2025\/06\/f8c8f286-a50b-45a2-8ae9-fd68a3630844-1170x880.jpg 1170w, https:\/\/diario.uach.cl\/wp-content\/uploads\/2025\/06\/f8c8f286-a50b-45a2-8ae9-fd68a3630844-585x440.jpg 585w\" alt=\"\" width=\"459\" height=\"345\" \/>Tras la presentaci\u00f3n, el Consejo Superior Universitario, integrado por el Rector (quien lo preside), miembros del Consejo Acad\u00e9mico, miembros del Directorio y un representante del personal de administraci\u00f3n y servicios elegido por sus pares, procedieron a votar el acuerdo de aprobaci\u00f3n de esta herramienta de gesti\u00f3n estrat\u00e9gica, que es un eje integrador del desarrollo de nuestra Universidad para los pr\u00f3ximos cinco a\u00f1os.<\/p><p>En la ocasi\u00f3n el Rector Jos\u00e9 D\u00f6rner, destac\u00f3 la amplia consulta a la comunidad universitaria realizada en el marco de la elaboraci\u00f3n de este nuevo instrumento de planificaci\u00f3n estrat\u00e9gica institucional \u201cque ser\u00e1 muy importante para que nuestra universidad pueda enfrentar de buena forma los tremendos desaf\u00edos que tenemos por delante. En ese contexto, quisiera agradecer el trabajo de los equipos de la Direcci\u00f3n de Desarrollo Estrat\u00e9gico\u201d.<\/p><p>Por su parte la Prorrectora, expres\u00f3 que \u201choy el Consejo Superior Universitario, ha aprobado la nueva planificaci\u00f3n estrat\u00e9gica, el plan estrat\u00e9gico para los a\u00f1os 2025-2029. No me queda m\u00e1s que agradecer a toda la comunidad universitaria por el apoyo y por el trabajo para llevar a cabo esta nueva propuesta de planificaci\u00f3n\u201d.<\/p><p>En tanto, el Director de Desarrollo Estrat\u00e9gico, John Dodds, valor\u00f3 la aprobaci\u00f3n del Plan Estrat\u00e9gico Institucional periodo 2025\u2013 2029, resalt\u00f3 que \u201ceste proceso, que const\u00f3 de cinco etapas, un comit\u00e9 de asesor de planificaci\u00f3n estrat\u00e9gica, equipos por prop\u00f3sito estrat\u00e9gicos y la participaci\u00f3n de toda la comunidad universitaria, fija el rumbo de nuestra instituci\u00f3n. Ahora vamos a iniciar una estrategia de despliegue, donde nos vamos a reunir con las unidades acad\u00e9micas y administrativas para el proceso de socializaci\u00f3n e implementaci\u00f3n de este plan. Aprovechamos de agradecer a toda la comunidad universitaria\u201d.<\/p><p>El acta del Consejo Superior Universitario fue firmada por el integrante del Directorio, Jos\u00e9 de la Vega, el consejero estudiantil; Pablo Jim\u00e9nez y el Decano de la Facultad de Ciencias de la Ingenier\u00eda, Enrique Su\u00e1rez.<\/p><p><strong><u><img loading=\"lazy\" decoding=\"async\" class=\"alignnone size-full wp-image-204429\" src=\"https:\/\/diario.uach.cl\/wp-content\/uploads\/2025\/06\/WhatsApp-Image-2025-06-06-at-16.56.12-scaled.jpeg\" sizes=\"auto, (max-width: 2560px) 100vw, 2560px\" srcset=\"https:\/\/diario.uach.cl\/wp-content\/uploads\/2025\/06\/WhatsApp-Image-2025-06-06-at-16.56.12-scaled.jpeg 2560w, https:\/\/diario.uach.cl\/wp-content\/uploads\/2025\/06\/WhatsApp-Image-2025-06-06-at-16.56.12-300x225.jpeg 300w, https:\/\/diario.uach.cl\/wp-content\/uploads\/2025\/06\/WhatsApp-Image-2025-06-06-at-16.56.12-1024x768.jpeg 1024w, https:\/\/diario.uach.cl\/wp-content\/uploads\/2025\/06\/WhatsApp-Image-2025-06-06-at-16.56.12-768x576.jpeg 768w, https:\/\/diario.uach.cl\/wp-content\/uploads\/2025\/06\/WhatsApp-Image-2025-06-06-at-16.56.12-1536x1152.jpeg 1536w, https:\/\/diario.uach.cl\/wp-content\/uploads\/2025\/06\/WhatsApp-Image-2025-06-06-at-16.56.12-2048x1536.jpeg 2048w, https:\/\/diario.uach.cl\/wp-content\/uploads\/2025\/06\/WhatsApp-Image-2025-06-06-at-16.56.12-1170x878.jpeg 1170w, https:\/\/diario.uach.cl\/wp-content\/uploads\/2025\/06\/WhatsApp-Image-2025-06-06-at-16.56.12-585x439.jpeg 585w\" alt=\"\" width=\"2560\" height=\"1920\" \/>Diversas miradas<\/u><\/strong><\/p><p>Jos\u00e9 de la Vega, director no Acad\u00e9mico del Directorio, particip\u00f3 en el comit\u00e9 asesor que acompa\u00f1\u00f3 la elaboraci\u00f3n de este Plan. A su juicio, \u201ccreo que sali\u00f3 algo bastante bueno (\u2026) Esa es una virtud, que yo encuentro que es muy importante del plan estrat\u00e9gico. Ha sido consultado con directivos, con funcionarios, con acad\u00e9micos y eso es una cuesti\u00f3n que permite que este plan estrat\u00e9gico pueda en el futuro transformarse en una realidad, porque en este momento es un plan solamente\u201d.<\/p><p>Dara el Decano de la Facultad de Arquitectura y Artes de la UACh, Prof. Felipe Pinto d\u2019Aguiar, la aprobaci\u00f3n del Plan Estrat\u00e9gico \u201crepresenta un hito clave para enfrentar los desaf\u00edos de los pr\u00f3ximos a\u00f1os. Este instrumento orienta los convenios de desempe\u00f1o de las macrounidades y entrega lineamientos generales para el mediano plazo. Su marco temporal debiera permitirnos articular de manera exitosa el cierre del Plan de Recuperaci\u00f3n y un proceso de acreditaci\u00f3n con buenos resultados. Quisiera destacar especialmente el compromiso asumido de consolidar un liderazgo en investigaci\u00f3n, desarrollo, innovaci\u00f3n y \u2014de manera particularmente significativa para nuestra facultad\u2014 en creaci\u00f3n art\u00edstica\u201d<\/p><p>La Prof. Marcela Apablaza, directora acad\u00e9mica del Directorio, recalc\u00f3 que \u201c\u00e9ste es un momento solemne, que da cuenta y cristaliza de alguna manera un proceso que ha sido muy complejo, muy desafiante, que cost\u00f3 convocar, y as\u00ed todo fue muy participativo, y eso yo lo valoro tremendamente. Valoro tambi\u00e9n que, a pesar de que hemos planteado un plan estrat\u00e9gico desafiante, lleno de expectativas y deseos, es un plan estrat\u00e9gico que nos permite mirar tambi\u00e9n cu\u00e1les son los desaf\u00edos m\u00e1s cotidianos de nuestra instituci\u00f3n\u201d.<\/p><p>El Prof. Gast\u00f3n Vergara, director acad\u00e9mico del Directorio, se\u00f1al\u00f3 que esta aprobaci\u00f3n \u201ces un hito importante, relevante y necesario, sobre todo para nuestro plan de recuperaci\u00f3n y para el cumplimiento de metas internas que tiene nuestra universidad\u201d (\u2026) El desaf\u00edo es primero completar el plan estrat\u00e9gico, porque no nos olvidemos que hoy d\u00eda, se aprob\u00f3 solo una parte, faltan todos los indicadores, cuadro de mando y, por otro lado, el cumplir nuestro plan estrat\u00e9gico. A pesar de que \u00e9ste se puede ir corrigiendo en el tiempo, la idea es que estas correcciones sean adecuadas y m\u00ednimas\u201d.<\/p><p><strong><u><img loading=\"lazy\" decoding=\"async\" class=\"alignnone size-full wp-image-204428\" src=\"https:\/\/diario.uach.cl\/wp-content\/uploads\/2025\/06\/WhatsApp-Image-2025-06-06-at-16.56.12-1-scaled.jpeg\" sizes=\"auto, (max-width: 2560px) 100vw, 2560px\" srcset=\"https:\/\/diario.uach.cl\/wp-content\/uploads\/2025\/06\/WhatsApp-Image-2025-06-06-at-16.56.12-1-scaled.jpeg 2560w, https:\/\/diario.uach.cl\/wp-content\/uploads\/2025\/06\/WhatsApp-Image-2025-06-06-at-16.56.12-1-300x225.jpeg 300w, https:\/\/diario.uach.cl\/wp-content\/uploads\/2025\/06\/WhatsApp-Image-2025-06-06-at-16.56.12-1-1024x768.jpeg 1024w, https:\/\/diario.uach.cl\/wp-content\/uploads\/2025\/06\/WhatsApp-Image-2025-06-06-at-16.56.12-1-768x576.jpeg 768w, https:\/\/diario.uach.cl\/wp-content\/uploads\/2025\/06\/WhatsApp-Image-2025-06-06-at-16.56.12-1-1536x1152.jpeg 1536w, https:\/\/diario.uach.cl\/wp-content\/uploads\/2025\/06\/WhatsApp-Image-2025-06-06-at-16.56.12-1-2048x1536.jpeg 2048w, https:\/\/diario.uach.cl\/wp-content\/uploads\/2025\/06\/WhatsApp-Image-2025-06-06-at-16.56.12-1-1170x878.jpeg 1170w, https:\/\/diario.uach.cl\/wp-content\/uploads\/2025\/06\/WhatsApp-Image-2025-06-06-at-16.56.12-1-585x439.jpeg 585w\" alt=\"\" width=\"2560\" height=\"1920\" \/>Resultado de un esfuerzo colectivo<\/u><\/strong><\/p><p>Es as\u00ed que, desde junio de 2024, la UACh ha desarrollado de forma meticulosa y sistem\u00e1tica el proceso de Planificaci\u00f3n Estrat\u00e9gica Institucional 2025 \u2013 2029, dise\u00f1ado en cinco etapas que culminaron en la presentaci\u00f3n y aprobaci\u00f3n del nuevo Plan Estrat\u00e9gico Institucional por el Consejo Superior Universitario.<\/p><p>En la primera etapa, se aprob\u00f3 el marco metodol\u00f3gico por ambos cuerpos colegiados y se conform\u00f3 el Comit\u00e9 Asesor de Planificaci\u00f3n Estrat\u00e9gica, integrado por acad\u00e9micos y acad\u00e9micas representantes de cada \u00e1rea del conocimiento, m\u00e1s un integrante del Directorio.<\/p><p>De forma paralela se ejecut\u00f3 la segunda etapa, correspondiente al diagn\u00f3stico estrat\u00e9gico. \u00c9sta incluy\u00f3 una exhaustiva revisi\u00f3n documental y un an\u00e1lisis de datos internos y externos, cuyos resultados est\u00e1n disponibles en el sitio web: analisis.dtic.myscriptcase.com.cl.<\/p><p>Durante la tercera etapa, denominada \u201cMarco y prop\u00f3sitos estrat\u00e9gicos\u201d, se realizaron jornadas de trabajo con autoridades universitarias, incluyendo integrantes del Consejo Acad\u00e9mico y miembros titulares del Directorio. De este proceso surgi\u00f3 una primera propuesta de marco y prop\u00f3sitos estrat\u00e9gicos, que fue consultada en la cuarta etapa mediante una encuesta a la comunidad universitaria, alcanzando la mayor participaci\u00f3n registrada en estos procesos, m\u00e1s de 2.000 personas, y cuyos resultados est\u00e1n disponibles en el sitio\u00a0<a href=\"https:\/\/analisis.dtic.myscriptcase.com.cl\/\">web<\/a>.<\/p><p>Posteriormente, se conformaron equipos por prop\u00f3sito compuestos por integrantes del personal acad\u00e9mico y de administraci\u00f3n y de servicios de nuestra Comunidad, quienes se encargaron de elaborar una propuesta de objetivos estrat\u00e9gicos. Este trabajo fue presentado y discutido en un plenario de los equipos a finales de enero del presente a\u00f1o.<\/p><p>Finalmente se desarroll\u00f3 la quinta y \u00faltima etapa del proceso. Para ello se consolid\u00f3 y afin\u00f3 la propuesta junto al comit\u00e9 asesor, iniciando a fines de abril la discusi\u00f3n de \u00e9sta en ambos cuerpos colegiados, con miras a su presentaci\u00f3n y aprobaci\u00f3n final en Consejo Superior Universitario, lo que se ha logrado la presente semana.<\/p><p><img loading=\"lazy\" decoding=\"async\" class=\"alignnone size-full wp-image-204440\" src=\"https:\/\/diario.uach.cl\/wp-content\/uploads\/2025\/06\/equipo.jpeg\" sizes=\"auto, (max-width: 1280px) 100vw, 1280px\" srcset=\"https:\/\/diario.uach.cl\/wp-content\/uploads\/2025\/06\/equipo.jpeg 1280w, https:\/\/diario.uach.cl\/wp-content\/uploads\/2025\/06\/equipo-300x225.jpeg 300w, https:\/\/diario.uach.cl\/wp-content\/uploads\/2025\/06\/equipo-1024x768.jpeg 1024w, https:\/\/diario.uach.cl\/wp-content\/uploads\/2025\/06\/equipo-768x576.jpeg 768w, https:\/\/diario.uach.cl\/wp-content\/uploads\/2025\/06\/equipo-1170x878.jpeg 1170w, https:\/\/diario.uach.cl\/wp-content\/uploads\/2025\/06\/equipo-585x439.jpeg 585w\" alt=\"\" width=\"1280\" height=\"960\" \/><\/p><p>Fuente: <a href=\"https:\/\/diario.uach.cl\/consejo-superior-universitario-uach-aprobo-plan-estrategico-institucional-2025-2029\/\">Consejo Superior Universitario UACh aprob\u00f3 Plan Estrat\u00e9gico Institucional 2025\u20132029 \u2013 Noticias UACh<\/a><\/p>\t\t\t\t\t\t<\/div>\n\t\t\t\t<\/div>\n\t\t\t\t\t<\/div>\n\t\t<\/div>\n\t\t\t\t<div class=\"elementor-column elementor-col-33 elementor-top-column elementor-element elementor-element-60b51a3\" data-id=\"60b51a3\" data-element_type=\"column\">\n\t\t\t<div class=\"elementor-widget-wrap elementor-element-populated\">\n\t\t\t\t\t\t\t\t<div class=\"elementor-element elementor-element-edc8a4b elementor-widget elementor-widget-heading\" data-id=\"edc8a4b\" data-element_type=\"widget\" data-widget_type=\"heading.default\">\n\t\t\t\t<div class=\"elementor-widget-container\">\n\t\t\t<h2 class=\"elementor-heading-title elementor-size-default\">Noticias<\/h2>\t\t<\/div>\n\t\t\t\t<\/div>\n\t\t\t\t<div class=\"elementor-element elementor-element-3658db7 elementor-grid-1 elementor-posts--thumbnail-none elementor-grid-tablet-2 elementor-grid-mobile-1 elementor-widget elementor-widget-posts\" data-id=\"3658db7\" data-element_type=\"widget\" data-settings=\"{&quot;classic_columns&quot;:&quot;1&quot;,&quot;classic_columns_tablet&quot;:&quot;2&quot;,&quot;classic_columns_mobile&quot;:&quot;1&quot;,&quot;classic_row_gap&quot;:{&quot;unit&quot;:&quot;px&quot;,&quot;size&quot;:35,&quot;sizes&quot;:[]},&quot;classic_row_gap_tablet&quot;:{&quot;unit&quot;:&quot;px&quot;,&quot;size&quot;:&quot;&quot;,&quot;sizes&quot;:[]},&quot;classic_row_gap_mobile&quot;:{&quot;unit&quot;:&quot;px&quot;,&quot;size&quot;:&quot;&quot;,&quot;sizes&quot;:[]}}\" data-widget_type=\"posts.classic\">\n\t\t\t\t<div class=\"elementor-widget-container\">\n\t\t\t<link rel=\"stylesheet\" href=\"https:\/\/analisis.dtic.myscriptcase.com\/wp-content\/plugins\/elementor-pro\/assets\/css\/widget-posts.min.css\">\t\t<div class=\"elementor-posts-container elementor-posts elementor-posts--skin-classic elementor-grid\">\n\t\t\t\t<article class=\"elementor-post elementor-grid-item post-7548 page type-page status-publish hentry\">\n\t\t\t\t<div class=\"elementor-post__text\">\n\t\t\t\t<h3 class=\"elementor-post__title\">\n\t\t\t<a href=\"https:\/\/analisis.dtic.myscriptcase.com\/?page_id=7548\" >\n\t\t\t\tUACh inicia operacionalizaci\u00f3n\u00a0del Plan Estrat\u00e9gico Institucional 2025\u20132029\t\t\t<\/a>\n\t\t<\/h3>\n\t\t\t\t<div class=\"elementor-post__meta-data\">\n\t\t\t\t\t<span class=\"elementor-post-date\">\n\t\t\t26 de junio de 2025\t\t<\/span>\n\t\t\t\t<\/div>\n\t\t\t\t<\/div>\n\t\t\t\t<\/article>\n\t\t\t\t<article class=\"elementor-post elementor-grid-item post-7462 page type-page status-publish hentry\">\n\t\t\t\t<div class=\"elementor-post__text\">\n\t\t\t\t<h3 class=\"elementor-post__title\">\n\t\t\t<a href=\"https:\/\/analisis.dtic.myscriptcase.com\/?page_id=7462\" >\n\t\t\t\tEn cuerpos colegiados: se inicia proceso de discusi\u00f3n del Plan Estrat\u00e9gico Institucional 2025\u20132029\t\t\t<\/a>\n\t\t<\/h3>\n\t\t\t\t<div class=\"elementor-post__meta-data\">\n\t\t\t\t\t<span class=\"elementor-post-date\">\n\t\t\t28 de abril de 2025\t\t<\/span>\n\t\t\t\t<\/div>\n\t\t\t\t<\/div>\n\t\t\t\t<\/article>\n\t\t\t\t<article class=\"elementor-post elementor-grid-item post-7438 page type-page status-publish hentry\">\n\t\t\t\t<div class=\"elementor-post__text\">\n\t\t\t\t<h3 class=\"elementor-post__title\">\n\t\t\t<a href=\"https:\/\/analisis.dtic.myscriptcase.com\/?page_id=7438\" >\n\t\t\t\tJos\u00e9 Joaqu\u00edn Brunner particip\u00f3 en jornada de aseguramiento interno de la calidad\t\t\t<\/a>\n\t\t<\/h3>\n\t\t\t\t<div class=\"elementor-post__meta-data\">\n\t\t\t\t\t<span class=\"elementor-post-date\">\n\t\t\t17 de marzo de 2025\t\t<\/span>\n\t\t\t\t<\/div>\n\t\t\t\t<\/div>\n\t\t\t\t<\/article>\n\t\t\t\t<article class=\"elementor-post elementor-grid-item post-7398 page type-page status-publish hentry\">\n\t\t\t\t<div class=\"elementor-post__text\">\n\t\t\t\t<h3 class=\"elementor-post__title\">\n\t\t\t<a href=\"https:\/\/analisis.dtic.myscriptcase.com\/?page_id=7398\" >\n\t\t\t\tUACh comenz\u00f3 \u00faltima etapa del proceso de Planificaci\u00f3n Estrat\u00e9gica Institucional 2025\u20132029\t\t\t<\/a>\n\t\t<\/h3>\n\t\t\t\t<div class=\"elementor-post__meta-data\">\n\t\t\t\t\t<span class=\"elementor-post-date\">\n\t\t\t11 de marzo de 2025\t\t<\/span>\n\t\t\t\t<\/div>\n\t\t\t\t<\/div>\n\t\t\t\t<\/article>\n\t\t\t\t<article class=\"elementor-post elementor-grid-item post-7343 page type-page status-publish hentry\">\n\t\t\t\t<div class=\"elementor-post__text\">\n\t\t\t\t<h3 class=\"elementor-post__title\">\n\t\t\t<a href=\"https:\/\/analisis.dtic.myscriptcase.com\/?page_id=7343\" >\n\t\t\t\tNuevo Plan Estrat\u00e9gico UACh: comenz\u00f3 trabajo con equipos por prop\u00f3sitos \u2013 Noticias UACh\t\t\t<\/a>\n\t\t<\/h3>\n\t\t\t\t<div class=\"elementor-post__meta-data\">\n\t\t\t\t\t<span class=\"elementor-post-date\">\n\t\t\t5 de marzo de 2025\t\t<\/span>\n\t\t\t\t<\/div>\n\t\t\t\t<\/div>\n\t\t\t\t<\/article>\n\t\t\t\t<article class=\"elementor-post elementor-grid-item post-7231 page type-page status-publish hentry\">\n\t\t\t\t<div class=\"elementor-post__text\">\n\t\t\t\t<h3 class=\"elementor-post__title\">\n\t\t\t<a href=\"https:\/\/analisis.dtic.myscriptcase.com\/?page_id=7231\" >\n\t\t\t\tRealizan proceso de socializaci\u00f3n en el marco de elaboraci\u00f3n de nuevo Plan Estrat\u00e9gico UACh\t\t\t<\/a>\n\t\t<\/h3>\n\t\t\t\t<div class=\"elementor-post__meta-data\">\n\t\t\t\t\t<span class=\"elementor-post-date\">\n\t\t\t4 de diciembre de 2024\t\t<\/span>\n\t\t\t\t<\/div>\n\t\t\t\t<\/div>\n\t\t\t\t<\/article>\n\t\t\t\t<\/div>\n\n\n\t\t\n\t\t\t\t<\/div>\n\t\t\t\t<\/div>\n\t\t\t\t\t<\/div>\n\t\t<\/div>\n\t\t\t\t\t\t\t<\/div>\n\t\t<\/section>\n\t\t\t\t\t\t\t<\/div>\n\t\t","protected":false},"excerpt":{"rendered":"<p>Consejo Superior Universitario UACh aprob\u00f3 Plan Estrat\u00e9gico Institucional 2025\u20132029 Este Plan Estrat\u00e9gico Institucional es el resultado de una construcci\u00f3n colectiva que recoge nuestras convicciones, desaf\u00edos<\/p>\n","protected":false},"author":5,"featured_media":0,"parent":0,"menu_order":0,"comment_status":"closed","ping_status":"closed","template":"","meta":{"om_disable_all_campaigns":false,"_monsterinsights_skip_tracking":false,"_monsterinsights_sitenote_active":false,"_monsterinsights_sitenote_note":"","_monsterinsights_sitenote_category":0,"_uf_show_specific_survey":0,"_uf_disable_surveys":false,"footnotes":""},"class_list":["post-7532","page","type-page","status-publish","hentry"],"aioseo_notices":[],"_links":{"self":[{"href":"https:\/\/analisis.dtic.myscriptcase.com\/index.php?rest_route=\/wp\/v2\/pages\/7532","targetHints":{"allow":["GET"]}}],"collection":[{"href":"https:\/\/analisis.dtic.myscriptcase.com\/index.php?rest_route=\/wp\/v2\/pages"}],"about":[{"href":"https:\/\/analisis.dtic.myscriptcase.com\/index.php?rest_route=\/wp\/v2\/types\/page"}],"author":[{"embeddable":true,"href":"https:\/\/analisis.dtic.myscriptcase.com\/index.php?rest_route=\/wp\/v2\/users\/5"}],"replies":[{"embeddable":true,"href":"https:\/\/analisis.dtic.myscriptcase.com\/index.php?rest_route=%2Fwp%2Fv2%2Fcomments&post=7532"}],"version-history":[{"count":16,"href":"https:\/\/analisis.dtic.myscriptcase.com\/index.php?rest_route=\/wp\/v2\/pages\/7532\/revisions"}],"predecessor-version":[{"id":7566,"href":"https:\/\/analisis.dtic.myscriptcase.com\/index.php?rest_route=\/wp\/v2\/pages\/7532\/revisions\/7566"}],"wp:attachment":[{"href":"https:\/\/analisis.dtic.myscriptcase.com\/index.php?rest_route=%2Fwp%2Fv2%2Fmedia&parent=7532"}],"curies":[{"name":"wp","href":"https:\/\/api.w.org\/{rel}","templated":true}]}}