{"id":7548,"date":"2025-06-26T12:47:26","date_gmt":"2025-06-26T12:47:26","guid":{"rendered":"https:\/\/analisis.dtic.myscriptcase.com.cl\/?page_id=7548"},"modified":"2025-07-30T12:53:03","modified_gmt":"2025-07-30T12:53:03","slug":"uach-inicia-operacionalizacion-del-plan-estrategico-institucional-2025-2029","status":"publish","type":"page","link":"https:\/\/analisis.dtic.myscriptcase.com\/?page_id=7548","title":{"rendered":"UACh inicia operacionalizaci\u00f3n\u00a0del Plan Estrat\u00e9gico Institucional 2025\u20132029"},"content":{"rendered":"\t\t<div data-elementor-type=\"wp-page\" data-elementor-id=\"7548\" class=\"elementor elementor-7548\">\n\t\t\t\t\t\t\t\t\t<section class=\"elementor-section elementor-top-section elementor-element elementor-element-a53c9b2 elementor-section-boxed elementor-section-height-default elementor-section-height-default\" data-id=\"a53c9b2\" data-element_type=\"section\">\n\t\t\t\t\t\t<div class=\"elementor-container elementor-column-gap-default\">\n\t\t\t\t\t<div class=\"elementor-column elementor-col-66 elementor-top-column elementor-element elementor-element-2c5ad88\" data-id=\"2c5ad88\" data-element_type=\"column\">\n\t\t\t<div class=\"elementor-widget-wrap elementor-element-populated\">\n\t\t\t\t\t\t\t\t<div class=\"elementor-element elementor-element-0ccfd70 elementor-widget elementor-widget-spacer\" data-id=\"0ccfd70\" data-element_type=\"widget\" data-widget_type=\"spacer.default\">\n\t\t\t\t<div class=\"elementor-widget-container\">\n\t\t\t<style>\/*! elementor - v3.6.7 - 03-07-2022 *\/\n.e-container.e-container--row .elementor-spacer-inner{width:var(--spacer-size)}.e-container.e-container--column .elementor-spacer-inner,.elementor-column .elementor-spacer-inner{height:var(--spacer-size)}<\/style>\t\t<div class=\"elementor-spacer\">\n\t\t\t<div class=\"elementor-spacer-inner\"><\/div>\n\t\t<\/div>\n\t\t\t\t<\/div>\n\t\t\t\t<\/div>\n\t\t\t\t<div class=\"elementor-element elementor-element-1365026 elementor-widget elementor-widget-heading\" data-id=\"1365026\" data-element_type=\"widget\" data-widget_type=\"heading.default\">\n\t\t\t\t<div class=\"elementor-widget-container\">\n\t\t\t<style>\/*! elementor - v3.6.7 - 03-07-2022 *\/\n.elementor-heading-title{padding:0;margin:0;line-height:1}.elementor-widget-heading .elementor-heading-title[class*=elementor-size-]>a{color:inherit;font-size:inherit;line-height:inherit}.elementor-widget-heading .elementor-heading-title.elementor-size-small{font-size:15px}.elementor-widget-heading .elementor-heading-title.elementor-size-medium{font-size:19px}.elementor-widget-heading .elementor-heading-title.elementor-size-large{font-size:29px}.elementor-widget-heading .elementor-heading-title.elementor-size-xl{font-size:39px}.elementor-widget-heading .elementor-heading-title.elementor-size-xxl{font-size:59px}<\/style><h2 class=\"elementor-heading-title elementor-size-default\">UACh inicia operacionalizaci\u00f3n del Plan Estrat\u00e9gico Institucional 2025\u20132029<\/h2>\t\t<\/div>\n\t\t\t\t<\/div>\n\t\t\t\t<div class=\"elementor-element elementor-element-1f15980 elementor-widget elementor-widget-image\" data-id=\"1f15980\" data-element_type=\"widget\" data-widget_type=\"image.default\">\n\t\t\t\t<div class=\"elementor-widget-container\">\n\t\t\t<style>\/*! elementor - v3.6.7 - 03-07-2022 *\/\n.elementor-widget-image{text-align:center}.elementor-widget-image a{display:inline-block}.elementor-widget-image a img[src$=\".svg\"]{width:48px}.elementor-widget-image img{vertical-align:middle;display:inline-block}<\/style>\t\t\t\t\t\t\t\t\t<figure class=\"wp-caption\">\n\t\t\t\t\t\t\t\t\t\t<img loading=\"lazy\" decoding=\"async\" width=\"800\" height=\"600\" src=\"https:\/\/analisis.dtic.myscriptcase.com\/wp-content\/uploads\/2025\/07\/WhatsApp-Image-2025-06-27-at-11.30.05-1-scaled-1-1024x768.jpeg\" class=\"attachment-large size-large\" alt=\"\" srcset=\"https:\/\/analisis.dtic.myscriptcase.com\/wp-content\/uploads\/2025\/07\/WhatsApp-Image-2025-06-27-at-11.30.05-1-scaled-1-1024x768.jpeg 1024w, https:\/\/analisis.dtic.myscriptcase.com\/wp-content\/uploads\/2025\/07\/WhatsApp-Image-2025-06-27-at-11.30.05-1-scaled-1-300x225.jpeg 300w, https:\/\/analisis.dtic.myscriptcase.com\/wp-content\/uploads\/2025\/07\/WhatsApp-Image-2025-06-27-at-11.30.05-1-scaled-1-768x576.jpeg 768w, https:\/\/analisis.dtic.myscriptcase.com\/wp-content\/uploads\/2025\/07\/WhatsApp-Image-2025-06-27-at-11.30.05-1-scaled-1-1536x1152.jpeg 1536w, https:\/\/analisis.dtic.myscriptcase.com\/wp-content\/uploads\/2025\/07\/WhatsApp-Image-2025-06-27-at-11.30.05-1-scaled-1-2048x1536.jpeg 2048w\" sizes=\"auto, (max-width: 800px) 100vw, 800px\" \/>\t\t\t\t\t\t\t\t\t\t\t<figcaption class=\"widget-image-caption wp-caption-text\">La instancia se realiz\u00f3 este jueves 26 de junio en la Sala Jorge B\u00e1rcena de la Facultad de Filosof\u00eda y Humanidades y contempl\u00f3 un formato hibrido, con el fin de que las personas fuera de Valdivia pudieran participar de la sesi\u00f3n.<\/figcaption>\n\t\t\t\t\t\t\t\t\t\t<\/figure>\n\t\t\t\t\t\t\t\t\t<\/div>\n\t\t\t\t<\/div>\n\t\t\t\t<div class=\"elementor-element elementor-element-0af1660 elementor-widget elementor-widget-text-editor\" data-id=\"0af1660\" data-element_type=\"widget\" data-widget_type=\"text-editor.default\">\n\t\t\t\t<div class=\"elementor-widget-container\">\n\t\t\t<style>\/*! elementor - v3.6.7 - 03-07-2022 *\/\n.elementor-widget-text-editor.elementor-drop-cap-view-stacked .elementor-drop-cap{background-color:#818a91;color:#fff}.elementor-widget-text-editor.elementor-drop-cap-view-framed .elementor-drop-cap{color:#818a91;border:3px solid;background-color:transparent}.elementor-widget-text-editor:not(.elementor-drop-cap-view-default) .elementor-drop-cap{margin-top:8px}.elementor-widget-text-editor:not(.elementor-drop-cap-view-default) .elementor-drop-cap-letter{width:1em;height:1em}.elementor-widget-text-editor .elementor-drop-cap{float:left;text-align:center;line-height:1;font-size:50px}.elementor-widget-text-editor .elementor-drop-cap-letter{display:inline-block}<\/style>\t\t\t\t<p>\u201cOperacionalizaci\u00f3n de la estrategia: equipos de trabajo por objetivo estrat\u00e9gico\u201d, fue el t\u00edtulo de la jornada efectuada desde la Prorrector\u00eda y la Direcci\u00f3n de Desarrollo Estrat\u00e9gico de la Universidad Austral de Chile, como parte de la materializaci\u00f3n del Plan Estrat\u00e9gico Institucional periodo 2025\u2013 2029 de esta casa de estudios.<\/p><p>La instancia se realiz\u00f3 este jueves 26 de junio en la Sala Jorge B\u00e1rcena de la Facultad de Filosof\u00eda y Humanidades y contempl\u00f3 un formato hibrido, con el fin de que las personas fuera de Valdivia pudieran participar de la sesi\u00f3n.<\/p><p>La Jornada fue encabezada por el Prorrector de la UACh, Dr. Gustavo Blanco y el Director de Desarrollo Estrat\u00e9gico, Dr. John Dodds. Estuvieron presentes la Vicerrectora Acad\u00e9mica, Dra. Alejandra Z\u00fa\u00f1iga; el Vicerrector de Investigaci\u00f3n, Desarrollo y Creaci\u00f3n Art\u00edstica, Dr. Luis Miguel Pardo; el Contralor Ricardo Mart\u00ednez; el Secretario General; Dr. Eduardo Crist\u00f3bal Marchant y directores de macrounidades, acad\u00e9micos, acad\u00e9micas y profesionales.<\/p><p><img loading=\"lazy\" decoding=\"async\" class=\"wp-image-205603 alignleft\" src=\"https:\/\/diario.uach.cl\/wp-content\/uploads\/2025\/06\/WhatsApp-Image-2025-06-27-at-11.30.04-300x226.jpeg\" sizes=\"auto, (max-width: 400px) 100vw, 400px\" srcset=\"https:\/\/diario.uach.cl\/wp-content\/uploads\/2025\/06\/WhatsApp-Image-2025-06-27-at-11.30.04-300x226.jpeg 300w, https:\/\/diario.uach.cl\/wp-content\/uploads\/2025\/06\/WhatsApp-Image-2025-06-27-at-11.30.04-1024x771.jpeg 1024w, https:\/\/diario.uach.cl\/wp-content\/uploads\/2025\/06\/WhatsApp-Image-2025-06-27-at-11.30.04-768x578.jpeg 768w, https:\/\/diario.uach.cl\/wp-content\/uploads\/2025\/06\/WhatsApp-Image-2025-06-27-at-11.30.04-1536x1157.jpeg 1536w, https:\/\/diario.uach.cl\/wp-content\/uploads\/2025\/06\/WhatsApp-Image-2025-06-27-at-11.30.04-2048x1542.jpeg 2048w, https:\/\/diario.uach.cl\/wp-content\/uploads\/2025\/06\/WhatsApp-Image-2025-06-27-at-11.30.04-1170x881.jpeg 1170w, https:\/\/diario.uach.cl\/wp-content\/uploads\/2025\/06\/WhatsApp-Image-2025-06-27-at-11.30.04-585x440.jpeg 585w\" alt=\"\" width=\"400\" height=\"301\" \/>En la ocasi\u00f3n, el Prorrector de la UACh, dio la bienvenida a los y las asistentes y agradeci\u00f3 el trabajo del equipo que ha liderado el desarrollo del Plan Estrat\u00e9gico, al Comit\u00e9 Asesor y a las personas que tambi\u00e9n participaron durante el proceso de elaboraci\u00f3n. \u201cSe trata de una reuni\u00f3n muy importante, porque se pone en coordinaci\u00f3n a todos los equipos que van a trabajar mancomunadamente para sacar adelante la fase operativa de este Plan Institucional\u201d, destac\u00f3 el Prorrector.<\/p><p>Por su parte, el Director de Desarrollo Estrat\u00e9gico, se\u00f1al\u00f3 que el objetivo de esta reuni\u00f3n fue convocar a especialistas del \u00e1mbito acad\u00e9mico y profesional que integrar\u00e1n los equipos de trabajo por prop\u00f3sito y objetivos estrat\u00e9gicos. Estos equipos tendr\u00e1n la misi\u00f3n de construir el cuadro de mando integral que orientar\u00e1 la ejecuci\u00f3n del Plan durante los pr\u00f3ximos cinco a\u00f1os. Todo esto con el desaf\u00edo de, en un plazo de 90 d\u00edas, traducir los objetivos estrat\u00e9gicos en acciones concretas, considerando tambi\u00e9n las proyecciones financieras de la Universidad. \u201cComo Direcci\u00f3n, vamos a guiar este proceso y participaremos activamente en cada una de las mesas de trabajo.\u00bb<\/p><p>Es importante recordar que el Consejo Superior Universitario (CSU) de la Universidad Austral de Chile, acord\u00f3 aprobar el Plan Estrat\u00e9gico Institucional periodo 2025\u2013 2029.<\/p><p>Toda la informaci\u00f3n del Plan Estrat\u00e9gico Institucional 2025 \u2013 2029, lo pueden encontrar en el sitio\u00a0<a href=\"https:\/\/analisis.dtic.myscriptcase.com.cl\/\">https:\/\/analisis.dtic.myscriptcase.com.cl\/<\/a><\/p><p><img loading=\"lazy\" decoding=\"async\" class=\"alignnone size-medium wp-image-205604\" src=\"https:\/\/diario.uach.cl\/wp-content\/uploads\/2025\/06\/WhatsApp-Image-2025-06-27-at-11.30.05-300x225.jpeg\" sizes=\"auto, (max-width: 300px) 100vw, 300px\" srcset=\"https:\/\/diario.uach.cl\/wp-content\/uploads\/2025\/06\/WhatsApp-Image-2025-06-27-at-11.30.05-300x225.jpeg 300w, https:\/\/diario.uach.cl\/wp-content\/uploads\/2025\/06\/WhatsApp-Image-2025-06-27-at-11.30.05-1024x768.jpeg 1024w, https:\/\/diario.uach.cl\/wp-content\/uploads\/2025\/06\/WhatsApp-Image-2025-06-27-at-11.30.05-768x576.jpeg 768w, https:\/\/diario.uach.cl\/wp-content\/uploads\/2025\/06\/WhatsApp-Image-2025-06-27-at-11.30.05-1536x1152.jpeg 1536w, https:\/\/diario.uach.cl\/wp-content\/uploads\/2025\/06\/WhatsApp-Image-2025-06-27-at-11.30.05-2048x1536.jpeg 2048w, https:\/\/diario.uach.cl\/wp-content\/uploads\/2025\/06\/WhatsApp-Image-2025-06-27-at-11.30.05-1170x878.jpeg 1170w, https:\/\/diario.uach.cl\/wp-content\/uploads\/2025\/06\/WhatsApp-Image-2025-06-27-at-11.30.05-585x439.jpeg 585w\" alt=\"\" width=\"300\" height=\"225\" \/><img loading=\"lazy\" decoding=\"async\" class=\"alignnone size-medium wp-image-205605\" src=\"https:\/\/diario.uach.cl\/wp-content\/uploads\/2025\/06\/WhatsApp-Image-2025-06-27-at-11.30.04-1-300x226.jpeg\" sizes=\"auto, (max-width: 300px) 100vw, 300px\" srcset=\"https:\/\/diario.uach.cl\/wp-content\/uploads\/2025\/06\/WhatsApp-Image-2025-06-27-at-11.30.04-1-300x226.jpeg 300w, https:\/\/diario.uach.cl\/wp-content\/uploads\/2025\/06\/WhatsApp-Image-2025-06-27-at-11.30.04-1-1024x771.jpeg 1024w, https:\/\/diario.uach.cl\/wp-content\/uploads\/2025\/06\/WhatsApp-Image-2025-06-27-at-11.30.04-1-768x578.jpeg 768w, https:\/\/diario.uach.cl\/wp-content\/uploads\/2025\/06\/WhatsApp-Image-2025-06-27-at-11.30.04-1-1536x1157.jpeg 1536w, https:\/\/diario.uach.cl\/wp-content\/uploads\/2025\/06\/WhatsApp-Image-2025-06-27-at-11.30.04-1-2048x1542.jpeg 2048w, https:\/\/diario.uach.cl\/wp-content\/uploads\/2025\/06\/WhatsApp-Image-2025-06-27-at-11.30.04-1-1170x881.jpeg 1170w, https:\/\/diario.uach.cl\/wp-content\/uploads\/2025\/06\/WhatsApp-Image-2025-06-27-at-11.30.04-1-585x440.jpeg 585w\" alt=\"\" width=\"300\" height=\"226\" \/><\/p><p>Fuente: <a href=\"https:\/\/diario.uach.cl\/uach-inicia-operacionalizacion-del-plan-estrategico-institucional-2025-2029\/\">UACh inicia operacionalizaci\u00f3n\u00a0del Plan Estrat\u00e9gico Institucional 2025\u20132029 \u2013 Noticias UACh<\/a><\/p>\t\t\t\t\t\t<\/div>\n\t\t\t\t<\/div>\n\t\t\t\t\t<\/div>\n\t\t<\/div>\n\t\t\t\t<div class=\"elementor-column elementor-col-33 elementor-top-column elementor-element elementor-element-e8341ff\" data-id=\"e8341ff\" data-element_type=\"column\">\n\t\t\t<div class=\"elementor-widget-wrap elementor-element-populated\">\n\t\t\t\t\t\t\t\t<div class=\"elementor-element elementor-element-2682b18 elementor-widget elementor-widget-heading\" data-id=\"2682b18\" data-element_type=\"widget\" data-widget_type=\"heading.default\">\n\t\t\t\t<div class=\"elementor-widget-container\">\n\t\t\t<h2 class=\"elementor-heading-title elementor-size-default\">Noticias<\/h2>\t\t<\/div>\n\t\t\t\t<\/div>\n\t\t\t\t<div class=\"elementor-element elementor-element-6b47054 elementor-grid-1 elementor-posts--thumbnail-none elementor-grid-tablet-2 elementor-grid-mobile-1 elementor-widget elementor-widget-posts\" data-id=\"6b47054\" data-element_type=\"widget\" data-settings=\"{&quot;classic_columns&quot;:&quot;1&quot;,&quot;classic_columns_tablet&quot;:&quot;2&quot;,&quot;classic_columns_mobile&quot;:&quot;1&quot;,&quot;classic_row_gap&quot;:{&quot;unit&quot;:&quot;px&quot;,&quot;size&quot;:35,&quot;sizes&quot;:[]},&quot;classic_row_gap_tablet&quot;:{&quot;unit&quot;:&quot;px&quot;,&quot;size&quot;:&quot;&quot;,&quot;sizes&quot;:[]},&quot;classic_row_gap_mobile&quot;:{&quot;unit&quot;:&quot;px&quot;,&quot;size&quot;:&quot;&quot;,&quot;sizes&quot;:[]}}\" data-widget_type=\"posts.classic\">\n\t\t\t\t<div class=\"elementor-widget-container\">\n\t\t\t<link rel=\"stylesheet\" href=\"https:\/\/analisis.dtic.myscriptcase.com\/wp-content\/plugins\/elementor-pro\/assets\/css\/widget-posts.min.css\">\t\t<div class=\"elementor-posts-container elementor-posts elementor-posts--skin-classic elementor-grid\">\n\t\t\t\t<article class=\"elementor-post elementor-grid-item post-7532 page type-page status-publish hentry\">\n\t\t\t\t<div class=\"elementor-post__text\">\n\t\t\t\t<h3 class=\"elementor-post__title\">\n\t\t\t<a href=\"https:\/\/analisis.dtic.myscriptcase.com\/?page_id=7532\" >\n\t\t\t\tConsejo Superior Universitario UACh aprob\u00f3 Plan Estrat\u00e9gico Institucional 2025\u20132029\t\t\t<\/a>\n\t\t<\/h3>\n\t\t\t\t<div class=\"elementor-post__meta-data\">\n\t\t\t\t\t<span class=\"elementor-post-date\">\n\t\t\t6 de junio de 2025\t\t<\/span>\n\t\t\t\t<\/div>\n\t\t\t\t<\/div>\n\t\t\t\t<\/article>\n\t\t\t\t<article class=\"elementor-post elementor-grid-item post-7462 page type-page status-publish hentry\">\n\t\t\t\t<div class=\"elementor-post__text\">\n\t\t\t\t<h3 class=\"elementor-post__title\">\n\t\t\t<a href=\"https:\/\/analisis.dtic.myscriptcase.com\/?page_id=7462\" >\n\t\t\t\tEn cuerpos colegiados: se inicia proceso de discusi\u00f3n del Plan Estrat\u00e9gico Institucional 2025\u20132029\t\t\t<\/a>\n\t\t<\/h3>\n\t\t\t\t<div class=\"elementor-post__meta-data\">\n\t\t\t\t\t<span class=\"elementor-post-date\">\n\t\t\t28 de abril de 2025\t\t<\/span>\n\t\t\t\t<\/div>\n\t\t\t\t<\/div>\n\t\t\t\t<\/article>\n\t\t\t\t<article class=\"elementor-post elementor-grid-item post-7438 page type-page status-publish hentry\">\n\t\t\t\t<div class=\"elementor-post__text\">\n\t\t\t\t<h3 class=\"elementor-post__title\">\n\t\t\t<a href=\"https:\/\/analisis.dtic.myscriptcase.com\/?page_id=7438\" >\n\t\t\t\tJos\u00e9 Joaqu\u00edn Brunner particip\u00f3 en jornada de aseguramiento interno de la calidad\t\t\t<\/a>\n\t\t<\/h3>\n\t\t\t\t<div class=\"elementor-post__meta-data\">\n\t\t\t\t\t<span class=\"elementor-post-date\">\n\t\t\t17 de marzo de 2025\t\t<\/span>\n\t\t\t\t<\/div>\n\t\t\t\t<\/div>\n\t\t\t\t<\/article>\n\t\t\t\t<article class=\"elementor-post elementor-grid-item post-7398 page type-page status-publish hentry\">\n\t\t\t\t<div class=\"elementor-post__text\">\n\t\t\t\t<h3 class=\"elementor-post__title\">\n\t\t\t<a href=\"https:\/\/analisis.dtic.myscriptcase.com\/?page_id=7398\" >\n\t\t\t\tUACh comenz\u00f3 \u00faltima etapa del proceso de Planificaci\u00f3n Estrat\u00e9gica Institucional 2025\u20132029\t\t\t<\/a>\n\t\t<\/h3>\n\t\t\t\t<div class=\"elementor-post__meta-data\">\n\t\t\t\t\t<span class=\"elementor-post-date\">\n\t\t\t11 de marzo de 2025\t\t<\/span>\n\t\t\t\t<\/div>\n\t\t\t\t<\/div>\n\t\t\t\t<\/article>\n\t\t\t\t<article class=\"elementor-post elementor-grid-item post-7343 page type-page status-publish hentry\">\n\t\t\t\t<div class=\"elementor-post__text\">\n\t\t\t\t<h3 class=\"elementor-post__title\">\n\t\t\t<a href=\"https:\/\/analisis.dtic.myscriptcase.com\/?page_id=7343\" >\n\t\t\t\tNuevo Plan Estrat\u00e9gico UACh: comenz\u00f3 trabajo con equipos por prop\u00f3sitos \u2013 Noticias UACh\t\t\t<\/a>\n\t\t<\/h3>\n\t\t\t\t<div class=\"elementor-post__meta-data\">\n\t\t\t\t\t<span class=\"elementor-post-date\">\n\t\t\t5 de marzo de 2025\t\t<\/span>\n\t\t\t\t<\/div>\n\t\t\t\t<\/div>\n\t\t\t\t<\/article>\n\t\t\t\t<article class=\"elementor-post elementor-grid-item post-7231 page type-page status-publish hentry\">\n\t\t\t\t<div class=\"elementor-post__text\">\n\t\t\t\t<h3 class=\"elementor-post__title\">\n\t\t\t<a href=\"https:\/\/analisis.dtic.myscriptcase.com\/?page_id=7231\" >\n\t\t\t\tRealizan proceso de socializaci\u00f3n en el marco de elaboraci\u00f3n de nuevo Plan Estrat\u00e9gico UACh\t\t\t<\/a>\n\t\t<\/h3>\n\t\t\t\t<div class=\"elementor-post__meta-data\">\n\t\t\t\t\t<span class=\"elementor-post-date\">\n\t\t\t4 de diciembre de 2024\t\t<\/span>\n\t\t\t\t<\/div>\n\t\t\t\t<\/div>\n\t\t\t\t<\/article>\n\t\t\t\t<\/div>\n\n\n\t\t\n\t\t\t\t<\/div>\n\t\t\t\t<\/div>\n\t\t\t\t\t<\/div>\n\t\t<\/div>\n\t\t\t\t\t\t\t<\/div>\n\t\t<\/section>\n\t\t\t\t\t\t\t<\/div>\n\t\t","protected":false},"excerpt":{"rendered":"<p>UACh inicia operacionalizaci\u00f3n del Plan Estrat\u00e9gico Institucional 2025\u20132029 La instancia se realiz\u00f3 este jueves 26 de junio en la Sala Jorge B\u00e1rcena de la Facultad<\/p>\n","protected":false},"author":5,"featured_media":0,"parent":0,"menu_order":0,"comment_status":"closed","ping_status":"closed","template":"","meta":{"om_disable_all_campaigns":false,"_monsterinsights_skip_tracking":false,"_monsterinsights_sitenote_active":false,"_monsterinsights_sitenote_note":"","_monsterinsights_sitenote_category":0,"_uf_show_specific_survey":0,"_uf_disable_surveys":false,"footnotes":""},"class_list":["post-7548","page","type-page","status-publish","hentry"],"aioseo_notices":[],"_links":{"self":[{"href":"https:\/\/analisis.dtic.myscriptcase.com\/index.php?rest_route=\/wp\/v2\/pages\/7548","targetHints":{"allow":["GET"]}}],"collection":[{"href":"https:\/\/analisis.dtic.myscriptcase.com\/index.php?rest_route=\/wp\/v2\/pages"}],"about":[{"href":"https:\/\/analisis.dtic.myscriptcase.com\/index.php?rest_route=\/wp\/v2\/types\/page"}],"author":[{"embeddable":true,"href":"https:\/\/analisis.dtic.myscriptcase.com\/index.php?rest_route=\/wp\/v2\/users\/5"}],"replies":[{"embeddable":true,"href":"https:\/\/analisis.dtic.myscriptcase.com\/index.php?rest_route=%2Fwp%2Fv2%2Fcomments&post=7548"}],"version-history":[{"count":7,"href":"https:\/\/analisis.dtic.myscriptcase.com\/index.php?rest_route=\/wp\/v2\/pages\/7548\/revisions"}],"predecessor-version":[{"id":7560,"href":"https:\/\/analisis.dtic.myscriptcase.com\/index.php?rest_route=\/wp\/v2\/pages\/7548\/revisions\/7560"}],"wp:attachment":[{"href":"https:\/\/analisis.dtic.myscriptcase.com\/index.php?rest_route=%2Fwp%2Fv2%2Fmedia&parent=7548"}],"curies":[{"name":"wp","href":"https:\/\/api.w.org\/{rel}","templated":true}]}}